{"id":16896,"date":"2025-08-21T11:55:32","date_gmt":"2025-08-21T11:55:32","guid":{"rendered":"https:\/\/junewax.com\/?post_type=product&#038;p=16896"},"modified":"2025-08-21T11:55:32","modified_gmt":"2025-08-21T11:55:32","slug":"kpal-pm-tpu-ppf-220-mikron","status":"publish","type":"product","link":"https:\/\/junewax.com\/?product=kpal-pm-tpu-ppf-220-mikron","title":{"rendered":"KPAL PM TPU PPF 220 M\u0130KRON"},"content":{"rendered":"<p>Serinin en kal\u0131n \u00fcr\u00fcn\u00fc olan\u00a0<strong data-start=\"1175\" data-end=\"1186\">KPAL PM<\/strong>,\u00a0<strong data-start=\"1188\" data-end=\"1202\">220 mikron<\/strong>\u00a0kal\u0131nl\u0131\u011f\u0131yla maksimum darbe emicilik ve \u00fcst\u00fcn koruma sunar.<br data-start=\"1262\" data-end=\"1265\" \/>Zorlu \u00e7evre ko\u015fullar\u0131, y\u00fcksek h\u0131zda kullan\u0131m veya off-road ara\u00e7lar i\u00e7in ekstra dayan\u0131kl\u0131l\u0131k isteyen kullan\u0131c\u0131lar i\u00e7in \u00f6zel olarak tasarlanm\u0131\u015ft\u0131r.<\/p>\n","protected":false},"excerpt":{"rendered":"<p>Serinin en kal\u0131n \u00fcr\u00fcn\u00fc olan\u00a0KPAL PM,\u00a0220 mikron\u00a0kal\u0131nl\u0131\u011f\u0131yla maksimum darbe emicilik ve \u00fcst\u00fcn koruma sunar.Zorlu \u00e7evre ko\u015fullar\u0131, y\u00fcksek h\u0131zda kullan\u0131m veya<\/p>\n","protected":false},"featured_media":16897,"comment_status":"open","ping_status":"closed","template":"","meta":[],"product_brand":[537],"product_cat":[528,298],"product_tag":[],"class_list":{"0":"post-16896","1":"product","2":"type-product","3":"status-publish","4":"has-post-thumbnail","6":"product_brand-kpal-ppf","7":"product_cat-ppf-arac-koruma-filmi","8":"product_cat-seramik-ve-korumalar","10":"first","11":"instock","12":"shipping-taxable","13":"product-type-simple"},"jetpack_sharing_enabled":true,"_links":{"self":[{"href":"https:\/\/junewax.com\/index.php?rest_route=\/wp\/v2\/product\/16896","targetHints":{"allow":["GET"]}}],"collection":[{"href":"https:\/\/junewax.com\/index.php?rest_route=\/wp\/v2\/product"}],"about":[{"href":"https:\/\/junewax.com\/index.php?rest_route=\/wp\/v2\/types\/product"}],"replies":[{"embeddable":true,"href":"https:\/\/junewax.com\/index.php?rest_route=%2Fwp%2Fv2%2Fcomments&post=16896"}],"version-history":[{"count":1,"href":"https:\/\/junewax.com\/index.php?rest_route=\/wp\/v2\/product\/16896\/revisions"}],"predecessor-version":[{"id":16898,"href":"https:\/\/junewax.com\/index.php?rest_route=\/wp\/v2\/product\/16896\/revisions\/16898"}],"wp:featuredmedia":[{"embeddable":true,"href":"https:\/\/junewax.com\/index.php?rest_route=\/wp\/v2\/media\/16897"}],"wp:attachment":[{"href":"https:\/\/junewax.com\/index.php?rest_route=%2Fwp%2Fv2%2Fmedia&parent=16896"}],"wp:term":[{"taxonomy":"product_brand","embeddable":true,"href":"https:\/\/junewax.com\/index.php?rest_route=%2Fwp%2Fv2%2Fproduct_brand&post=16896"},{"taxonomy":"product_cat","embeddable":true,"href":"https:\/\/junewax.com\/index.php?rest_route=%2Fwp%2Fv2%2Fproduct_cat&post=16896"},{"taxonomy":"product_tag","embeddable":true,"href":"https:\/\/junewax.com\/index.php?rest_route=%2Fwp%2Fv2%2Fproduct_tag&post=16896"}],"curies":[{"name":"wp","href":"https:\/\/api.w.org\/{rel}","templated":true}]}}