{"id":16899,"date":"2025-08-21T11:56:38","date_gmt":"2025-08-21T11:56:38","guid":{"rendered":"https:\/\/junewax.com\/?post_type=product&#038;p=16899"},"modified":"2025-08-21T11:56:38","modified_gmt":"2025-08-21T11:56:38","slug":"kpal-pl-tpu-ppf-190-mikron","status":"publish","type":"product","link":"https:\/\/junewax.com\/?product=kpal-pl-tpu-ppf-190-mikron","title":{"rendered":"KPAL PL TPU PPF 190 M\u0130KRON"},"content":{"rendered":"<p><strong data-start=\"663\" data-end=\"687\">190 mikron kal\u0131nl\u0131\u011f\u0131<\/strong>, geli\u015fmi\u015f TPU yap\u0131s\u0131 ve 5 y\u0131l garantisi ile y\u00fcksek performans ve uzun \u00f6m\u00fcr sunar.<br data-start=\"769\" data-end=\"772\" \/>Denge arayan kullan\u0131c\u0131lar i\u00e7in ideal bir se\u00e7imdir: hem esneklik hem de dayan\u0131kl\u0131l\u0131k bak\u0131m\u0131ndan g\u00fc\u00e7l\u00fc bir profile sahiptir.<\/p>\n","protected":false},"excerpt":{"rendered":"<p>190 mikron kal\u0131nl\u0131\u011f\u0131, geli\u015fmi\u015f TPU yap\u0131s\u0131 ve 5 y\u0131l garantisi ile y\u00fcksek performans ve uzun \u00f6m\u00fcr sunar.Denge arayan kullan\u0131c\u0131lar i\u00e7in<\/p>\n","protected":false},"featured_media":16900,"comment_status":"open","ping_status":"closed","template":"","meta":[],"product_brand":[537],"product_cat":[528,298],"product_tag":[],"class_list":{"0":"post-16899","1":"product","2":"type-product","3":"status-publish","4":"has-post-thumbnail","6":"product_brand-kpal-ppf","7":"product_cat-ppf-arac-koruma-filmi","8":"product_cat-seramik-ve-korumalar","10":"first","11":"instock","12":"shipping-taxable","13":"product-type-simple"},"jetpack_sharing_enabled":true,"_links":{"self":[{"href":"https:\/\/junewax.com\/index.php?rest_route=\/wp\/v2\/product\/16899","targetHints":{"allow":["GET"]}}],"collection":[{"href":"https:\/\/junewax.com\/index.php?rest_route=\/wp\/v2\/product"}],"about":[{"href":"https:\/\/junewax.com\/index.php?rest_route=\/wp\/v2\/types\/product"}],"replies":[{"embeddable":true,"href":"https:\/\/junewax.com\/index.php?rest_route=%2Fwp%2Fv2%2Fcomments&post=16899"}],"version-history":[{"count":1,"href":"https:\/\/junewax.com\/index.php?rest_route=\/wp\/v2\/product\/16899\/revisions"}],"predecessor-version":[{"id":16901,"href":"https:\/\/junewax.com\/index.php?rest_route=\/wp\/v2\/product\/16899\/revisions\/16901"}],"wp:featuredmedia":[{"embeddable":true,"href":"https:\/\/junewax.com\/index.php?rest_route=\/wp\/v2\/media\/16900"}],"wp:attachment":[{"href":"https:\/\/junewax.com\/index.php?rest_route=%2Fwp%2Fv2%2Fmedia&parent=16899"}],"wp:term":[{"taxonomy":"product_brand","embeddable":true,"href":"https:\/\/junewax.com\/index.php?rest_route=%2Fwp%2Fv2%2Fproduct_brand&post=16899"},{"taxonomy":"product_cat","embeddable":true,"href":"https:\/\/junewax.com\/index.php?rest_route=%2Fwp%2Fv2%2Fproduct_cat&post=16899"},{"taxonomy":"product_tag","embeddable":true,"href":"https:\/\/junewax.com\/index.php?rest_route=%2Fwp%2Fv2%2Fproduct_tag&post=16899"}],"curies":[{"name":"wp","href":"https:\/\/api.w.org\/{rel}","templated":true}]}}