{"id":16923,"date":"2025-08-21T12:13:51","date_gmt":"2025-08-21T12:13:51","guid":{"rendered":"https:\/\/junewax.com\/?post_type=product&#038;p=16923"},"modified":"2025-08-25T10:47:31","modified_gmt":"2025-08-25T10:47:31","slug":"ppf-folyo-uygulama-eldiveni-1-cift-siyah-ve-beyaz","status":"publish","type":"product","link":"https:\/\/junewax.com\/?product=ppf-folyo-uygulama-eldiveni-1-cift-siyah-ve-beyaz","title":{"rendered":"PPF FOLYO UYGULAMA ELD\u0130VEN\u0130 1 \u00c7\u0130FT (S\u0130YAH VE BEYAZ)"},"content":{"rendered":"","protected":false},"excerpt":{"rendered":"","protected":false},"featured_media":16924,"comment_status":"open","ping_status":"closed","template":"","meta":[],"product_brand":[514],"product_cat":[515,521],"product_tag":[],"class_list":{"0":"post-16923","1":"product","2":"type-product","3":"status-publish","4":"has-post-thumbnail","6":"product_brand-junewax","7":"product_cat-dagitici-siseler-fircalar-aksesuarlar","8":"product_cat-ppf-ve-cam-filmi-ekipmanlari","10":"first","11":"instock","12":"shipping-taxable","13":"purchasable","14":"product-type-simple"},"jetpack_sharing_enabled":true,"_links":{"self":[{"href":"https:\/\/junewax.com\/index.php?rest_route=\/wp\/v2\/product\/16923","targetHints":{"allow":["GET"]}}],"collection":[{"href":"https:\/\/junewax.com\/index.php?rest_route=\/wp\/v2\/product"}],"about":[{"href":"https:\/\/junewax.com\/index.php?rest_route=\/wp\/v2\/types\/product"}],"replies":[{"embeddable":true,"href":"https:\/\/junewax.com\/index.php?rest_route=%2Fwp%2Fv2%2Fcomments&post=16923"}],"version-history":[{"count":1,"href":"https:\/\/junewax.com\/index.php?rest_route=\/wp\/v2\/product\/16923\/revisions"}],"predecessor-version":[{"id":16925,"href":"https:\/\/junewax.com\/index.php?rest_route=\/wp\/v2\/product\/16923\/revisions\/16925"}],"wp:featuredmedia":[{"embeddable":true,"href":"https:\/\/junewax.com\/index.php?rest_route=\/wp\/v2\/media\/16924"}],"wp:attachment":[{"href":"https:\/\/junewax.com\/index.php?rest_route=%2Fwp%2Fv2%2Fmedia&parent=16923"}],"wp:term":[{"taxonomy":"product_brand","embeddable":true,"href":"https:\/\/junewax.com\/index.php?rest_route=%2Fwp%2Fv2%2Fproduct_brand&post=16923"},{"taxonomy":"product_cat","embeddable":true,"href":"https:\/\/junewax.com\/index.php?rest_route=%2Fwp%2Fv2%2Fproduct_cat&post=16923"},{"taxonomy":"product_tag","embeddable":true,"href":"https:\/\/junewax.com\/index.php?rest_route=%2Fwp%2Fv2%2Fproduct_tag&post=16923"}],"curies":[{"name":"wp","href":"https:\/\/api.w.org\/{rel}","templated":true}]}}