{"id":16938,"date":"2025-08-21T12:21:46","date_gmt":"2025-08-21T12:21:46","guid":{"rendered":"https:\/\/junewax.com\/?post_type=product&#038;p=16938"},"modified":"2026-04-15T20:32:05","modified_gmt":"2026-04-15T20:32:05","slug":"siyah-teflon-cam-filmi-uygulama-aparati-ud","status":"publish","type":"product","link":"https:\/\/junewax.com\/?product=siyah-teflon-cam-filmi-uygulama-aparati-ud","title":{"rendered":"S\u0130YAH TEFLON CAM F\u0130LM\u0130 UYGULAMA APARATI UD"},"content":{"rendered":"","protected":false},"excerpt":{"rendered":"","protected":false},"featured_media":16939,"comment_status":"open","ping_status":"closed","template":"","meta":[],"product_brand":[514],"product_cat":[515,521],"product_tag":[],"class_list":{"0":"post-16938","1":"product","2":"type-product","3":"status-publish","4":"has-post-thumbnail","6":"product_brand-junewax","7":"product_cat-dagitici-siseler-fircalar-aksesuarlar","8":"product_cat-ppf-ve-cam-filmi-ekipmanlari","10":"first","11":"outofstock","12":"shipping-taxable","13":"purchasable","14":"product-type-simple"},"jetpack_sharing_enabled":true,"_links":{"self":[{"href":"https:\/\/junewax.com\/index.php?rest_route=\/wp\/v2\/product\/16938","targetHints":{"allow":["GET"]}}],"collection":[{"href":"https:\/\/junewax.com\/index.php?rest_route=\/wp\/v2\/product"}],"about":[{"href":"https:\/\/junewax.com\/index.php?rest_route=\/wp\/v2\/types\/product"}],"replies":[{"embeddable":true,"href":"https:\/\/junewax.com\/index.php?rest_route=%2Fwp%2Fv2%2Fcomments&post=16938"}],"version-history":[{"count":1,"href":"https:\/\/junewax.com\/index.php?rest_route=\/wp\/v2\/product\/16938\/revisions"}],"predecessor-version":[{"id":16940,"href":"https:\/\/junewax.com\/index.php?rest_route=\/wp\/v2\/product\/16938\/revisions\/16940"}],"wp:featuredmedia":[{"embeddable":true,"href":"https:\/\/junewax.com\/index.php?rest_route=\/wp\/v2\/media\/16939"}],"wp:attachment":[{"href":"https:\/\/junewax.com\/index.php?rest_route=%2Fwp%2Fv2%2Fmedia&parent=16938"}],"wp:term":[{"taxonomy":"product_brand","embeddable":true,"href":"https:\/\/junewax.com\/index.php?rest_route=%2Fwp%2Fv2%2Fproduct_brand&post=16938"},{"taxonomy":"product_cat","embeddable":true,"href":"https:\/\/junewax.com\/index.php?rest_route=%2Fwp%2Fv2%2Fproduct_cat&post=16938"},{"taxonomy":"product_tag","embeddable":true,"href":"https:\/\/junewax.com\/index.php?rest_route=%2Fwp%2Fv2%2Fproduct_tag&post=16938"}],"curies":[{"name":"wp","href":"https:\/\/api.w.org\/{rel}","templated":true}]}}