{"id":16973,"date":"2025-08-21T12:42:06","date_gmt":"2025-08-21T12:42:06","guid":{"rendered":"https:\/\/junewax.com\/?post_type=product&#038;p=16973"},"modified":"2026-04-15T20:31:27","modified_gmt":"2026-04-15T20:31:27","slug":"trim-sokme-aparat-takim-4lu","status":"publish","type":"product","link":"https:\/\/junewax.com\/?product=trim-sokme-aparat-takim-4lu","title":{"rendered":"TR\u0130M S\u00d6KME APARAT TAKIM 4&#8217;L\u00dc"},"content":{"rendered":"","protected":false},"excerpt":{"rendered":"","protected":false},"featured_media":16974,"comment_status":"open","ping_status":"closed","template":"","meta":[],"product_brand":[514],"product_cat":[515,521],"product_tag":[],"class_list":{"0":"post-16973","1":"product","2":"type-product","3":"status-publish","4":"has-post-thumbnail","6":"product_brand-junewax","7":"product_cat-dagitici-siseler-fircalar-aksesuarlar","8":"product_cat-ppf-ve-cam-filmi-ekipmanlari","10":"first","11":"outofstock","12":"shipping-taxable","13":"purchasable","14":"product-type-simple"},"jetpack_sharing_enabled":true,"_links":{"self":[{"href":"https:\/\/junewax.com\/index.php?rest_route=\/wp\/v2\/product\/16973","targetHints":{"allow":["GET"]}}],"collection":[{"href":"https:\/\/junewax.com\/index.php?rest_route=\/wp\/v2\/product"}],"about":[{"href":"https:\/\/junewax.com\/index.php?rest_route=\/wp\/v2\/types\/product"}],"replies":[{"embeddable":true,"href":"https:\/\/junewax.com\/index.php?rest_route=%2Fwp%2Fv2%2Fcomments&post=16973"}],"version-history":[{"count":1,"href":"https:\/\/junewax.com\/index.php?rest_route=\/wp\/v2\/product\/16973\/revisions"}],"predecessor-version":[{"id":16975,"href":"https:\/\/junewax.com\/index.php?rest_route=\/wp\/v2\/product\/16973\/revisions\/16975"}],"wp:featuredmedia":[{"embeddable":true,"href":"https:\/\/junewax.com\/index.php?rest_route=\/wp\/v2\/media\/16974"}],"wp:attachment":[{"href":"https:\/\/junewax.com\/index.php?rest_route=%2Fwp%2Fv2%2Fmedia&parent=16973"}],"wp:term":[{"taxonomy":"product_brand","embeddable":true,"href":"https:\/\/junewax.com\/index.php?rest_route=%2Fwp%2Fv2%2Fproduct_brand&post=16973"},{"taxonomy":"product_cat","embeddable":true,"href":"https:\/\/junewax.com\/index.php?rest_route=%2Fwp%2Fv2%2Fproduct_cat&post=16973"},{"taxonomy":"product_tag","embeddable":true,"href":"https:\/\/junewax.com\/index.php?rest_route=%2Fwp%2Fv2%2Fproduct_tag&post=16973"}],"curies":[{"name":"wp","href":"https:\/\/api.w.org\/{rel}","templated":true}]}}