{"id":16978,"date":"2025-08-21T13:41:24","date_gmt":"2025-08-21T13:41:24","guid":{"rendered":"https:\/\/junewax.com\/?post_type=product&#038;p=16978"},"modified":"2025-08-21T13:41:25","modified_gmt":"2025-08-21T13:41:25","slug":"100-lt-kopuk-sivi-puskurtme-tanki","status":"publish","type":"product","link":"https:\/\/junewax.com\/?product=100-lt-kopuk-sivi-puskurtme-tanki","title":{"rendered":"100 Lt. K\u00f6p\u00fck &#8211; S\u0131v\u0131 P\u00fcsk\u00fcrtme Tank\u0131"},"content":{"rendered":"<p><strong>Pax K\u00f6p\u00fck ve S\u0131v\u0131 P\u00fcsk\u00fcrtme Tanklar\u0131<\/strong>, Kimyasal\u0131 k\u00f6p\u00fck ve s\u0131v\u0131 olarak p\u00fcsk\u00fcrterek f\u0131r\u00e7a ve s\u00fcngere ihtiya\u00e7 duymadan ara\u00e7, makine, v.s. temizli\u011finde kullan\u0131lmak i\u00e7in \u00fcretilmi\u015f makinalard\u0131r.<\/p>\n<p>Max. 5 bar hava ile \u00e7al\u0131\u015fabilen k\u00f6p\u00fck p\u00fcsk\u00fcrtme tanklar\u0131, \u00fcst\u00fcn performans\u0131 ile profesyonel kullan\u0131m kolayl\u0131\u011f\u0131n\u0131da beraberinde getiriyor.<\/p>\n<table border=\"1\" cellspacing=\"1\" cellpadding=\"1\">\n<tbody>\n<tr>\n<td><strong>\u00a0 \u00dcr\u00fcn Kodu\u00a0\u00a0<\/strong><\/td>\n<td><strong>\u00a0 \u00a0 \u00a0Bas\u0131nc (Bar)\u00a0 \u00a0\u00a0<\/strong><\/td>\n<td><strong>\u00a0 \u00a0 \u00a0 Kapasite\u00a0 \u00a0\u00a0\u00a0<\/strong><\/td>\n<td><b>\u00a0G\u00f6rev\u00a0\u00a0<\/b><\/td>\n<td><strong>\u00a0 \u00a0 \u00a0A\u011f\u0131rl\u0131k\u00a0 \u00a0 \u00a0 \u00a0<\/strong><\/td>\n<td><strong>\u00a0 Boyutlar<\/strong><\/td>\n<td><b>\u00a0 \u00a0Hortum Uzunlu\u011fu\u00a0 \u00a0 \u00a0<\/b><\/td>\n<td><strong>\u00a0 \u00a0 \u00a0Hortum Kal\u0131nl\u0131\u011f\u0131\u00a0 \u00a0 \u00a0<\/strong><\/td>\n<\/tr>\n<tr>\n<td><b>K &#8211; 100<\/b><\/td>\n<td>5 Bar<\/td>\n<td>100 Lt.<\/td>\n<td>\u00a0 \u00a0 \u00a0K\u00f6p\u00fck &#8211; S\u0131v\u0131<\/td>\n<td>26 Kg.<\/td>\n<td>\u00a0 \u00a0 \u00a0 \u00a050 x 50 x 110 cm<\/td>\n<td>8 mt.<\/td>\n<td>8 mm.<\/td>\n<\/tr>\n<\/tbody>\n<\/table>\n","protected":false},"excerpt":{"rendered":"<p>Pax K\u00f6p\u00fck ve S\u0131v\u0131 P\u00fcsk\u00fcrtme Tanklar\u0131, Kimyasal\u0131 k\u00f6p\u00fck ve s\u0131v\u0131 olarak p\u00fcsk\u00fcrterek f\u0131r\u00e7a ve s\u00fcngere ihtiya\u00e7 duymadan ara\u00e7, makine, v.s.<\/p>\n","protected":false},"featured_media":16979,"comment_status":"open","ping_status":"closed","template":"","meta":[],"product_brand":[536],"product_cat":[518,535],"product_tag":[],"class_list":{"0":"post-16978","1":"product","2":"type-product","3":"status-publish","4":"has-post-thumbnail","6":"product_brand-pax","7":"product_cat-polisaj-makineleri-ve-el-aletleri","8":"product_cat-yuksek-basincli-yikamalar-ve-kompresorler","10":"first","11":"instock","12":"shipping-taxable","13":"product-type-simple"},"jetpack_sharing_enabled":true,"_links":{"self":[{"href":"https:\/\/junewax.com\/index.php?rest_route=\/wp\/v2\/product\/16978","targetHints":{"allow":["GET"]}}],"collection":[{"href":"https:\/\/junewax.com\/index.php?rest_route=\/wp\/v2\/product"}],"about":[{"href":"https:\/\/junewax.com\/index.php?rest_route=\/wp\/v2\/types\/product"}],"replies":[{"embeddable":true,"href":"https:\/\/junewax.com\/index.php?rest_route=%2Fwp%2Fv2%2Fcomments&post=16978"}],"version-history":[{"count":1,"href":"https:\/\/junewax.com\/index.php?rest_route=\/wp\/v2\/product\/16978\/revisions"}],"predecessor-version":[{"id":16982,"href":"https:\/\/junewax.com\/index.php?rest_route=\/wp\/v2\/product\/16978\/revisions\/16982"}],"wp:featuredmedia":[{"embeddable":true,"href":"https:\/\/junewax.com\/index.php?rest_route=\/wp\/v2\/media\/16979"}],"wp:attachment":[{"href":"https:\/\/junewax.com\/index.php?rest_route=%2Fwp%2Fv2%2Fmedia&parent=16978"}],"wp:term":[{"taxonomy":"product_brand","embeddable":true,"href":"https:\/\/junewax.com\/index.php?rest_route=%2Fwp%2Fv2%2Fproduct_brand&post=16978"},{"taxonomy":"product_cat","embeddable":true,"href":"https:\/\/junewax.com\/index.php?rest_route=%2Fwp%2Fv2%2Fproduct_cat&post=16978"},{"taxonomy":"product_tag","embeddable":true,"href":"https:\/\/junewax.com\/index.php?rest_route=%2Fwp%2Fv2%2Fproduct_tag&post=16978"}],"curies":[{"name":"wp","href":"https:\/\/api.w.org\/{rel}","templated":true}]}}