{"id":16983,"date":"2025-08-21T13:45:19","date_gmt":"2025-08-21T13:45:19","guid":{"rendered":"https:\/\/junewax.com\/?post_type=product&#038;p=16983"},"modified":"2025-08-21T13:45:19","modified_gmt":"2025-08-21T13:45:19","slug":"star-60-ccm-hali-ve-koltuk-yikama-makinasi","status":"publish","type":"product","link":"https:\/\/junewax.com\/?product=star-60-ccm-hali-ve-koltuk-yikama-makinasi","title":{"rendered":"Star 60 CCM Hal\u0131 ve Koltuk Y\u0131kama Makinas\u0131"},"content":{"rendered":"<p><strong>Star 60 CC Islak S\u00fcp\u00fcrge: G\u00fc\u00e7l\u00fc Temizlik, Geni\u015f Kapasite!<\/strong><\/p>\n<p>Star 60 CC Islak S\u00fcp\u00fcrge, g\u00fc\u00e7l\u00fc performans\u0131 ve geni\u015f kapasitesiyle temizlikte lider konumda. B\u00fcy\u00fck alanlardaki zorlu temizlik g\u00f6revlerini kolayla\u015ft\u0131ran bu s\u00fcp\u00fcrge, \u0131slak veya kuru zeminleri etkili bir \u015fekilde temizler. Y\u00fcksek emi\u015f g\u00fcc\u00fc, geni\u015f temizlik ba\u015fl\u0131\u011f\u0131 ve kullan\u0131c\u0131 dostu tasar\u0131m\u0131 ile Star 60 CC, profesyonel temizlik deneyiminizi m\u00fckemmelle\u015ftiriyor. B\u00fcy\u00fck i\u015flere y\u0131ld\u0131z dokunu\u015fu yap\u0131n!<\/p>\n<table width=\"100%\">\n<thead>\n<tr>\n<th align=\"left\">Teknik Bilgiler<\/th>\n<th align=\"left\">A\u00e7\u0131klama<\/th>\n<\/tr>\n<\/thead>\n<tbody>\n<tr>\n<td align=\"left\">Kod No<\/td>\n<td align=\"left\">60 CCM<\/td>\n<\/tr>\n<tr>\n<td align=\"left\">Fonksiyon<\/td>\n<td align=\"left\">Hal\u0131 y\u0131kama \u015fampuanl\u0131 temizleme<\/td>\n<\/tr>\n<tr>\n<td align=\"left\">Enerji<\/td>\n<td align=\"left\">220\/240 V<\/td>\n<\/tr>\n<tr>\n<td align=\"left\">Frekans<\/td>\n<td align=\"left\">50\/60 hz<\/td>\n<\/tr>\n<tr>\n<td align=\"left\">Motor<\/td>\n<td align=\"left\">2800 w \/ \u00c7ift fanl\u0131 motor<\/td>\n<\/tr>\n<tr>\n<td align=\"left\">Vakum g\u00fcc\u00fc<\/td>\n<td align=\"left\">300 mbar \/ 30 kpa<\/td>\n<\/tr>\n<tr>\n<td align=\"left\">Hava Debisi<\/td>\n<td align=\"left\">120 L\/s<\/td>\n<\/tr>\n<tr>\n<td align=\"left\">Su Kald\u0131rma<\/td>\n<td align=\"left\">2200 mm<\/td>\n<\/tr>\n<tr>\n<td align=\"left\">Tank Kapasitesi (temiz)<\/td>\n<td align=\"left\">25 Lt<\/td>\n<\/tr>\n<tr>\n<td align=\"left\">Tank Kapasitesi (kirli)<\/td>\n<td align=\"left\">80 Lt<\/td>\n<\/tr>\n<tr>\n<td align=\"left\">A\u011f\u0131rl\u0131k (Net\/Br\u00fct)<\/td>\n<td align=\"left\">25 \/ 30 kg<\/td>\n<\/tr>\n<tr>\n<td align=\"left\">Kablo<\/td>\n<td align=\"left\">2\u00d71,5 mm\u00b2 10 m<\/td>\n<\/tr>\n<tr>\n<td align=\"left\">Ses Seviyesi<\/td>\n<td align=\"left\">65 db<\/td>\n<\/tr>\n<tr>\n<td align=\"left\">Tank Materyali<\/td>\n<td align=\"left\">Paslanmaz \u00c7elik<\/td>\n<\/tr>\n<tr>\n<td align=\"left\">Hortum<\/td>\n<td align=\"left\">EVA \u00d838 mm 240 cm<\/td>\n<\/tr>\n<tr>\n<td align=\"left\">\u0130tme kolu<\/td>\n<td align=\"left\">Metal Kapl\u0131 Plastik Boru Tutucu Kanca<\/td>\n<\/tr>\n<tr>\n<td align=\"left\">Kilit sistemi<\/td>\n<td align=\"left\">Metal Kilit<\/td>\n<\/tr>\n<tr>\n<td align=\"left\">Hortum \u00e7\u0131k\u0131\u015f<\/td>\n<td align=\"left\">Dahil<\/td>\n<\/tr>\n<tr>\n<td align=\"left\">\u00d6n Teker<\/td>\n<td align=\"left\">70 mm<\/td>\n<\/tr>\n<tr>\n<td align=\"left\">Arka teker<\/td>\n<td align=\"left\">180 mm<\/td>\n<\/tr>\n<tr>\n<td align=\"left\">Pompa bas\u0131nc\u0131<\/td>\n<td align=\"left\">4 bar<\/td>\n<\/tr>\n<tr>\n<td align=\"left\">\u015eamandra Sistemi<\/td>\n<td align=\"left\">Mevcut<\/td>\n<\/tr>\n<tr>\n<td align=\"left\">\u00d6l\u00e7\u00fc (e\/b\/y)<\/td>\n<td align=\"left\">48 x 63 x 98 cm<\/td>\n<\/tr>\n<\/tbody>\n<\/table>\n","protected":false},"excerpt":{"rendered":"<p>Star 60 CC Islak S\u00fcp\u00fcrge: G\u00fc\u00e7l\u00fc Temizlik, Geni\u015f Kapasite! Star 60 CC Islak S\u00fcp\u00fcrge, g\u00fc\u00e7l\u00fc performans\u0131 ve geni\u015f kapasitesiyle temizlikte<\/p>\n","protected":false},"featured_media":16984,"comment_status":"open","ping_status":"closed","template":"","meta":[],"product_brand":[538],"product_cat":[518,535],"product_tag":[],"class_list":{"0":"post-16983","1":"product","2":"type-product","3":"status-publish","4":"has-post-thumbnail","6":"product_brand-star","7":"product_cat-polisaj-makineleri-ve-el-aletleri","8":"product_cat-yuksek-basincli-yikamalar-ve-kompresorler","10":"first","11":"instock","12":"shipping-taxable","13":"product-type-simple"},"jetpack_sharing_enabled":true,"_links":{"self":[{"href":"https:\/\/junewax.com\/index.php?rest_route=\/wp\/v2\/product\/16983","targetHints":{"allow":["GET"]}}],"collection":[{"href":"https:\/\/junewax.com\/index.php?rest_route=\/wp\/v2\/product"}],"about":[{"href":"https:\/\/junewax.com\/index.php?rest_route=\/wp\/v2\/types\/product"}],"replies":[{"embeddable":true,"href":"https:\/\/junewax.com\/index.php?rest_route=%2Fwp%2Fv2%2Fcomments&post=16983"}],"version-history":[{"count":1,"href":"https:\/\/junewax.com\/index.php?rest_route=\/wp\/v2\/product\/16983\/revisions"}],"predecessor-version":[{"id":16985,"href":"https:\/\/junewax.com\/index.php?rest_route=\/wp\/v2\/product\/16983\/revisions\/16985"}],"wp:featuredmedia":[{"embeddable":true,"href":"https:\/\/junewax.com\/index.php?rest_route=\/wp\/v2\/media\/16984"}],"wp:attachment":[{"href":"https:\/\/junewax.com\/index.php?rest_route=%2Fwp%2Fv2%2Fmedia&parent=16983"}],"wp:term":[{"taxonomy":"product_brand","embeddable":true,"href":"https:\/\/junewax.com\/index.php?rest_route=%2Fwp%2Fv2%2Fproduct_brand&post=16983"},{"taxonomy":"product_cat","embeddable":true,"href":"https:\/\/junewax.com\/index.php?rest_route=%2Fwp%2Fv2%2Fproduct_cat&post=16983"},{"taxonomy":"product_tag","embeddable":true,"href":"https:\/\/junewax.com\/index.php?rest_route=%2Fwp%2Fv2%2Fproduct_tag&post=16983"}],"curies":[{"name":"wp","href":"https:\/\/api.w.org\/{rel}","templated":true}]}}