{"id":16989,"date":"2025-08-21T13:51:39","date_gmt":"2025-08-21T13:51:39","guid":{"rendered":"https:\/\/junewax.com\/?post_type=product&#038;p=16989"},"modified":"2025-08-21T13:51:39","modified_gmt":"2025-08-21T13:51:39","slug":"200-lt-hava-kompresoru","status":"publish","type":"product","link":"https:\/\/junewax.com\/?product=200-lt-hava-kompresoru","title":{"rendered":"200 Lt. Hava Kompres\u00f6r\u00fc"},"content":{"rendered":"<p><strong>Pax Hava Kompes\u00f6rleri<\/strong>, Tek ve \u00c7ift kademeli olarak, end\u00fcstriyel kullan\u0131m i\u00e7in \u00fcretilmi\u015f, kaliteli ve \u00fcst\u00fcn performansl\u0131 kompres\u00f6rlerdir.<\/p>\n<p>V kay\u0131\u015f &#8211; kasnak ile tahrik edilmektedir. Monofaze ve Trifaze olarak farkl\u0131 \u015fekillerde de \u00fcretimi yap\u0131labilmektedir. Kay\u0131\u015f &#8211; Kasnak sisteminin g\u00fcvenli\u011fi kapal\u0131 muhafaza ile sa\u011flanm\u0131\u015f olup, \u0130talyan abac kafa kullan\u0131lm\u0131\u015ft\u0131r.<\/p>\n<table border=\"1\" cellspacing=\"1\" cellpadding=\"1\">\n<tbody>\n<tr>\n<td><strong>\u00dcr\u00fcn Kodu\u00a0<\/strong><\/td>\n<td><b>\u00a0 Bas\u0131n\u00e7\u00a0<\/b><\/td>\n<td><b>\u00a0Kademe\u00a0<\/b><\/td>\n<td><b>\u00a0Motor G\u00fcc\u00fc\u00a0<\/b><\/td>\n<td><b>\u00a0Depo Hacmi\u00a0<\/b><\/td>\n<td><strong>\u00a0 Hava Emi\u015f\u00a0<\/strong><\/td>\n<td><b>\u00a0Boyutlar\u00a0<\/b><\/td>\n<td><b>\u00a0A\u011f\u0131rl\u0131k\u00a0<\/b><\/td>\n<\/tr>\n<tr>\n<td><strong>PHK-200-M<\/strong><\/td>\n<td>9 Bar<\/td>\n<td>1<\/td>\n<td>\u00a0 2,2 \/ 3 kW-Hp<\/td>\n<td>200 Lt.<\/td>\n<td>420 Lt. \/ Dk.<\/td>\n<td>\u00a048x130x102 cm<\/td>\n<td>126 Kg.<\/td>\n<\/tr>\n<tr>\n<td><strong>\u00a0PHK-200-T\u00a0<\/strong><\/td>\n<td>11 Bar<\/td>\n<td>2<\/td>\n<td>3 \/ 4 kW-Hp<\/td>\n<td>200 Lt.<\/td>\n<td>514 Lt. \/ Dk.<\/td>\n<td>48x130x102 cm<\/td>\n<td>145 Kg.<\/td>\n<\/tr>\n<\/tbody>\n<\/table>\n<p>&nbsp;<\/p>\n","protected":false},"excerpt":{"rendered":"<p>Pax Hava Kompes\u00f6rleri, Tek ve \u00c7ift kademeli olarak, end\u00fcstriyel kullan\u0131m i\u00e7in \u00fcretilmi\u015f, kaliteli ve \u00fcst\u00fcn performansl\u0131 kompres\u00f6rlerdir. V kay\u0131\u015f &#8211;<\/p>\n","protected":false},"featured_media":16990,"comment_status":"open","ping_status":"closed","template":"","meta":[],"product_brand":[],"product_cat":[518,535],"product_tag":[],"class_list":{"0":"post-16989","1":"product","2":"type-product","3":"status-publish","4":"has-post-thumbnail","6":"product_cat-polisaj-makineleri-ve-el-aletleri","7":"product_cat-yuksek-basincli-yikamalar-ve-kompresorler","9":"first","10":"instock","11":"shipping-taxable","12":"product-type-simple"},"jetpack_sharing_enabled":true,"_links":{"self":[{"href":"https:\/\/junewax.com\/index.php?rest_route=\/wp\/v2\/product\/16989","targetHints":{"allow":["GET"]}}],"collection":[{"href":"https:\/\/junewax.com\/index.php?rest_route=\/wp\/v2\/product"}],"about":[{"href":"https:\/\/junewax.com\/index.php?rest_route=\/wp\/v2\/types\/product"}],"replies":[{"embeddable":true,"href":"https:\/\/junewax.com\/index.php?rest_route=%2Fwp%2Fv2%2Fcomments&post=16989"}],"version-history":[{"count":1,"href":"https:\/\/junewax.com\/index.php?rest_route=\/wp\/v2\/product\/16989\/revisions"}],"predecessor-version":[{"id":16991,"href":"https:\/\/junewax.com\/index.php?rest_route=\/wp\/v2\/product\/16989\/revisions\/16991"}],"wp:featuredmedia":[{"embeddable":true,"href":"https:\/\/junewax.com\/index.php?rest_route=\/wp\/v2\/media\/16990"}],"wp:attachment":[{"href":"https:\/\/junewax.com\/index.php?rest_route=%2Fwp%2Fv2%2Fmedia&parent=16989"}],"wp:term":[{"taxonomy":"product_brand","embeddable":true,"href":"https:\/\/junewax.com\/index.php?rest_route=%2Fwp%2Fv2%2Fproduct_brand&post=16989"},{"taxonomy":"product_cat","embeddable":true,"href":"https:\/\/junewax.com\/index.php?rest_route=%2Fwp%2Fv2%2Fproduct_cat&post=16989"},{"taxonomy":"product_tag","embeddable":true,"href":"https:\/\/junewax.com\/index.php?rest_route=%2Fwp%2Fv2%2Fproduct_tag&post=16989"}],"curies":[{"name":"wp","href":"https:\/\/api.w.org\/{rel}","templated":true}]}}