{"id":17221,"date":"2025-08-26T14:12:39","date_gmt":"2025-08-26T14:12:39","guid":{"rendered":"https:\/\/junewax.com\/?post_type=product&#038;p=17221"},"modified":"2025-08-26T14:12:40","modified_gmt":"2025-08-26T14:12:40","slug":"angelwax-dark-star-nebula-grafen-icerikli-seramik-kaplama-30ml","status":"publish","type":"product","link":"https:\/\/junewax.com\/?product=angelwax-dark-star-nebula-grafen-icerikli-seramik-kaplama-30ml","title":{"rendered":"AngelWax Dark Star Nebula Grafen \u0130\u00e7erikli Seramik Kaplama 30ml."},"content":{"rendered":"<div>Angelwax&#8217;tan NEBULA, \u0130sko\u00e7ya&#8217;daki Birle\u015fik Krall\u0131ktaki Merkez laboratuvar\u0131nda ara\u015ft\u0131r\u0131lm\u0131\u015f, geli\u015ftirilmi\u015f ve \u00fcretilmi\u015f son teknoloji bir grafen \u0130\u00e7erikli seramik kaplamad\u0131r. Bu s\u00fcper dayan\u0131kl\u0131 profesyonel kullan\u0131m seramik kaplama be\u015f y\u0131la kadar dayan\u0131r.h\u0131zl\u0131 ve kolay uygulanmak \u00fczere tasarlanm\u0131\u015ft\u0131r ve Uygulamaya Haz\u0131r Hale Getirilmi\u015f Y\u00fczeyde s\u00fcper \u0131slak bir g\u00f6r\u00fcn\u00fcm b\u0131rak\u0131r. NEBULA ayr\u0131ca su lekelenmesine kar\u015f\u0131 dayan\u0131kl\u0131d\u0131r ve Y\u00fcksek Su \u0130ticili\u011fi Sayesinde Arac\u0131 Kurularken Bezin y\u00fczey temas\u0131n\u0131 En aza \u0130ndirir. Bu Nedenle Gerekti\u011finden \u00e7ok Daha az bak\u0131m gerektirecek \u015fekilde form\u00fcle edilmi\u015ftir.<\/div>\n<div><\/div>\n<div>\n<div>TEKN\u0130K \u00d6ZELL\u0130KLER ;<\/div>\n<div>Angelwax \u00fcr\u00fcnlerinin teknik y\u00f6n\u00fcn\u00fc sevenler i\u00e7in i\u015fte size grafen a\u00e7\u0131klamas\u0131! Grafen, tek bir atom katman\u0131ndan olu\u015fan bir karbon allotropudur ve \u00f6zellikleri, karbon atomlar\u0131n\u0131n atomik \u00f6l\u00e7ekli Kafes teli gibi alt\u0131gen bir d\u00fczende birbirine ba\u011fland\u0131\u011f\u0131 ola\u011fand\u0131\u015f\u0131 yap\u0131s\u0131ndan kaynaklan\u0131r! Bu ba\u011flar tekli ve \u00e7iftli ba\u011flar\u0131n ortas\u0131nda durur, bu onlar\u0131 o kadar g\u00fc\u00e7l\u00fc k\u0131lar ki Dizilimde bir de\u011fi\u015fiklik yapmak neredeyse imkans\u0131zd\u0131r. Grafenin g\u00fczelli\u011fi, \u00c7ok Y\u00f6nl\u00fcl\u00fc\u011f\u00fc Sayesinde Say\u0131s\u0131z \u00dcr\u00fcnde Kullan\u0131lmas\u0131d\u0131r, Angelwax&#8217;\u0131n DARK STAR Serisi \u00dcr\u00fcnlerde grafen kullanmas\u0131n\u0131n nedeni budur.<\/div>\n<\/div>\n","protected":false},"excerpt":{"rendered":"<p>Angelwax&#8217;tan NEBULA, \u0130sko\u00e7ya&#8217;daki Birle\u015fik Krall\u0131ktaki Merkez laboratuvar\u0131nda ara\u015ft\u0131r\u0131lm\u0131\u015f, geli\u015ftirilmi\u015f ve \u00fcretilmi\u015f son teknoloji bir grafen \u0130\u00e7erikli seramik kaplamad\u0131r. Bu s\u00fcper<\/p>\n","protected":false},"featured_media":17222,"comment_status":"open","ping_status":"closed","template":"","meta":[],"product_brand":[249],"product_cat":[337,298],"product_tag":[],"class_list":{"0":"post-17221","1":"product","2":"type-product","3":"status-publish","4":"has-post-thumbnail","6":"product_brand-angelwax","7":"product_cat-seramik","8":"product_cat-seramik-ve-korumalar","10":"first","11":"instock","12":"shipping-taxable","13":"product-type-simple"},"jetpack_sharing_enabled":true,"_links":{"self":[{"href":"https:\/\/junewax.com\/index.php?rest_route=\/wp\/v2\/product\/17221","targetHints":{"allow":["GET"]}}],"collection":[{"href":"https:\/\/junewax.com\/index.php?rest_route=\/wp\/v2\/product"}],"about":[{"href":"https:\/\/junewax.com\/index.php?rest_route=\/wp\/v2\/types\/product"}],"replies":[{"embeddable":true,"href":"https:\/\/junewax.com\/index.php?rest_route=%2Fwp%2Fv2%2Fcomments&post=17221"}],"version-history":[{"count":1,"href":"https:\/\/junewax.com\/index.php?rest_route=\/wp\/v2\/product\/17221\/revisions"}],"predecessor-version":[{"id":17223,"href":"https:\/\/junewax.com\/index.php?rest_route=\/wp\/v2\/product\/17221\/revisions\/17223"}],"wp:featuredmedia":[{"embeddable":true,"href":"https:\/\/junewax.com\/index.php?rest_route=\/wp\/v2\/media\/17222"}],"wp:attachment":[{"href":"https:\/\/junewax.com\/index.php?rest_route=%2Fwp%2Fv2%2Fmedia&parent=17221"}],"wp:term":[{"taxonomy":"product_brand","embeddable":true,"href":"https:\/\/junewax.com\/index.php?rest_route=%2Fwp%2Fv2%2Fproduct_brand&post=17221"},{"taxonomy":"product_cat","embeddable":true,"href":"https:\/\/junewax.com\/index.php?rest_route=%2Fwp%2Fv2%2Fproduct_cat&post=17221"},{"taxonomy":"product_tag","embeddable":true,"href":"https:\/\/junewax.com\/index.php?rest_route=%2Fwp%2Fv2%2Fproduct_tag&post=17221"}],"curies":[{"name":"wp","href":"https:\/\/api.w.org\/{rel}","templated":true}]}}