{"id":17224,"date":"2025-08-26T14:14:29","date_gmt":"2025-08-26T14:14:29","guid":{"rendered":"https:\/\/junewax.com\/?post_type=product&#038;p=17224"},"modified":"2025-08-26T14:14:56","modified_gmt":"2025-08-26T14:14:56","slug":"carpro-c-quartz-sic-seramik-kaplama-silisyum-karbur-10-ml","status":"publish","type":"product","link":"https:\/\/junewax.com\/?product=carpro-c-quartz-sic-seramik-kaplama-silisyum-karbur-10-ml","title":{"rendered":"Carpro C.Quartz SiC Seramik Kaplama (Silisyum Karb\u00fcr) 10 Ml."},"content":{"rendered":"<p>CQUARTZ&#8217;\u0131n on y\u0131ll\u0131k Yolculu\u011funu ve onuncu y\u0131l\u0131n\u0131 kutlamak i\u00e7in, evrimin bir sonraki ad\u0131m\u0131n\u0131 tan\u0131tmaktan gurur duyuyoruz. Yo\u011fun ara\u015ft\u0131rma, geli\u015ftirme ve testlerden sonra, CQUARTZ SiC, TiO2&#8217;nin kald\u0131\u011f\u0131 yerden devam etmeye haz\u0131r.<\/p>\n<p>Ad\u0131ndan da anla\u015f\u0131laca\u011f\u0131 gibi, bu yeni form\u00fcl ekstra olarak kimyasal diren\u00e7 i\u00e7in SiC (Silisyum Karb\u00fcr) i\u00e7erir. Ayr\u0131ca kullan\u0131m kolayl\u0131\u011f\u0131n\u0131, su lekelenmesine (Kire\u00e7 Lekeleri) kar\u015f\u0131 direnci b\u00fcy\u00fck \u00f6l\u00e7\u00fcde iyile\u015ftirmi\u015f parlakl\u0131\u011f\u0131 ve derinli\u011fi art\u0131r\u0131lm\u0131\u015ft\u0131r. Son olarak, Muazzam d\u00fczeydeki kayganl\u0131k sizi heyecanland\u0131racak.<\/p>\n<div>PH 3-12 K\u0130MYASAL D\u0130REN\u00c7<\/div>\n<div>SU LEKELER\u0130NE VE K\u0130RE\u00c7 LEKELER\u0130NE KAR\u015eI DAHA \u0130Y\u0130 D\u0130REN\u00c7<\/div>\n<div>SON DERECE P\u00dcR\u00dcZS\u00dcZ VE DER\u0130N PARLAK Y\u00dcZEY<\/div>\n<div>HERHANG\u0130 B\u0130R SICAKLIKTA \u00c7OK KOLAY UYGULAMA<\/div>\n","protected":false},"excerpt":{"rendered":"<p>CQUARTZ&#8217;\u0131n on y\u0131ll\u0131k Yolculu\u011funu ve onuncu y\u0131l\u0131n\u0131 kutlamak i\u00e7in, evrimin bir sonraki ad\u0131m\u0131n\u0131 tan\u0131tmaktan gurur duyuyoruz. Yo\u011fun ara\u015ft\u0131rma, geli\u015ftirme ve<\/p>\n","protected":false},"featured_media":17225,"comment_status":"open","ping_status":"closed","template":"","meta":[],"product_brand":[233],"product_cat":[337,298],"product_tag":[],"class_list":{"0":"post-17224","1":"product","2":"type-product","3":"status-publish","4":"has-post-thumbnail","6":"product_brand-carpro","7":"product_cat-seramik","8":"product_cat-seramik-ve-korumalar","10":"first","11":"instock","12":"shipping-taxable","13":"purchasable","14":"product-type-simple"},"jetpack_sharing_enabled":true,"_links":{"self":[{"href":"https:\/\/junewax.com\/index.php?rest_route=\/wp\/v2\/product\/17224","targetHints":{"allow":["GET"]}}],"collection":[{"href":"https:\/\/junewax.com\/index.php?rest_route=\/wp\/v2\/product"}],"about":[{"href":"https:\/\/junewax.com\/index.php?rest_route=\/wp\/v2\/types\/product"}],"replies":[{"embeddable":true,"href":"https:\/\/junewax.com\/index.php?rest_route=%2Fwp%2Fv2%2Fcomments&post=17224"}],"version-history":[{"count":1,"href":"https:\/\/junewax.com\/index.php?rest_route=\/wp\/v2\/product\/17224\/revisions"}],"predecessor-version":[{"id":17226,"href":"https:\/\/junewax.com\/index.php?rest_route=\/wp\/v2\/product\/17224\/revisions\/17226"}],"wp:featuredmedia":[{"embeddable":true,"href":"https:\/\/junewax.com\/index.php?rest_route=\/wp\/v2\/media\/17225"}],"wp:attachment":[{"href":"https:\/\/junewax.com\/index.php?rest_route=%2Fwp%2Fv2%2Fmedia&parent=17224"}],"wp:term":[{"taxonomy":"product_brand","embeddable":true,"href":"https:\/\/junewax.com\/index.php?rest_route=%2Fwp%2Fv2%2Fproduct_brand&post=17224"},{"taxonomy":"product_cat","embeddable":true,"href":"https:\/\/junewax.com\/index.php?rest_route=%2Fwp%2Fv2%2Fproduct_cat&post=17224"},{"taxonomy":"product_tag","embeddable":true,"href":"https:\/\/junewax.com\/index.php?rest_route=%2Fwp%2Fv2%2Fproduct_tag&post=17224"}],"curies":[{"name":"wp","href":"https:\/\/api.w.org\/{rel}","templated":true}]}}