{"id":17236,"date":"2025-08-26T14:22:22","date_gmt":"2025-08-26T14:22:22","guid":{"rendered":"https:\/\/junewax.com\/?post_type=product&#038;p=17236"},"modified":"2025-08-26T14:22:23","modified_gmt":"2025-08-26T14:22:23","slug":"carpro-cquartz-cquk-3-0-seramik-kaplama-seti-30ml","status":"publish","type":"product","link":"https:\/\/junewax.com\/?product=carpro-cquartz-cquk-3-0-seramik-kaplama-seti-30ml","title":{"rendered":"CarPro Cquartz CQUK 3.0 Seramik Kaplama Seti 30ml."},"content":{"rendered":"<div>CQ.UK 3.0: Nihai T\u00fcketici S\u0131n\u0131f\u0131 Seramik Kaplama<\/div>\n<div><\/div>\n<div>Seramik kaplamalar, ara\u00e7 y\u00fczeylerinin korunmas\u0131nda devrim yaratan bir teknoloji olarak hayat\u0131m\u0131za girdi. \u00c7o\u011fu otomobil tutkunu, ara\u00e7lar\u0131n\u0131n d\u0131\u015f y\u00fczeylerini \u00e7evresel etkilere kar\u015f\u0131 korumak i\u00e7in seramik kaplamalar\u0131 tercih ediyor. Bu alanda, CQ.UK 3.0, t\u00fcketici s\u0131n\u0131f\u0131 seramik kaplamalar\u0131n zirvesine yerle\u015fmi\u015f durumda. Peki, bu \u00fcr\u00fcn\u00fc bu kadar \u00f6zel k\u0131lan nedir?<\/div>\n<div><\/div>\n<div>\u00dc\u00e7\u00fcnc\u00fc Nesil Nano-Seramik Kaplama<\/div>\n<div><\/div>\n<div>CQ.UK 3.0, d\u00fcnyaca \u00fcnl\u00fc nano-seramik kaplaman\u0131n \u00fc\u00e7\u00fcnc\u00fc nesil geli\u015ftirmesi olarak kar\u015f\u0131m\u0131za \u00e7\u0131k\u0131yor. Bu yeni nesil kaplama, tuz birikimine kar\u015f\u0131 art\u0131r\u0131lm\u0131\u015f diren\u00e7, 3-14 pH kimyasal direnci ve a\u015f\u0131r\u0131 s\u0131cakl\u0131k tolerans\u0131 sunarak \u015fimdiye kadarki en y\u00fcksek performans\u0131 vaat ediyor. Bu \u00f6zellikler, arac\u0131n\u0131z\u0131 hem kimyasal hem de fiziksel etkilere kar\u015f\u0131 \u00fcst\u00fcn bir \u015fekilde koruyor.<\/div>\n<div><\/div>\n<div>Dayan\u0131kl\u0131l\u0131k ve Kullan\u0131m Kolayl\u0131\u011f\u0131<\/div>\n<div><\/div>\n<div>CQ.UK 3.0&#8217;\u0131n en dikkat \u00e7ekici \u00f6zelliklerinden biri de dayan\u0131kl\u0131l\u0131\u011f\u0131. Marka, bu kaplaman\u0131n ger\u00e7ek d\u00fcnya ko\u015fullar\u0131nda 18-24 ay boyunca etkili olabilece\u011fini iddia ediyor. Bu uzun \u00f6m\u00fcr, kullan\u0131c\u0131lar i\u00e7in b\u00fcy\u00fck bir avantaj sa\u011fl\u0131yor.<\/div>\n<div><\/div>\n<div>\u00dcr\u00fcn\u00fcn geli\u015ftirilmesi s\u0131ras\u0131nda temel gereksinimlerden biri de kullan\u0131m kolayl\u0131\u011f\u0131yd\u0131. CQ.UK 3.0, laboratuvar benzeri uygulama ko\u015fullar\u0131 gerektirmeden, t\u00fcketici s\u0131n\u0131f\u0131 bir \u00fcr\u00fcn olarak kolayca kullan\u0131labiliyor. Bu da onu hem profesyoneller hem de amat\u00f6r detayc\u0131lar i\u00e7in ideal bir se\u00e7enek haline getiriyor.<\/div>\n<div><\/div>\n<div>Geni\u015f Uygulama S\u0131cakl\u0131k Aral\u0131\u011f\u0131<\/div>\n<div><\/div>\n<div>Aylarca s\u00fcren ekstra geli\u015ftirme ve testlerin ard\u0131ndan, CQ.UK 3.0&#8217;n\u0131n 3 ila 40 derece C aras\u0131ndaki s\u0131cakl\u0131k aral\u0131\u011f\u0131nda uygulanmas\u0131n\u0131n kolay oldu\u011fu ortaya kondu. Bu geni\u015f s\u0131cakl\u0131k aral\u0131\u011f\u0131, farkl\u0131 iklim ko\u015fullar\u0131nda bile sorunsuz bir uygulama imkan\u0131 sunuyor.<\/div>\n<div><\/div>\n<div>Klasik CQUARTZ UK Silme\/Silme Uygulamas\u0131<\/div>\n<div><\/div>\n<div>CQ.UK 3.0, klasik CQUARTZ UK silme\/silme uygulamas\u0131n\u0131 da koruyor. \u00dcr\u00fcn uyguland\u0131ktan sonra hemen silinebiliyor veya birka\u00e7 dakika bekletilebiliyor ve yine de s\u00fcper temiz ve kolay bir \u015fekilde silinebiliyor. \u00dcstelik yap\u0131\u015fkan bir y\u00fczey b\u0131rakm\u0131yor, bu da onu profesyoneller ve hevesli detayc\u0131lar i\u00e7in en iyi se\u00e7im haline getiriyor.<\/div>\n<div><\/div>\n<div>Sonu\u00e7 olarak, CQ.UK 3.0, seramik kaplama teknolojisinin geldi\u011fi en son noktay\u0131 temsil ediyor. \u00dcst\u00fcn koruma \u00f6zellikleri, dayan\u0131kl\u0131l\u0131\u011f\u0131 ve kullan\u0131m kolayl\u0131\u011f\u0131 ile ara\u00e7 sahiplerinin beklentilerini fazlas\u0131yla kar\u015f\u0131l\u0131yor. E\u011fer siz de arac\u0131n\u0131z\u0131 uzun s\u00fcre korumak istiyorsan\u0131z, CQ.UK 3.0&#8217;\u0131 denemeyi d\u00fc\u015f\u00fcnebilirsiniz.<\/div>\n","protected":false},"excerpt":{"rendered":"<p>CQ.UK 3.0: Nihai T\u00fcketici S\u0131n\u0131f\u0131 Seramik Kaplama Seramik kaplamalar, ara\u00e7 y\u00fczeylerinin korunmas\u0131nda devrim yaratan bir teknoloji olarak hayat\u0131m\u0131za girdi. \u00c7o\u011fu<\/p>\n","protected":false},"featured_media":17237,"comment_status":"open","ping_status":"closed","template":"","meta":[],"product_brand":[233],"product_cat":[337,298],"product_tag":[],"class_list":{"0":"post-17236","1":"product","2":"type-product","3":"status-publish","4":"has-post-thumbnail","6":"product_brand-carpro","7":"product_cat-seramik","8":"product_cat-seramik-ve-korumalar","10":"first","11":"instock","12":"shipping-taxable","13":"purchasable","14":"product-type-simple"},"jetpack_sharing_enabled":true,"_links":{"self":[{"href":"https:\/\/junewax.com\/index.php?rest_route=\/wp\/v2\/product\/17236","targetHints":{"allow":["GET"]}}],"collection":[{"href":"https:\/\/junewax.com\/index.php?rest_route=\/wp\/v2\/product"}],"about":[{"href":"https:\/\/junewax.com\/index.php?rest_route=\/wp\/v2\/types\/product"}],"replies":[{"embeddable":true,"href":"https:\/\/junewax.com\/index.php?rest_route=%2Fwp%2Fv2%2Fcomments&post=17236"}],"version-history":[{"count":1,"href":"https:\/\/junewax.com\/index.php?rest_route=\/wp\/v2\/product\/17236\/revisions"}],"predecessor-version":[{"id":17238,"href":"https:\/\/junewax.com\/index.php?rest_route=\/wp\/v2\/product\/17236\/revisions\/17238"}],"wp:featuredmedia":[{"embeddable":true,"href":"https:\/\/junewax.com\/index.php?rest_route=\/wp\/v2\/media\/17237"}],"wp:attachment":[{"href":"https:\/\/junewax.com\/index.php?rest_route=%2Fwp%2Fv2%2Fmedia&parent=17236"}],"wp:term":[{"taxonomy":"product_brand","embeddable":true,"href":"https:\/\/junewax.com\/index.php?rest_route=%2Fwp%2Fv2%2Fproduct_brand&post=17236"},{"taxonomy":"product_cat","embeddable":true,"href":"https:\/\/junewax.com\/index.php?rest_route=%2Fwp%2Fv2%2Fproduct_cat&post=17236"},{"taxonomy":"product_tag","embeddable":true,"href":"https:\/\/junewax.com\/index.php?rest_route=%2Fwp%2Fv2%2Fproduct_tag&post=17236"}],"curies":[{"name":"wp","href":"https:\/\/api.w.org\/{rel}","templated":true}]}}