{"id":17242,"date":"2025-08-26T14:26:51","date_gmt":"2025-08-26T14:26:51","guid":{"rendered":"https:\/\/junewax.com\/?post_type=product&#038;p=17242"},"modified":"2025-08-26T14:27:26","modified_gmt":"2025-08-26T14:27:26","slug":"carpro-dquartz-go-seramik-kaplama-50ml","status":"publish","type":"product","link":"https:\/\/junewax.com\/?product=carpro-dquartz-go-seramik-kaplama-50ml","title":{"rendered":"Carpro DQuartz Go Seramik Kaplama 50ml."},"content":{"rendered":"<p>\u00c7\u0131\u011f\u0131r a\u00e7an DQUARTZ nanodiamond teknolojisi art\u0131k kullan\u0131m\u0131 kolay bir Kendin Uygula (DIY) paketinde sunuluyor.<\/p>\n<p>Yepyeni DQUARTZ GForce cam seramik kaplamas\u0131 \u00fcst\u00fcn koruma ve kristal netli\u011finde g\u00f6r\u00fc\u015f sa\u011flayan nano elmas teknolojimizin bir evrimidir.<\/p>\n<p>Sevgili otomobil tutkunlar\u0131, koruman\u0131z\u0131 y\u00fckseltmenin zaman\u0131 geldi. S\u00fcr\u00fc\u015f deneyiminizi yeni zirvelere ta\u015f\u0131yacak teknolojik bir devrim olan yepyeni DQUARTZ GForce&#8217;u tan\u0131tmaktan gurur duyuyoruz!<\/p>\n<div>Y\u00dcZEY SERTL\u0130\u011e\u0130N\u0130 5 KATA KADAR ARTIRIN<\/div>\n<div>A\u015eINMAYA KAR\u015eI D\u0130REN\u00c7<\/div>\n<div>METALLER \u00dcZER\u0130NE UYGULANAB\u0130L\u0130R<\/div>\n<div>Y\u00dcKSEK H\u0130DROFOB\u0130K FORM\u00dcL<\/div>\n<div>UV VE K\u0130MYASAL Y\u00dcKSEK D\u0130REN\u00c7<\/div>\n","protected":false},"excerpt":{"rendered":"<p>\u00c7\u0131\u011f\u0131r a\u00e7an DQUARTZ nanodiamond teknolojisi art\u0131k kullan\u0131m\u0131 kolay bir Kendin Uygula (DIY) paketinde sunuluyor. Yepyeni DQUARTZ GForce cam seramik kaplamas\u0131<\/p>\n","protected":false},"featured_media":17243,"comment_status":"open","ping_status":"closed","template":"","meta":[],"product_brand":[233],"product_cat":[337,298],"product_tag":[],"class_list":{"0":"post-17242","1":"product","2":"type-product","3":"status-publish","4":"has-post-thumbnail","6":"product_brand-carpro","7":"product_cat-seramik","8":"product_cat-seramik-ve-korumalar","10":"first","11":"instock","12":"shipping-taxable","13":"purchasable","14":"product-type-simple"},"jetpack_sharing_enabled":true,"_links":{"self":[{"href":"https:\/\/junewax.com\/index.php?rest_route=\/wp\/v2\/product\/17242","targetHints":{"allow":["GET"]}}],"collection":[{"href":"https:\/\/junewax.com\/index.php?rest_route=\/wp\/v2\/product"}],"about":[{"href":"https:\/\/junewax.com\/index.php?rest_route=\/wp\/v2\/types\/product"}],"replies":[{"embeddable":true,"href":"https:\/\/junewax.com\/index.php?rest_route=%2Fwp%2Fv2%2Fcomments&post=17242"}],"version-history":[{"count":1,"href":"https:\/\/junewax.com\/index.php?rest_route=\/wp\/v2\/product\/17242\/revisions"}],"predecessor-version":[{"id":17244,"href":"https:\/\/junewax.com\/index.php?rest_route=\/wp\/v2\/product\/17242\/revisions\/17244"}],"wp:featuredmedia":[{"embeddable":true,"href":"https:\/\/junewax.com\/index.php?rest_route=\/wp\/v2\/media\/17243"}],"wp:attachment":[{"href":"https:\/\/junewax.com\/index.php?rest_route=%2Fwp%2Fv2%2Fmedia&parent=17242"}],"wp:term":[{"taxonomy":"product_brand","embeddable":true,"href":"https:\/\/junewax.com\/index.php?rest_route=%2Fwp%2Fv2%2Fproduct_brand&post=17242"},{"taxonomy":"product_cat","embeddable":true,"href":"https:\/\/junewax.com\/index.php?rest_route=%2Fwp%2Fv2%2Fproduct_cat&post=17242"},{"taxonomy":"product_tag","embeddable":true,"href":"https:\/\/junewax.com\/index.php?rest_route=%2Fwp%2Fv2%2Fproduct_tag&post=17242"}],"curies":[{"name":"wp","href":"https:\/\/api.w.org\/{rel}","templated":true}]}}