{"id":17245,"date":"2025-08-26T14:29:04","date_gmt":"2025-08-26T14:29:04","guid":{"rendered":"https:\/\/junewax.com\/?post_type=product&#038;p=17245"},"modified":"2025-08-26T14:29:05","modified_gmt":"2025-08-26T14:29:05","slug":"igl-ecocoat-elixir-seramik-kaplama-50ml","status":"publish","type":"product","link":"https:\/\/junewax.com\/?product=igl-ecocoat-elixir-seramik-kaplama-50ml","title":{"rendered":"\u0130gl Ecocoat Elixir Seramik Kaplama 50ml"},"content":{"rendered":"<div>Ecocoat Elixir, IGL Coatings&#8217;in m\u00fckemmelli\u011fi yeniden tan\u0131mlayan devrim niteli\u011findeki yeni tek katmanl\u0131 seramik kaplamas\u0131d\u0131r. Otomotiv y\u00fczeylerinin s\u00fcrekli de\u011fi\u015fen taleplerine uyum sa\u011flayan bir yenilik \u015faheseridir. Ola\u011fan\u00fcst\u00fc y\u00fcksek seviyede kayganl\u0131k ve s\u00fcper p\u00fcr\u00fczs\u00fcz, cam benzeri bir y\u00fczey sunan, muhtemelen 2024&#8217;\u00fcn en iyi seramik kaplamas\u0131d\u0131r!<\/div>\n<div><\/div>\n<div>Ecocoat Elixir ile uygulama se\u00e7eneklerini deneyimleyin! Profesyonel detayc\u0131lar i\u00e7in verimlili\u011fi ve rahatl\u0131\u011f\u0131 art\u0131r\u0131yor. Elixir, profesyonel detayc\u0131lar i\u00e7in oyunun kurallar\u0131n\u0131 de\u011fi\u015ftiren nihai tek katmanl\u0131 seramik kaplamad\u0131r.<\/div>\n<div><\/div>\n<div>Elixir&#8217;in \u00f6ne \u00e7\u0131kan \u00f6zelli\u011fi ola\u011fan\u00fcst\u00fc kayganl\u0131\u011f\u0131d\u0131r. Y\u00fczeyleri s\u00fcper p\u00fcr\u00fczs\u00fcz bir y\u00fczeye d\u00f6n\u00fc\u015ft\u00fcrerek l\u00fcks bir g\u00f6r\u00fcn\u00fcm ve e\u015fit derecede keyifli bir dokunsal deneyim sa\u011flar.<\/p>\n<div>\u00a0%57 oran\u0131nda P\u00fcr\u00fczs\u00fczl\u00fck artt\u0131r\u0131r\u00a0\u2705<\/div>\n<div>\u00a0%80 oran\u0131nda Su lekesi direnci kazand\u0131r\u0131r \u2705<\/div>\n<div>Su temas a\u00e7\u0131s\u0131 &gt;110\u00b0 \u2705<\/div>\n<\/div>\n","protected":false},"excerpt":{"rendered":"<p>Ecocoat Elixir, IGL Coatings&#8217;in m\u00fckemmelli\u011fi yeniden tan\u0131mlayan devrim niteli\u011findeki yeni tek katmanl\u0131 seramik kaplamas\u0131d\u0131r. Otomotiv y\u00fczeylerinin s\u00fcrekli de\u011fi\u015fen taleplerine uyum<\/p>\n","protected":false},"featured_media":17246,"comment_status":"open","ping_status":"closed","template":"","meta":[],"product_brand":[254],"product_cat":[337,298],"product_tag":[],"class_list":{"0":"post-17245","1":"product","2":"type-product","3":"status-publish","4":"has-post-thumbnail","6":"product_brand-igl-coatings","7":"product_cat-seramik","8":"product_cat-seramik-ve-korumalar","10":"first","11":"instock","12":"shipping-taxable","13":"purchasable","14":"product-type-simple"},"jetpack_sharing_enabled":true,"_links":{"self":[{"href":"https:\/\/junewax.com\/index.php?rest_route=\/wp\/v2\/product\/17245","targetHints":{"allow":["GET"]}}],"collection":[{"href":"https:\/\/junewax.com\/index.php?rest_route=\/wp\/v2\/product"}],"about":[{"href":"https:\/\/junewax.com\/index.php?rest_route=\/wp\/v2\/types\/product"}],"replies":[{"embeddable":true,"href":"https:\/\/junewax.com\/index.php?rest_route=%2Fwp%2Fv2%2Fcomments&post=17245"}],"version-history":[{"count":1,"href":"https:\/\/junewax.com\/index.php?rest_route=\/wp\/v2\/product\/17245\/revisions"}],"predecessor-version":[{"id":17247,"href":"https:\/\/junewax.com\/index.php?rest_route=\/wp\/v2\/product\/17245\/revisions\/17247"}],"wp:featuredmedia":[{"embeddable":true,"href":"https:\/\/junewax.com\/index.php?rest_route=\/wp\/v2\/media\/17246"}],"wp:attachment":[{"href":"https:\/\/junewax.com\/index.php?rest_route=%2Fwp%2Fv2%2Fmedia&parent=17245"}],"wp:term":[{"taxonomy":"product_brand","embeddable":true,"href":"https:\/\/junewax.com\/index.php?rest_route=%2Fwp%2Fv2%2Fproduct_brand&post=17245"},{"taxonomy":"product_cat","embeddable":true,"href":"https:\/\/junewax.com\/index.php?rest_route=%2Fwp%2Fv2%2Fproduct_cat&post=17245"},{"taxonomy":"product_tag","embeddable":true,"href":"https:\/\/junewax.com\/index.php?rest_route=%2Fwp%2Fv2%2Fproduct_tag&post=17245"}],"curies":[{"name":"wp","href":"https:\/\/api.w.org\/{rel}","templated":true}]}}