{"id":17254,"date":"2025-08-26T14:35:33","date_gmt":"2025-08-26T14:35:33","guid":{"rendered":"https:\/\/junewax.com\/?post_type=product&#038;p=17254"},"modified":"2025-08-26T14:35:33","modified_gmt":"2025-08-26T14:35:33","slug":"igl-ecocoat-kenzo-kit-seramik-kaplama-40ml","status":"publish","type":"product","link":"https:\/\/junewax.com\/?product=igl-ecocoat-kenzo-kit-seramik-kaplama-40ml","title":{"rendered":"\u0130gl Ecocoat Kenzo Kit Seramik Kaplama 40ml."},"content":{"rendered":"<div>\n<div>ecocoat kenzo, seramik kaplamalar i\u00e7in% 100 aktif malzeme form\u00fclasyonuna \u00f6nc\u00fcl\u00fck eden Do\u011fa Dostu seramik kaplamam\u0131zd\u0131r. En son nanoteknoloji kullan\u0131larak sentezlenen ecocoat kenzo, Wax&#8217;lardan 12 kat daha uzun s\u00fcren e\u015fsiz koruma ve p\u00fcr\u00fczs\u00fczl\u00fck sa\u011flarken Wax \u00dcr\u00fcnleriniden Daha zengin ve do\u011fal bir \u0131\u015f\u0131lt\u0131 yayan kal\u0131n bir 10H sertlik koruma tabakas\u0131 olu\u015fturur. Sonu\u00e7, 5 y\u0131la kadar \u00e7arp\u0131c\u0131 ve G\u00f6z Al\u0131c\u0131 bir \u0131\u015f\u0131lt\u0131 B\u0131rak\u0131r.<\/div>\n<\/div>\n<div><\/div>\n<div>Y\u00dcKSEK KATI B\u0130LE\u015e\u0130K\u00a0\u00a0% 100 aktif malzeme i\u00e7eri\u011fi ve %0 \u00e7\u00f6z\u00fcc\u00fc ile kal\u0131n bir film yap\u0131s\u0131 olu\u015fturur ,\u00a0A\u015eIRI SERTL\u0130K\u00a0Y\u00fczeyde Kurudu \u00c7apraz Ba\u011flar Sayesinde Tam K\u00fcrle\u015fti\u011finde 10H Sertli\u011fe Ula\u015f\u0131r ,\u00a0K\u0130R TUTMAMA\u00a0Kendi kendini temizleme etkisi sayesinde y\u00fczey daha uzun s\u00fcre temiz kal\u0131r ,\u00a0\u0130PEKS\u0130\u00a0 P\u00dcR\u00dcZS\u00dcZ Y\u00dcZEY\u00a0Waxa rakip olan yumu\u015fak l\u00fcks ipe\u011fe benzer bir doku sa\u011flayan ilk kaplama ,\u00a0SU LEKES\u0130 D\u0130RENC\u0130\u00a0Kaplamal\u0131 ara\u00e7larda su lekesine kar\u015f\u0131\u00a0 direncini art\u0131rmak i\u00e7in geli\u015ftirilmi\u015f form\u00fclasyon ,\u00a0\u00dcST\u00dcN H\u0130DROFOB\u0130K KAL\u0130TE\u00a0120\u00b0 &#8216;yi a\u015fan ve uzun s\u00fcre bu a\u00e7\u0131ya yak\u0131n kalan su \u0130tici a\u00e7\u0131s\u0131.<\/div>\n","protected":false},"excerpt":{"rendered":"<p>ecocoat kenzo, seramik kaplamalar i\u00e7in% 100 aktif malzeme form\u00fclasyonuna \u00f6nc\u00fcl\u00fck eden Do\u011fa Dostu seramik kaplamam\u0131zd\u0131r. En son nanoteknoloji kullan\u0131larak sentezlenen<\/p>\n","protected":false},"featured_media":17255,"comment_status":"open","ping_status":"closed","template":"","meta":[],"product_brand":[254],"product_cat":[337,298],"product_tag":[],"class_list":{"0":"post-17254","1":"product","2":"type-product","3":"status-publish","4":"has-post-thumbnail","6":"product_brand-igl-coatings","7":"product_cat-seramik","8":"product_cat-seramik-ve-korumalar","10":"first","11":"instock","12":"shipping-taxable","13":"product-type-simple"},"jetpack_sharing_enabled":true,"_links":{"self":[{"href":"https:\/\/junewax.com\/index.php?rest_route=\/wp\/v2\/product\/17254","targetHints":{"allow":["GET"]}}],"collection":[{"href":"https:\/\/junewax.com\/index.php?rest_route=\/wp\/v2\/product"}],"about":[{"href":"https:\/\/junewax.com\/index.php?rest_route=\/wp\/v2\/types\/product"}],"replies":[{"embeddable":true,"href":"https:\/\/junewax.com\/index.php?rest_route=%2Fwp%2Fv2%2Fcomments&post=17254"}],"version-history":[{"count":1,"href":"https:\/\/junewax.com\/index.php?rest_route=\/wp\/v2\/product\/17254\/revisions"}],"predecessor-version":[{"id":17258,"href":"https:\/\/junewax.com\/index.php?rest_route=\/wp\/v2\/product\/17254\/revisions\/17258"}],"wp:featuredmedia":[{"embeddable":true,"href":"https:\/\/junewax.com\/index.php?rest_route=\/wp\/v2\/media\/17255"}],"wp:attachment":[{"href":"https:\/\/junewax.com\/index.php?rest_route=%2Fwp%2Fv2%2Fmedia&parent=17254"}],"wp:term":[{"taxonomy":"product_brand","embeddable":true,"href":"https:\/\/junewax.com\/index.php?rest_route=%2Fwp%2Fv2%2Fproduct_brand&post=17254"},{"taxonomy":"product_cat","embeddable":true,"href":"https:\/\/junewax.com\/index.php?rest_route=%2Fwp%2Fv2%2Fproduct_cat&post=17254"},{"taxonomy":"product_tag","embeddable":true,"href":"https:\/\/junewax.com\/index.php?rest_route=%2Fwp%2Fv2%2Fproduct_tag&post=17254"}],"curies":[{"name":"wp","href":"https:\/\/api.w.org\/{rel}","templated":true}]}}