{"id":17479,"date":"2025-09-11T12:19:53","date_gmt":"2025-09-11T12:19:53","guid":{"rendered":"https:\/\/junewax.com\/?post_type=product&#038;p=17479"},"modified":"2025-09-16T12:09:15","modified_gmt":"2025-09-16T12:09:15","slug":"areon-x-kiss-vanilla-mystery","status":"publish","type":"product","link":"https:\/\/junewax.com\/?product=areon-x-kiss-vanilla-mystery","title":{"rendered":"Areon X Kiss Vanilla Mystery"},"content":{"rendered":"<div>\u00d6zel ve zarif tasar\u0131m\u0131yla Areon X Vanilla Mystery, taze ve ferah kokular\u0131yla ile duyular\u0131n\u0131z\u0131 memnun eder ve ortam\u0131n\u0131z\u0131n havas\u0131n\u0131 de\u011fi\u015ftirir.<\/div>\n<div>Koku: Vanilya Mystery<\/div>\n<div>Ba\u015f Notalar: Portakal, Kiraz, Rum<\/div>\n<div>Kalp Notalar: T\u00fct\u00fcn, Pa\u00e7uli, Sandal A\u011fac\u0131<\/div>\n<div>Alt Notalar: Deri,Vanilya, Misk<\/div>\n<div>Kullan\u0131m i\u00e7in talimatlar:<\/div>\n<div>\u00dcr\u00fcn\u00fc s\u00fcr\u00fcc\u00fcn\u00fcn g\u00f6r\u00fc\u015f\u00fcn\u00fc engellemeyecek \u015fekilde araban\u0131zda diledi\u011finiz bir yere dikey konumda as\u0131n.<\/div>\n<div>\u00dcr\u00fcn\u00fc herhangi bir y\u00fczeyle temas etmemesine dikkat edin, zarar g\u00f6rebilir.<\/div>\n<div>5\u00b0C ile 30\u00b0C aras\u0131nda saklay\u0131n ve kullan\u0131n.<\/div>\n<div>\u00dcr\u00fcn\u00fc do\u011frudan g\u00fcne\u015f \u0131\u015f\u0131\u011f\u0131na maruz b\u0131rakmay\u0131n.<\/div>\n","protected":false},"excerpt":{"rendered":"<p>\u00d6zel ve zarif tasar\u0131m\u0131yla Areon X Vanilla Mystery, taze ve ferah kokular\u0131yla ile duyular\u0131n\u0131z\u0131 memnun eder ve ortam\u0131n\u0131z\u0131n havas\u0131n\u0131 de\u011fi\u015ftirir.<\/p>\n","protected":false},"featured_media":17480,"comment_status":"open","ping_status":"closed","template":"","meta":[],"product_brand":[542],"product_cat":[356,541,551],"product_tag":[],"class_list":{"0":"post-17479","1":"product","2":"type-product","3":"status-publish","4":"has-post-thumbnail","6":"product_brand-areon","7":"product_cat-ic-bakim-urunleri","8":"product_cat-areon","9":"product_cat-ayna-asma-kokular","11":"first","12":"instock","13":"shipping-taxable","14":"purchasable","15":"product-type-simple"},"jetpack_sharing_enabled":true,"_links":{"self":[{"href":"https:\/\/junewax.com\/index.php?rest_route=\/wp\/v2\/product\/17479","targetHints":{"allow":["GET"]}}],"collection":[{"href":"https:\/\/junewax.com\/index.php?rest_route=\/wp\/v2\/product"}],"about":[{"href":"https:\/\/junewax.com\/index.php?rest_route=\/wp\/v2\/types\/product"}],"replies":[{"embeddable":true,"href":"https:\/\/junewax.com\/index.php?rest_route=%2Fwp%2Fv2%2Fcomments&post=17479"}],"version-history":[{"count":1,"href":"https:\/\/junewax.com\/index.php?rest_route=\/wp\/v2\/product\/17479\/revisions"}],"predecessor-version":[{"id":17481,"href":"https:\/\/junewax.com\/index.php?rest_route=\/wp\/v2\/product\/17479\/revisions\/17481"}],"wp:featuredmedia":[{"embeddable":true,"href":"https:\/\/junewax.com\/index.php?rest_route=\/wp\/v2\/media\/17480"}],"wp:attachment":[{"href":"https:\/\/junewax.com\/index.php?rest_route=%2Fwp%2Fv2%2Fmedia&parent=17479"}],"wp:term":[{"taxonomy":"product_brand","embeddable":true,"href":"https:\/\/junewax.com\/index.php?rest_route=%2Fwp%2Fv2%2Fproduct_brand&post=17479"},{"taxonomy":"product_cat","embeddable":true,"href":"https:\/\/junewax.com\/index.php?rest_route=%2Fwp%2Fv2%2Fproduct_cat&post=17479"},{"taxonomy":"product_tag","embeddable":true,"href":"https:\/\/junewax.com\/index.php?rest_route=%2Fwp%2Fv2%2Fproduct_tag&post=17479"}],"curies":[{"name":"wp","href":"https:\/\/api.w.org\/{rel}","templated":true}]}}