{"id":17612,"date":"2025-09-13T12:19:20","date_gmt":"2025-09-13T12:19:20","guid":{"rendered":"https:\/\/junewax.com\/?product=slopes-x12-siyah-tek-adim-pasta-1lt"},"modified":"2026-04-15T20:37:52","modified_gmt":"2026-04-15T20:37:52","slug":"slopes-x12-siyah-tek-adim-pasta-1lt","status":"publish","type":"product","link":"https:\/\/junewax.com\/?product=slopes-x12-siyah-tek-adim-pasta-1lt","title":{"rendered":"SLOPES X12 S\u0130YAH TEK ADIM PASTA 1LT"},"content":{"rendered":"<div style=\"font-family:Rubik,sans-serif;font-size:13px;font-style:normal;font-weight:400;letter-spacing:normal;text-transform:none;text-align:left\">Siyah Arac\u0131n\u0131z\u0131n Boyas\u0131nda M\u00fckemmelli\u011fe Ula\u015fman\u0131n S\u0131rr\u0131\n<\/div>\n<div style=\"font-family:Rubik,sans-serif;font-size:13px;font-style:normal;font-weight:400;letter-spacing:normal;text-transform:none\">\n<\/div>\n<div style=\"font-family:Rubik,sans-serif;font-size:13px;font-style:normal;font-weight:400;letter-spacing:normal;text-transform:none;text-align:left\">Slopes X12 \u2013 Tek Ad\u0131mda Y\u00fcksek Performansl\u0131 Pasta\n<\/div>\n<div style=\"font-family:Rubik,sans-serif;font-size:13px;font-style:normal;font-weight:400;letter-spacing:normal;text-transform:none\">\n<\/div>\n<div style=\"font-family:Rubik,sans-serif;font-size:13px;font-style:normal;font-weight:400;letter-spacing:normal;text-transform:none;text-align:left\">\u00c7izikler Art\u0131k Sorun De\u011fil\n<\/div>\n<div style=\"font-family:Rubik,sans-serif;font-size:13px;font-style:normal;font-weight:400;letter-spacing:normal;text-transform:none\">\n<\/div>\n<div style=\"font-family:Rubik,sans-serif;font-size:13px;font-style:normal;font-weight:400;letter-spacing:normal;text-transform:none;text-align:left\">Slopes X12, boya y\u00fczeyindeki derin \u00e7izikleri kolayca giderirken, koyu renkli ara\u00e7larda s\u0131k\u00e7a g\u00f6r\u00fclen hologram ve harelenmeleri ortadan kald\u0131r\u0131r. Ayr\u0131ca ta\u015f izlerini ve onar\u0131lmas\u0131 m\u00fcmk\u00fcn olmayan \u00e7izikleri de ba\u015far\u0131l\u0131 bir \u015fekilde maskeleyerek kusursuz bir g\u00f6r\u00fcn\u00fcm sa\u011flar.\n<\/div>\n<div style=\"font-family:Rubik,sans-serif;font-size:13px;font-style:normal;font-weight:400;letter-spacing:normal;text-transform:none\">\n<\/div>\n<div style=\"font-family:Rubik,sans-serif;font-size:13px;font-style:normal;font-weight:400;letter-spacing:normal;text-transform:none;text-align:left\">Ayna Gibi Parlakl\u0131k\n<\/div>\n<div style=\"font-family:Rubik,sans-serif;font-size:13px;font-style:normal;font-weight:400;letter-spacing:normal;text-transform:none\">\n<\/div>\n<div style=\"font-family:Rubik,sans-serif;font-size:13px;font-style:normal;font-weight:400;letter-spacing:normal;text-transform:none;text-align:left\">Siyah ara\u00e7lara \u00f6zel olarak geli\u015ftirilmi\u015f tek ad\u0131ml\u0131 bile\u015fimi sayesinde, boyada g\u00f6z al\u0131c\u0131 bir derinlik ve ayna parlakl\u0131\u011f\u0131 olu\u015fturur.\n<\/div>\n<div style=\"font-family:Rubik,sans-serif;font-size:13px;font-style:normal;font-weight:400;letter-spacing:normal;text-transform:none\">\n<\/div>\n<div style=\"font-family:Rubik,sans-serif;font-size:13px;font-style:normal;font-weight:400;letter-spacing:normal;text-transform:none;text-align:left\">Uygulama \u0130pu\u00e7lar\u0131 \u2013 Do\u011fru Ekipmanla Maksimum Verim\n<\/div>\n<div style=\"font-family:Rubik,sans-serif;font-size:13px;font-style:normal;font-weight:400;letter-spacing:normal;text-transform:none\">\n<\/div>\n<div style=\"font-family:Rubik,sans-serif;font-size:13px;font-style:normal;font-weight:400;letter-spacing:normal;text-transform:none;text-align:left\">En iyi sonucu almak i\u00e7in do\u011fru ekipman kullan\u0131m\u0131 b\u00fcy\u00fck \u00f6nem ta\u015f\u0131r:\n<\/div>\n<div style=\"font-family:Rubik,sans-serif;font-size:13px;font-style:normal;font-weight:400;letter-spacing:normal;text-transform:none;text-align:left\"><span><span> <\/span>\u2022<span> <\/span>Sar\u0131 Ke\u00e7e &amp; Bordo S\u00fcnger \u2192 \u00c7izik giderici pasta performans\u0131n\u0131 en \u00fcst seviyeye \u00e7\u0131kar\u0131r.<\/span>\n<\/div>\n<div style=\"font-family:Rubik,sans-serif;font-size:13px;font-style:normal;font-weight:400;letter-spacing:normal;text-transform:none;text-align:left\"><span><span> <\/span>\u2022<span> <\/span>Turuncu S\u00fcnger \u2192 \u0130nce pasta etkisiyle y\u00fczeye ekstra canl\u0131l\u0131k kazand\u0131r\u0131r ve hatalar\u0131 kapat\u0131r.<\/span>\n<\/div>\n<div style=\"font-family:Rubik,sans-serif;font-size:13px;font-style:normal;font-weight:400;letter-spacing:normal;text-transform:none\">\n<\/div>\n<div style=\"font-family:Rubik,sans-serif;font-size:13px;font-style:normal;font-weight:400;letter-spacing:normal;text-transform:none;text-align:left\">Sonu\u00e7\n<\/div>\n<div style=\"font-family:Rubik,sans-serif;font-size:13px;font-style:normal;font-weight:400;letter-spacing:normal;text-transform:none\">\n<\/div>\n<div style=\"font-family:Rubik,sans-serif;font-size:13px;font-style:normal;font-weight:400;letter-spacing:normal;text-transform:none;text-align:left\">Siyah arac\u0131n\u0131z\u0131n boyas\u0131nda hem \u00e7izikleri gidermek hem de ola\u011fan\u00fcst\u00fc bir parlakl\u0131k elde etmek istiyorsan\u0131z, Slopes X12 tam size g\u00f6re! Geli\u015fmi\u015f form\u00fcl\u00fc ve kolay uygulanabilirli\u011fi ile arac\u0131n\u0131za profesyonel bir dokunu\u015f kat\u0131n.<\/div>\n","protected":false},"excerpt":{"rendered":"<p>Siyah Arac\u0131n\u0131z\u0131n Boyas\u0131nda M\u00fckemmelli\u011fe Ula\u015fman\u0131n S\u0131rr\u0131 Slopes X12 \u2013 Tek Ad\u0131mda Y\u00fcksek Performansl\u0131 Pasta \u00c7izikler Art\u0131k Sorun De\u011fil Slopes X12,<\/p>\n","protected":false},"featured_media":17611,"comment_status":"open","ping_status":"closed","template":"","meta":[],"product_brand":[],"product_cat":[194,280],"product_tag":[],"class_list":{"0":"post-17612","1":"product","2":"type-product","3":"status-publish","4":"has-post-thumbnail","6":"product_cat-pasta-ve-hare-gidericiler","7":"product_cat-tek-adim-pastalar","9":"first","10":"instock","11":"shipping-taxable","12":"purchasable","13":"product-type-simple"},"jetpack_sharing_enabled":true,"_links":{"self":[{"href":"https:\/\/junewax.com\/index.php?rest_route=\/wp\/v2\/product\/17612","targetHints":{"allow":["GET"]}}],"collection":[{"href":"https:\/\/junewax.com\/index.php?rest_route=\/wp\/v2\/product"}],"about":[{"href":"https:\/\/junewax.com\/index.php?rest_route=\/wp\/v2\/types\/product"}],"replies":[{"embeddable":true,"href":"https:\/\/junewax.com\/index.php?rest_route=%2Fwp%2Fv2%2Fcomments&post=17612"}],"version-history":[{"count":1,"href":"https:\/\/junewax.com\/index.php?rest_route=\/wp\/v2\/product\/17612\/revisions"}],"predecessor-version":[{"id":18185,"href":"https:\/\/junewax.com\/index.php?rest_route=\/wp\/v2\/product\/17612\/revisions\/18185"}],"wp:featuredmedia":[{"embeddable":true,"href":"https:\/\/junewax.com\/index.php?rest_route=\/wp\/v2\/media\/17611"}],"wp:attachment":[{"href":"https:\/\/junewax.com\/index.php?rest_route=%2Fwp%2Fv2%2Fmedia&parent=17612"}],"wp:term":[{"taxonomy":"product_brand","embeddable":true,"href":"https:\/\/junewax.com\/index.php?rest_route=%2Fwp%2Fv2%2Fproduct_brand&post=17612"},{"taxonomy":"product_cat","embeddable":true,"href":"https:\/\/junewax.com\/index.php?rest_route=%2Fwp%2Fv2%2Fproduct_cat&post=17612"},{"taxonomy":"product_tag","embeddable":true,"href":"https:\/\/junewax.com\/index.php?rest_route=%2Fwp%2Fv2%2Fproduct_tag&post=17612"}],"curies":[{"name":"wp","href":"https:\/\/api.w.org\/{rel}","templated":true}]}}