{"id":17614,"date":"2025-09-13T13:09:20","date_gmt":"2025-09-13T13:09:20","guid":{"rendered":"https:\/\/junewax.com\/?product=junewax-jw05-adhesive-remover-yapiskan-etiket-sokucu-600-ml"},"modified":"2025-09-13T13:09:20","modified_gmt":"2025-09-13T13:09:20","slug":"junewax-jw05-adhesive-remover-yapiskan-etiket-sokucu-600-ml","status":"publish","type":"product","link":"https:\/\/junewax.com\/?product=junewax-jw05-adhesive-remover-yapiskan-etiket-sokucu-600-ml","title":{"rendered":"Junewax JW05 Adhesive Remover Yap\u0131\u015fkan Etiket S\u00f6k\u00fcc\u00fc 600 Ml"},"content":{"rendered":"<p>Yap\u0131\u015fkan S\u00f6kt\u00fcc\u00fc<\/p>\n<p>\u00d6ZELL\u0130KLER:<br \/>\nForceful, ekstra g\u00fc\u00e7l\u00fc form\u00fcl\u00fc sayesinde etiket, bant, folyo izlerini ve yap\u0131\u015fkan kal\u0131nt\u0131lar\u0131n\u0131 kaz\u0131maya gerek duymadan h\u0131zl\u0131ca \u00e7\u00f6zer. G\u0131da \u00fcr\u00fcnleriyle direkt temas edecek y\u00fczeyler hari\u00e7 t\u00fcm y\u00fczeylerde g\u00fcvenle kullan\u0131labilir.<\/p>\n<p>UYGULAMA:<br \/>\nKullanmadan \u00f6nce iyice \u00e7alkalay\u0131n\u0131z. \u00dcr\u00fcn\u00fc yakla\u015f\u0131k 20 cm mesafeden dik tutarak p\u00fcsk\u00fcrt\u00fcn\u00fcz. Temiz bir bez yard\u0131m\u0131 ile yap\u0131\u015fkan\u0131 temizleyiniz. Yap\u0131\u015fkan\u0131n yo\u011funlu\u011funa g\u00f6re i\u015flemi tekrarlay\u0131n\u0131z.<\/p>\n","protected":false},"excerpt":{"rendered":"<p>Yap\u0131\u015fkan S\u00f6kt\u00fcc\u00fc \u00d6ZELL\u0130KLER: Forceful, ekstra g\u00fc\u00e7l\u00fc form\u00fcl\u00fc sayesinde etiket, bant, folyo izlerini ve yap\u0131\u015fkan kal\u0131nt\u0131lar\u0131n\u0131 kaz\u0131maya gerek duymadan h\u0131zl\u0131ca \u00e7\u00f6zer.<\/p>\n","protected":false},"featured_media":17613,"comment_status":"open","ping_status":"closed","template":"","meta":[],"product_brand":[],"product_cat":[396,182,539,478],"product_tag":[],"class_list":{"0":"post-17614","1":"product","2":"type-product","3":"status-publish","4":"has-post-thumbnail","6":"product_cat-dis-bakim-urunleri","7":"product_cat-genel","8":"product_cat-junewax-aeresol","9":"product_cat-kil-urunleri","11":"first","12":"instock","13":"shipping-taxable","14":"purchasable","15":"product-type-simple"},"jetpack_sharing_enabled":true,"_links":{"self":[{"href":"https:\/\/junewax.com\/index.php?rest_route=\/wp\/v2\/product\/17614","targetHints":{"allow":["GET"]}}],"collection":[{"href":"https:\/\/junewax.com\/index.php?rest_route=\/wp\/v2\/product"}],"about":[{"href":"https:\/\/junewax.com\/index.php?rest_route=\/wp\/v2\/types\/product"}],"replies":[{"embeddable":true,"href":"https:\/\/junewax.com\/index.php?rest_route=%2Fwp%2Fv2%2Fcomments&post=17614"}],"version-history":[{"count":0,"href":"https:\/\/junewax.com\/index.php?rest_route=\/wp\/v2\/product\/17614\/revisions"}],"wp:featuredmedia":[{"embeddable":true,"href":"https:\/\/junewax.com\/index.php?rest_route=\/wp\/v2\/media\/17613"}],"wp:attachment":[{"href":"https:\/\/junewax.com\/index.php?rest_route=%2Fwp%2Fv2%2Fmedia&parent=17614"}],"wp:term":[{"taxonomy":"product_brand","embeddable":true,"href":"https:\/\/junewax.com\/index.php?rest_route=%2Fwp%2Fv2%2Fproduct_brand&post=17614"},{"taxonomy":"product_cat","embeddable":true,"href":"https:\/\/junewax.com\/index.php?rest_route=%2Fwp%2Fv2%2Fproduct_cat&post=17614"},{"taxonomy":"product_tag","embeddable":true,"href":"https:\/\/junewax.com\/index.php?rest_route=%2Fwp%2Fv2%2Fproduct_tag&post=17614"}],"curies":[{"name":"wp","href":"https:\/\/api.w.org\/{rel}","templated":true}]}}