{"id":17678,"date":"2025-09-16T10:38:21","date_gmt":"2025-09-16T10:38:21","guid":{"rendered":"https:\/\/junewax.com\/?post_type=product&#038;p=17678"},"modified":"2026-04-15T20:36:47","modified_gmt":"2026-04-15T20:36:47","slug":"areon-gel-can-citrus-squash-bardaklik-oto-arac-kokusu","status":"publish","type":"product","link":"https:\/\/junewax.com\/?product=areon-gel-can-citrus-squash-bardaklik-oto-arac-kokusu","title":{"rendered":"Areon Gel Can Citrus Squash Bardaklik Oto Ara\u00e7 Kokusu"},"content":{"rendered":"<p><strong>AREON GEL CAN CITRUS SQUASH BARDAKLIK OTO ARA\u00c7 KOKUSU\u00a0<\/strong><\/p>\n<p>Duyular\u0131n\u0131z\u0131 fethedecek yo\u011fun bir kokunun b\u00fcy\u00fcs\u00fcne kap\u0131l\u0131n. Areon Gel Can araba, banyo, yatak odas\u0131 veya tuvalet gibi her i\u00e7 mekan\u0131 tazeler. Rahatl\u0131\u011fa ihtiya\u00e7 duyan t\u00fcm mekanlarda kullan\u0131n.<\/p>\n<p><strong>Koku: Citrus Squash<\/strong><\/p>\n<p><strong>\u00dcst Notalar: Mandalina, Rendelenmi\u015f Laym Kabu\u011fu<\/strong><\/p>\n<p><strong>Kalp Notalar: Limon Suyu, Akdeniz Tatl\u0131 Laym\u0131<\/strong><\/p>\n<p><strong>Alt Notalar: Vanilya, \u015eekerlenmi\u015f Limon<\/strong><\/p>\n<h3><strong>Kullan\u0131m i\u00e7in talimatlar:<\/strong><\/h3>\n<p>Kutunun \u00fcst\u00fcndeki plastik \u0131zgaray\u0131 \u00e7\u0131kar\u0131n.<\/p>\n<p>Metal kapa\u011f\u0131 \u00e7\u0131karmak ve plastik \u0131zgaray\u0131 de\u011fi\u015ftirmek i\u00e7in halkay\u0131 \u00e7ekin.<\/p>\n<p>Plastik \u0131zgaray\u0131 tekrar \u00fcr\u00fcn\u00fcn \u00fcst\u00fcne yerle\u015ftirin.<\/p>\n<p>\u00dcr\u00fcn\u00fc 5\u00b0C ile 30\u00b0C aras\u0131ndaki s\u0131cakl\u0131klarda saklay\u0131n ve kullan\u0131n.<\/p>\n<p>\u00dcr\u00fcn\u00fc do\u011frudan g\u00fcne\u015f \u0131\u015f\u0131\u011f\u0131na maruz b\u0131rakmay\u0131n.<\/p>\n<p>\u00dcr\u00fcn\u00fcn herhangi bir y\u00fczeyle temas etmemesine dikkat ediniz.<\/p>\n","protected":false},"excerpt":{"rendered":"<p>AREON GEL CAN CITRUS SQUASH BARDAKLIK OTO ARA\u00c7 KOKUSU\u00a0 Duyular\u0131n\u0131z\u0131 fethedecek yo\u011fun bir kokunun b\u00fcy\u00fcs\u00fcne kap\u0131l\u0131n. Areon Gel Can araba,<\/p>\n","protected":false},"featured_media":17679,"comment_status":"open","ping_status":"closed","template":"","meta":[],"product_brand":[542],"product_cat":[356,541,552],"product_tag":[],"class_list":{"0":"post-17678","1":"product","2":"type-product","3":"status-publish","4":"has-post-thumbnail","6":"product_brand-areon","7":"product_cat-ic-bakim-urunleri","8":"product_cat-areon","9":"product_cat-bardaklik-oto-arac-kokulari","11":"first","12":"outofstock","13":"shipping-taxable","14":"purchasable","15":"product-type-simple"},"jetpack_sharing_enabled":true,"_links":{"self":[{"href":"https:\/\/junewax.com\/index.php?rest_route=\/wp\/v2\/product\/17678","targetHints":{"allow":["GET"]}}],"collection":[{"href":"https:\/\/junewax.com\/index.php?rest_route=\/wp\/v2\/product"}],"about":[{"href":"https:\/\/junewax.com\/index.php?rest_route=\/wp\/v2\/types\/product"}],"replies":[{"embeddable":true,"href":"https:\/\/junewax.com\/index.php?rest_route=%2Fwp%2Fv2%2Fcomments&post=17678"}],"version-history":[{"count":1,"href":"https:\/\/junewax.com\/index.php?rest_route=\/wp\/v2\/product\/17678\/revisions"}],"predecessor-version":[{"id":17680,"href":"https:\/\/junewax.com\/index.php?rest_route=\/wp\/v2\/product\/17678\/revisions\/17680"}],"wp:featuredmedia":[{"embeddable":true,"href":"https:\/\/junewax.com\/index.php?rest_route=\/wp\/v2\/media\/17679"}],"wp:attachment":[{"href":"https:\/\/junewax.com\/index.php?rest_route=%2Fwp%2Fv2%2Fmedia&parent=17678"}],"wp:term":[{"taxonomy":"product_brand","embeddable":true,"href":"https:\/\/junewax.com\/index.php?rest_route=%2Fwp%2Fv2%2Fproduct_brand&post=17678"},{"taxonomy":"product_cat","embeddable":true,"href":"https:\/\/junewax.com\/index.php?rest_route=%2Fwp%2Fv2%2Fproduct_cat&post=17678"},{"taxonomy":"product_tag","embeddable":true,"href":"https:\/\/junewax.com\/index.php?rest_route=%2Fwp%2Fv2%2Fproduct_tag&post=17678"}],"curies":[{"name":"wp","href":"https:\/\/api.w.org\/{rel}","templated":true}]}}