{"id":17693,"date":"2025-09-16T10:41:58","date_gmt":"2025-09-16T10:41:58","guid":{"rendered":"https:\/\/junewax.com\/?post_type=product&#038;p=17693"},"modified":"2026-04-15T20:36:21","modified_gmt":"2026-04-15T20:36:21","slug":"areon-gel-can-peach-bardaklik-oto-arac-kokusu","status":"publish","type":"product","link":"https:\/\/junewax.com\/?product=areon-gel-can-peach-bardaklik-oto-arac-kokusu","title":{"rendered":"Areon Gel Can Peach Bardaklik Oto Ara\u00e7 Kokusu"},"content":{"rendered":"<p><strong>AREON GEL CAN PEACH BARDAKLIK OTO ARA\u00c7 KOKUSU\u00a0<\/strong><\/p>\n<p>Duyular\u0131n\u0131z\u0131 fethedecek yo\u011fun bir kokunun b\u00fcy\u00fcs\u00fcne kap\u0131l\u0131n. Areon Gel Can araba, banyo, yatak odas\u0131 veya tuvalet gibi her i\u00e7 mekan\u0131 tazeler. Rahatl\u0131\u011fa ihtiya\u00e7 duyan t\u00fcm mekanlarda kullan\u0131n.<\/p>\n<p><strong>Koku: \u015eeftali<\/strong><\/p>\n<p><strong>\u00dcst Notalar: Frenk \u00dcz\u00fcm\u00fc Tohumu, \u015eeftali A\u011fac\u0131 Yapraklar\u0131, Mandalina<\/strong><\/p>\n<p><strong>Kalp Notalar: \u015eeftali Nektari, \u015eakay\u0131k, G\u00fcl<\/strong><\/p>\n<p><strong>Alt Notalar: beyaz Misk, Kays\u0131, Sar\u0131 \u015eeftali<\/strong><\/p>\n<h3><strong>Kullan\u0131m i\u00e7in talimatlar:<\/strong><\/h3>\n<p>Kutunun \u00fcst\u00fcndeki plastik \u0131zgaray\u0131 \u00e7\u0131kar\u0131n.<\/p>\n<p>Metal kapa\u011f\u0131 \u00e7\u0131karmak ve plastik \u0131zgaray\u0131 de\u011fi\u015ftirmek i\u00e7in halkay\u0131 \u00e7ekin.<\/p>\n<p>Plastik \u0131zgaray\u0131 tekrar \u00fcr\u00fcn\u00fcn \u00fcst\u00fcne yerle\u015ftirin.<\/p>\n<p>\u00dcr\u00fcn\u00fc 5\u00b0C ile 30\u00b0C aras\u0131ndaki s\u0131cakl\u0131klarda saklay\u0131n ve kullan\u0131n.<\/p>\n<p>\u00dcr\u00fcn\u00fc do\u011frudan g\u00fcne\u015f \u0131\u015f\u0131\u011f\u0131na maruz b\u0131rakmay\u0131n.<\/p>\n<p>\u00dcr\u00fcn\u00fcn herhangi bir y\u00fczeyle temas etmemesine dikkat ediniz.<\/p>\n","protected":false},"excerpt":{"rendered":"<p>AREON GEL CAN PEACH BARDAKLIK OTO ARA\u00c7 KOKUSU\u00a0 Duyular\u0131n\u0131z\u0131 fethedecek yo\u011fun bir kokunun b\u00fcy\u00fcs\u00fcne kap\u0131l\u0131n. Areon Gel Can araba, banyo,<\/p>\n","protected":false},"featured_media":17694,"comment_status":"open","ping_status":"closed","template":"","meta":[],"product_brand":[542],"product_cat":[541,552,356],"product_tag":[],"class_list":{"0":"post-17693","1":"product","2":"type-product","3":"status-publish","4":"has-post-thumbnail","6":"product_brand-areon","7":"product_cat-areon","8":"product_cat-bardaklik-oto-arac-kokulari","9":"product_cat-ic-bakim-urunleri","11":"first","12":"outofstock","13":"shipping-taxable","14":"purchasable","15":"product-type-simple"},"jetpack_sharing_enabled":true,"_links":{"self":[{"href":"https:\/\/junewax.com\/index.php?rest_route=\/wp\/v2\/product\/17693","targetHints":{"allow":["GET"]}}],"collection":[{"href":"https:\/\/junewax.com\/index.php?rest_route=\/wp\/v2\/product"}],"about":[{"href":"https:\/\/junewax.com\/index.php?rest_route=\/wp\/v2\/types\/product"}],"replies":[{"embeddable":true,"href":"https:\/\/junewax.com\/index.php?rest_route=%2Fwp%2Fv2%2Fcomments&post=17693"}],"version-history":[{"count":1,"href":"https:\/\/junewax.com\/index.php?rest_route=\/wp\/v2\/product\/17693\/revisions"}],"predecessor-version":[{"id":17695,"href":"https:\/\/junewax.com\/index.php?rest_route=\/wp\/v2\/product\/17693\/revisions\/17695"}],"wp:featuredmedia":[{"embeddable":true,"href":"https:\/\/junewax.com\/index.php?rest_route=\/wp\/v2\/media\/17694"}],"wp:attachment":[{"href":"https:\/\/junewax.com\/index.php?rest_route=%2Fwp%2Fv2%2Fmedia&parent=17693"}],"wp:term":[{"taxonomy":"product_brand","embeddable":true,"href":"https:\/\/junewax.com\/index.php?rest_route=%2Fwp%2Fv2%2Fproduct_brand&post=17693"},{"taxonomy":"product_cat","embeddable":true,"href":"https:\/\/junewax.com\/index.php?rest_route=%2Fwp%2Fv2%2Fproduct_cat&post=17693"},{"taxonomy":"product_tag","embeddable":true,"href":"https:\/\/junewax.com\/index.php?rest_route=%2Fwp%2Fv2%2Fproduct_tag&post=17693"}],"curies":[{"name":"wp","href":"https:\/\/api.w.org\/{rel}","templated":true}]}}