{"id":17717,"date":"2025-09-16T10:49:22","date_gmt":"2025-09-16T10:49:22","guid":{"rendered":"https:\/\/junewax.com\/?post_type=product&#038;p=17717"},"modified":"2025-09-16T12:02:18","modified_gmt":"2025-09-16T12:02:18","slug":"areon-liquid-5-ml-pine-oto-arac-kokusu","status":"publish","type":"product","link":"https:\/\/junewax.com\/?product=areon-liquid-5-ml-pine-oto-arac-kokusu","title":{"rendered":"Areon Liquid 5 Ml Pine Oto Ara\u00e7 Kokusu"},"content":{"rendered":"<p><strong>AREON \u00a0LIQUID 5 ML PINE OTO ARA\u00c7 KOKUSU<\/strong><\/p>\n<p>\u0130\u00e7 mekan\u0131n\u0131zda ho\u015f bir atmosfer yarat\u0131n. Areon Liquid Serisi, e\u015fsiz kokusuyla duyular\u0131n\u0131z\u0131 mest edecek ve mekanlar\u0131n\u0131z\u0131 s\u00fcsleyecek.<\/p>\n<p><strong>Koku: \u00c7am<\/strong><\/p>\n<p><strong>\u00dcst Notalar: \u00c7am, K\u0131rm\u0131z\u0131 Biber, Okaliptus<\/strong><\/p>\n<p><strong>Kalp Notas\u0131: Lavanta, Pa\u00e7uli, Re\u00e7ine<\/strong><\/p>\n<p><strong>Dip Notalar: Laden, Sedir, Yosun<\/strong><\/p>\n<h3><strong>Kullan\u0131m i\u00e7in talimatlar:<\/strong><\/h3>\n<p>\u00dcr\u00fcn\u00fc dik tutarken plastik parf\u00fcm \u015fi\u015fesinin \u00fcst\u00fcn\u00fc k\u0131r\u0131n\u0131z. Daha sonra oto kokusunu parf\u00fcm\u00fc emen ka\u011f\u0131t k\u0131sm\u0131na birka\u00e7 damla parf\u00fcm gelecek \u015fekilde yava\u015f\u00e7a ve dikkatlice d\u00f6nd\u00fcr\u00fcn.<\/p>\n<p>\u00dcr\u00fcn\u00fc s\u00fcr\u00fcc\u00fcn\u00fcn g\u00f6r\u00fc\u015f\u00fcn\u00fc engellemeyecek \u015fekilde istedi\u011finiz bir yere dikey konumda as\u0131n.<\/p>\n<p>\u00dcr\u00fcn\u00fcn herhangi bir y\u00fczeyle temas etmemesine dikkat ediniz, zarar g\u00f6rebilir.<\/p>\n<p>5\u00b0C ile 30\u00b0C aras\u0131nda saklay\u0131n ve kullan\u0131n. \u00dcr\u00fcn\u00fc do\u011frudan g\u00fcne\u015f \u0131\u015f\u0131\u011f\u0131na maruz b\u0131rakmay\u0131n.<\/p>\n","protected":false},"excerpt":{"rendered":"<p>AREON \u00a0LIQUID 5 ML PINE OTO ARA\u00c7 KOKUSU \u0130\u00e7 mekan\u0131n\u0131zda ho\u015f bir atmosfer yarat\u0131n. Areon Liquid Serisi, e\u015fsiz kokusuyla duyular\u0131n\u0131z\u0131<\/p>\n","protected":false},"featured_media":17718,"comment_status":"open","ping_status":"closed","template":"","meta":[],"product_brand":[542],"product_cat":[356,541,551],"product_tag":[],"class_list":{"0":"post-17717","1":"product","2":"type-product","3":"status-publish","4":"has-post-thumbnail","6":"product_brand-areon","7":"product_cat-ic-bakim-urunleri","8":"product_cat-areon","9":"product_cat-ayna-asma-kokular","11":"first","12":"instock","13":"shipping-taxable","14":"purchasable","15":"product-type-simple"},"jetpack_sharing_enabled":true,"_links":{"self":[{"href":"https:\/\/junewax.com\/index.php?rest_route=\/wp\/v2\/product\/17717","targetHints":{"allow":["GET"]}}],"collection":[{"href":"https:\/\/junewax.com\/index.php?rest_route=\/wp\/v2\/product"}],"about":[{"href":"https:\/\/junewax.com\/index.php?rest_route=\/wp\/v2\/types\/product"}],"replies":[{"embeddable":true,"href":"https:\/\/junewax.com\/index.php?rest_route=%2Fwp%2Fv2%2Fcomments&post=17717"}],"version-history":[{"count":1,"href":"https:\/\/junewax.com\/index.php?rest_route=\/wp\/v2\/product\/17717\/revisions"}],"predecessor-version":[{"id":17719,"href":"https:\/\/junewax.com\/index.php?rest_route=\/wp\/v2\/product\/17717\/revisions\/17719"}],"wp:featuredmedia":[{"embeddable":true,"href":"https:\/\/junewax.com\/index.php?rest_route=\/wp\/v2\/media\/17718"}],"wp:attachment":[{"href":"https:\/\/junewax.com\/index.php?rest_route=%2Fwp%2Fv2%2Fmedia&parent=17717"}],"wp:term":[{"taxonomy":"product_brand","embeddable":true,"href":"https:\/\/junewax.com\/index.php?rest_route=%2Fwp%2Fv2%2Fproduct_brand&post=17717"},{"taxonomy":"product_cat","embeddable":true,"href":"https:\/\/junewax.com\/index.php?rest_route=%2Fwp%2Fv2%2Fproduct_cat&post=17717"},{"taxonomy":"product_tag","embeddable":true,"href":"https:\/\/junewax.com\/index.php?rest_route=%2Fwp%2Fv2%2Fproduct_tag&post=17717"}],"curies":[{"name":"wp","href":"https:\/\/api.w.org\/{rel}","templated":true}]}}