{"id":17738,"date":"2025-09-16T10:59:09","date_gmt":"2025-09-16T10:59:09","guid":{"rendered":"https:\/\/junewax.com\/?post_type=product&#038;p=17738"},"modified":"2025-09-16T12:01:37","modified_gmt":"2025-09-16T12:01:37","slug":"areon-pearls-bubble-gum-oto-arac-kokusu","status":"publish","type":"product","link":"https:\/\/junewax.com\/?product=areon-pearls-bubble-gum-oto-arac-kokusu","title":{"rendered":"Areon Pearls Bubble Gum Oto Ara\u00e7 Kokusu"},"content":{"rendered":"<p><strong>AREON PEARLS BUBBLE GUM OTO ARA\u00c7 KOKUSU<\/strong><\/p>\n<p>\u015eehvetli bir koku harikalar yaratabilir. Araban\u0131z\u0131n i\u00e7ini ho\u015f bir aromayla \u0131s\u0131tacak benzersiz Areon Pearls serisi ile t\u00fcm endi\u015felerinizi geride b\u0131rak\u0131n ve araba yolculu\u011funun keyfini \u00e7\u0131kar\u0131n.<\/p>\n<p>Koku: Bubble Gum (Ciklet)<\/p>\n<p>\u00dcst Notalar:Armut, Ananas, Frenk \u00dcz\u00fcm\u00fc<\/p>\n<p>Kalp Notalar: Ahududu, \u015eeftali, \u00c7ilek<\/p>\n<p>Alt Notalar: Vanilya, Bubble Gum, Misk<\/p>\n<p><strong>Ambalaj:<\/strong><\/p>\n<p>\u00dcr\u00fcn\u00fcn parf\u00fcml\u00fc incileri, asmak i\u00e7in bir ip ile dokuma bir torbaya yerle\u015ftirilir. \u00dcr\u00fcn plastik ve ka\u011f\u0131t ambalaj ile korunmaktad\u0131r.<\/p>\n<p><strong>Kullan\u0131m Talimat\u0131:<\/strong><\/p>\n<p>\u00dcr\u00fcn\u00fc s\u00fcr\u00fcc\u00fcn\u00fcn g\u00f6r\u00fc\u015f\u00fcn\u00fc engellemeyecek \u015fekilde ara\u00e7ta diledi\u011finiz bir yere dikey konumda as\u0131n. Uyar\u0131: \u00dcr\u00fcn\u00fcn herhangi bir y\u00fczeyle temas etmemesine dikkat ediniz, zarar g\u00f6rebilir. 5\u00b0C ile 30\u00b0C aras\u0131nda saklay\u0131n ve kullan\u0131n. \u00dcr\u00fcn\u00fc do\u011frudan g\u00fcne\u015f \u0131\u015f\u0131\u011f\u0131na maruz b\u0131rakmay\u0131n.<\/p>\n","protected":false},"excerpt":{"rendered":"<p>AREON PEARLS BUBBLE GUM OTO ARA\u00c7 KOKUSU \u015eehvetli bir koku harikalar yaratabilir. Araban\u0131z\u0131n i\u00e7ini ho\u015f bir aromayla \u0131s\u0131tacak benzersiz Areon<\/p>\n","protected":false},"featured_media":17739,"comment_status":"open","ping_status":"closed","template":"","meta":[],"product_brand":[542],"product_cat":[356,541,551],"product_tag":[],"class_list":{"0":"post-17738","1":"product","2":"type-product","3":"status-publish","4":"has-post-thumbnail","6":"product_brand-areon","7":"product_cat-ic-bakim-urunleri","8":"product_cat-areon","9":"product_cat-ayna-asma-kokular","11":"first","12":"instock","13":"shipping-taxable","14":"purchasable","15":"product-type-simple"},"jetpack_sharing_enabled":true,"_links":{"self":[{"href":"https:\/\/junewax.com\/index.php?rest_route=\/wp\/v2\/product\/17738","targetHints":{"allow":["GET"]}}],"collection":[{"href":"https:\/\/junewax.com\/index.php?rest_route=\/wp\/v2\/product"}],"about":[{"href":"https:\/\/junewax.com\/index.php?rest_route=\/wp\/v2\/types\/product"}],"replies":[{"embeddable":true,"href":"https:\/\/junewax.com\/index.php?rest_route=%2Fwp%2Fv2%2Fcomments&post=17738"}],"version-history":[{"count":1,"href":"https:\/\/junewax.com\/index.php?rest_route=\/wp\/v2\/product\/17738\/revisions"}],"predecessor-version":[{"id":17740,"href":"https:\/\/junewax.com\/index.php?rest_route=\/wp\/v2\/product\/17738\/revisions\/17740"}],"wp:featuredmedia":[{"embeddable":true,"href":"https:\/\/junewax.com\/index.php?rest_route=\/wp\/v2\/media\/17739"}],"wp:attachment":[{"href":"https:\/\/junewax.com\/index.php?rest_route=%2Fwp%2Fv2%2Fmedia&parent=17738"}],"wp:term":[{"taxonomy":"product_brand","embeddable":true,"href":"https:\/\/junewax.com\/index.php?rest_route=%2Fwp%2Fv2%2Fproduct_brand&post=17738"},{"taxonomy":"product_cat","embeddable":true,"href":"https:\/\/junewax.com\/index.php?rest_route=%2Fwp%2Fv2%2Fproduct_cat&post=17738"},{"taxonomy":"product_tag","embeddable":true,"href":"https:\/\/junewax.com\/index.php?rest_route=%2Fwp%2Fv2%2Fproduct_tag&post=17738"}],"curies":[{"name":"wp","href":"https:\/\/api.w.org\/{rel}","templated":true}]}}