{"id":17765,"date":"2025-09-16T11:06:02","date_gmt":"2025-09-16T11:06:02","guid":{"rendered":"https:\/\/junewax.com\/?post_type=product&#038;p=17765"},"modified":"2025-09-16T12:00:39","modified_gmt":"2025-09-16T12:00:39","slug":"areon-xperience-bubble-gum-arac-klima-kokusu","status":"publish","type":"product","link":"https:\/\/junewax.com\/?product=areon-xperience-bubble-gum-arac-klima-kokusu","title":{"rendered":"Areon Xperience Bubble Gum Ara\u00e7 Klima Kokusu"},"content":{"rendered":"<p><strong>AREON XPERIENCE BUBBLE GUM ARA\u00c7 KLIMA KOKUSU<\/strong><\/p>\n<p>Areon Xperience klima kokular\u0131 araban\u0131zda l\u00fcks bir atmosfer yarat\u0131r ve daha da yo\u011fun bir s\u00fcr\u00fc\u015f deneyimi sa\u011flar. \u015e\u0131k aromas\u0131n\u0131n yan\u0131 s\u0131ra sade ve pratik kullan\u0131m\u0131n\u0131n da keyfine varacaks\u0131n\u0131z.<\/p>\n<p><strong>Koku: Bubble Gum (Ciklet)<\/strong><\/p>\n<p><strong>\u00dcst Notalar:Armut, Ananas, Frenk \u00dcz\u00fcm\u00fc<\/strong><\/p>\n<p><strong>Kalp Notalar: Ahududu, \u015eeftali, \u00c7ilek<\/strong><\/p>\n<p><strong>Alt Notalar: Vanilya, Bubble Gum, Misk<\/strong><\/p>\n<h3><strong>Kullan\u0131m i\u00e7in talimatlar:<\/strong><\/h3>\n<p>Kelep\u00e7eyi oto kokusunun arkas\u0131na tak\u0131n ve havaland\u0131rma \u00e7\u0131k\u0131\u015f\u0131na yerle\u015ftirin<\/p>\n<p>\u00dcr\u00fcn\u00fc 5\u00b0C ile 30\u00b0C aras\u0131ndaki s\u0131cakl\u0131klarda saklay\u0131n ve kullan\u0131n.<\/p>\n<p>\u00dcr\u00fcn\u00fc do\u011frudan g\u00fcne\u015f \u0131\u015f\u0131\u011f\u0131na maruz b\u0131rakmay\u0131n.<\/p>\n<p>\u00dcr\u00fcn\u00fcn herhangi bir y\u00fczeyle temas etmemesine dikkat ediniz.<\/p>\n","protected":false},"excerpt":{"rendered":"<p>AREON XPERIENCE BUBBLE GUM ARA\u00c7 KLIMA KOKUSU Areon Xperience klima kokular\u0131 araban\u0131zda l\u00fcks bir atmosfer yarat\u0131r ve daha da yo\u011fun<\/p>\n","protected":false},"featured_media":17766,"comment_status":"open","ping_status":"closed","template":"","meta":[],"product_brand":[542],"product_cat":[541,553,356],"product_tag":[],"class_list":{"0":"post-17765","1":"product","2":"type-product","3":"status-publish","4":"has-post-thumbnail","6":"product_brand-areon","7":"product_cat-areon","8":"product_cat-arac-klima-kokulari","9":"product_cat-ic-bakim-urunleri","11":"first","12":"instock","13":"shipping-taxable","14":"purchasable","15":"product-type-simple"},"jetpack_sharing_enabled":true,"_links":{"self":[{"href":"https:\/\/junewax.com\/index.php?rest_route=\/wp\/v2\/product\/17765","targetHints":{"allow":["GET"]}}],"collection":[{"href":"https:\/\/junewax.com\/index.php?rest_route=\/wp\/v2\/product"}],"about":[{"href":"https:\/\/junewax.com\/index.php?rest_route=\/wp\/v2\/types\/product"}],"replies":[{"embeddable":true,"href":"https:\/\/junewax.com\/index.php?rest_route=%2Fwp%2Fv2%2Fcomments&post=17765"}],"version-history":[{"count":1,"href":"https:\/\/junewax.com\/index.php?rest_route=\/wp\/v2\/product\/17765\/revisions"}],"predecessor-version":[{"id":17767,"href":"https:\/\/junewax.com\/index.php?rest_route=\/wp\/v2\/product\/17765\/revisions\/17767"}],"wp:featuredmedia":[{"embeddable":true,"href":"https:\/\/junewax.com\/index.php?rest_route=\/wp\/v2\/media\/17766"}],"wp:attachment":[{"href":"https:\/\/junewax.com\/index.php?rest_route=%2Fwp%2Fv2%2Fmedia&parent=17765"}],"wp:term":[{"taxonomy":"product_brand","embeddable":true,"href":"https:\/\/junewax.com\/index.php?rest_route=%2Fwp%2Fv2%2Fproduct_brand&post=17765"},{"taxonomy":"product_cat","embeddable":true,"href":"https:\/\/junewax.com\/index.php?rest_route=%2Fwp%2Fv2%2Fproduct_cat&post=17765"},{"taxonomy":"product_tag","embeddable":true,"href":"https:\/\/junewax.com\/index.php?rest_route=%2Fwp%2Fv2%2Fproduct_tag&post=17765"}],"curies":[{"name":"wp","href":"https:\/\/api.w.org\/{rel}","templated":true}]}}