{"id":17792,"date":"2025-09-16T11:11:48","date_gmt":"2025-09-16T11:11:48","guid":{"rendered":"https:\/\/junewax.com\/?post_type=product&#038;p=17792"},"modified":"2025-09-16T11:59:50","modified_gmt":"2025-09-16T11:59:50","slug":"areon-blue-blaster-30-ml-summer-dream-oto-arac-spreyi","status":"publish","type":"product","link":"https:\/\/junewax.com\/?product=areon-blue-blaster-30-ml-summer-dream-oto-arac-spreyi","title":{"rendered":"Areon Blue Blaster 30 Ml Summer Dream Oto Ara\u00e7 Spreyi"},"content":{"rendered":"<p><strong>AREON BLUE BLASTER 30 ML SUMMER DREAM OTO ARA\u00c7 SPREY\u0130<\/strong><\/p>\n<p>Areon Blue Blaster serisinin \u015fehvetli kokusu, arabada ve evde ge\u00e7irdi\u011finiz anlar\u0131 daha keyifli hale getirecek. \u0130nce aroma, araban\u0131z, banyonuz, tuvaletiniz, yatak odan\u0131z veya ofisiniz gibi daha k\u00fc\u00e7\u00fck i\u00e7 mekanlara rahat ve s\u0131cak bir hava katacakt\u0131r.<\/p>\n<p><strong>Koku: Summer Dream<\/strong><\/p>\n<p><strong>Ba\u015f Notalar: Mango, Mandalin, Greyfurt<\/strong><\/p>\n<p><strong>Kalp Notalar: Erik, Badem \u015fekeri, Zambak<\/strong><\/p>\n<p><strong>Alt Notalar: Misk, Sedir, Vanilya<\/strong><\/p>\n<h3><strong>Kullan\u0131m i\u00e7in talimatlar:<\/strong><\/h3>\n<p>\u00dcr\u00fcn 30 ml&#8217;lik \u015fi\u015fededir. \u00dcr\u00fcn\u00fc do\u011frudan arac\u0131n\u0131zda ve i\u00e7 mekanlar\u0131n\u0131zda kullanabilece\u011finiz gibi, etkisini kaybeden asma ka\u011f\u0131tlar\u0131n\u0131zda \u00fczerine p\u00fcsk\u00fcrtmek suretiyle kullanabilirsiniz.<\/p>\n<p>\u00dcr\u00fcn\u00fc do\u011frudan y\u00fczeylere kesinlikle kullanmay\u0131n, zarar verebilir.<\/p>\n<p>\u00dcr\u00fcn\u00fc 5\u00b0C ile 30\u00b0C aras\u0131ndaki s\u0131cakl\u0131klarda saklay\u0131n ve kullan\u0131n.<\/p>\n<p>\u00dcr\u00fcn\u00fc do\u011frudan g\u00fcne\u015f \u0131\u015f\u0131\u011f\u0131na maruz b\u0131rakmay\u0131n.<\/p>\n","protected":false},"excerpt":{"rendered":"<p>AREON BLUE BLASTER 30 ML SUMMER DREAM OTO ARA\u00c7 SPREY\u0130 Areon Blue Blaster serisinin \u015fehvetli kokusu, arabada ve evde ge\u00e7irdi\u011finiz<\/p>\n","protected":false},"featured_media":17793,"comment_status":"open","ping_status":"closed","template":"","meta":[],"product_brand":[542],"product_cat":[356,541,551],"product_tag":[],"class_list":{"0":"post-17792","1":"product","2":"type-product","3":"status-publish","4":"has-post-thumbnail","6":"product_brand-areon","7":"product_cat-ic-bakim-urunleri","8":"product_cat-areon","9":"product_cat-ayna-asma-kokular","11":"first","12":"instock","13":"shipping-taxable","14":"purchasable","15":"product-type-simple"},"jetpack_sharing_enabled":true,"_links":{"self":[{"href":"https:\/\/junewax.com\/index.php?rest_route=\/wp\/v2\/product\/17792","targetHints":{"allow":["GET"]}}],"collection":[{"href":"https:\/\/junewax.com\/index.php?rest_route=\/wp\/v2\/product"}],"about":[{"href":"https:\/\/junewax.com\/index.php?rest_route=\/wp\/v2\/types\/product"}],"replies":[{"embeddable":true,"href":"https:\/\/junewax.com\/index.php?rest_route=%2Fwp%2Fv2%2Fcomments&post=17792"}],"version-history":[{"count":1,"href":"https:\/\/junewax.com\/index.php?rest_route=\/wp\/v2\/product\/17792\/revisions"}],"predecessor-version":[{"id":17794,"href":"https:\/\/junewax.com\/index.php?rest_route=\/wp\/v2\/product\/17792\/revisions\/17794"}],"wp:featuredmedia":[{"embeddable":true,"href":"https:\/\/junewax.com\/index.php?rest_route=\/wp\/v2\/media\/17793"}],"wp:attachment":[{"href":"https:\/\/junewax.com\/index.php?rest_route=%2Fwp%2Fv2%2Fmedia&parent=17792"}],"wp:term":[{"taxonomy":"product_brand","embeddable":true,"href":"https:\/\/junewax.com\/index.php?rest_route=%2Fwp%2Fv2%2Fproduct_brand&post=17792"},{"taxonomy":"product_cat","embeddable":true,"href":"https:\/\/junewax.com\/index.php?rest_route=%2Fwp%2Fv2%2Fproduct_cat&post=17792"},{"taxonomy":"product_tag","embeddable":true,"href":"https:\/\/junewax.com\/index.php?rest_route=%2Fwp%2Fv2%2Fproduct_tag&post=17792"}],"curies":[{"name":"wp","href":"https:\/\/api.w.org\/{rel}","templated":true}]}}