{"id":17870,"date":"2025-09-19T10:35:02","date_gmt":"2025-09-19T10:35:02","guid":{"rendered":"https:\/\/junewax.com\/?product=ufs-merino-patchwork-cizik-giderme-kecesi-160-mm"},"modified":"2025-09-19T10:35:02","modified_gmt":"2025-09-19T10:35:02","slug":"ufs-merino-patchwork-cizik-giderme-kecesi-160-mm","status":"publish","type":"product","link":"https:\/\/junewax.com\/?product=ufs-merino-patchwork-cizik-giderme-kecesi-160-mm","title":{"rendered":"UFS Merino Patchwork \u00c7izik Giderme Ke\u00e7esi 160 mm"},"content":{"rendered":"<h3 style=\"--tw-border-spacing-x:0;--tw-border-spacing-y:0;--tw-translate-x:0;--tw-translate-y:0;--tw-rotate:0;--tw-skew-x:0;--tw-skew-y:0;--tw-scale-x:1;--tw-scale-y:1;--tw-pan-x:;--tw-pan-y:;--tw-pinch-zoom:;--tw-scroll-snap-strictness:proximity;--tw-gradient-from-position:;--tw-gradient-via-position:;--tw-gradient-to-position:;--tw-ordinal:;--tw-slashed-zero:;--tw-numeric-figure:;--tw-numeric-spacing:;--tw-numeric-fraction:;--tw-ring-inset:;--tw-ring-offset-width:0px;--tw-ring-offset-color:#fff;--tw-ring-offset-shadow:00#0000;--tw-ring-shadow:00#0000;--tw-shadow:00#0000;--tw-shadow-colored:00#0000;--tw-blur:;--tw-brightness:;--tw-contrast:;--tw-grayscale:;--tw-hue-rotate:;--tw-invert:;--tw-saturate:;--tw-sepia:;--tw-drop-shadow:;--tw-backdrop-blur:;--tw-backdrop-brightness:;--tw-backdrop-contrast:;--tw-backdrop-grayscale:;--tw-backdrop-hue-rotate:;--tw-backdrop-invert:;--tw-backdrop-opacity:;--tw-backdrop-saturate:;--tw-backdrop-sepia:;font-weight:700;line-height:1.2;margin-bottom:0.5rem;margin-top:0px;font-size:calc(1.3rem+0.6vw);font-family:Axiforma;font-style:normal;letter-spacing:normal;text-transform:none;text-align:left\">Ni\u00e7in Kullanmal\u0131s\u0131n\u0131z?<\/h3>\n<p style=\"--tw-border-spacing-x:0;--tw-border-spacing-y:0;--tw-translate-x:0;--tw-translate-y:0;--tw-rotate:0;--tw-skew-x:0;--tw-skew-y:0;--tw-scale-x:1;--tw-scale-y:1;--tw-pan-x:;--tw-pan-y:;--tw-pinch-zoom:;--tw-scroll-snap-strictness:proximity;--tw-gradient-from-position:;--tw-gradient-via-position:;--tw-gradient-to-position:;--tw-ordinal:;--tw-slashed-zero:;--tw-numeric-figure:;--tw-numeric-spacing:;--tw-numeric-fraction:;--tw-ring-inset:;--tw-ring-offset-width:0px;--tw-ring-offset-color:#fff;--tw-ring-offset-shadow:00#0000;--tw-ring-shadow:00#0000;--tw-shadow:00#0000;--tw-shadow-colored:00#0000;--tw-blur:;--tw-brightness:;--tw-contrast:;--tw-grayscale:;--tw-hue-rotate:;--tw-invert:;--tw-saturate:;--tw-sepia:;--tw-drop-shadow:;--tw-backdrop-blur:;--tw-backdrop-brightness:;--tw-backdrop-contrast:;--tw-backdrop-grayscale:;--tw-backdrop-hue-rotate:;--tw-backdrop-invert:;--tw-backdrop-opacity:;--tw-backdrop-saturate:;--tw-backdrop-sepia:;margin-bottom:1rem;margin-top:0px;font-weight:300;font-family:Axiforma;font-size:16px;font-style:normal;letter-spacing:normal;text-transform:none;text-align:left\">X&gt;85 GU\u2019a (Gloss) kadar y\u00fczey parlakl\u0131k de\u011feri elde edilebilir.<\/p>\n<p style=\"--tw-border-spacing-x:0;--tw-border-spacing-y:0;--tw-translate-x:0;--tw-translate-y:0;--tw-rotate:0;--tw-skew-x:0;--tw-skew-y:0;--tw-scale-x:1;--tw-scale-y:1;--tw-pan-x:;--tw-pan-y:;--tw-pinch-zoom:;--tw-scroll-snap-strictness:proximity;--tw-gradient-from-position:;--tw-gradient-via-position:;--tw-gradient-to-position:;--tw-ordinal:;--tw-slashed-zero:;--tw-numeric-figure:;--tw-numeric-spacing:;--tw-numeric-fraction:;--tw-ring-inset:;--tw-ring-offset-width:0px;--tw-ring-offset-color:#fff;--tw-ring-offset-shadow:00#0000;--tw-ring-shadow:00#0000;--tw-shadow:00#0000;--tw-shadow-colored:00#0000;--tw-blur:;--tw-brightness:;--tw-contrast:;--tw-grayscale:;--tw-hue-rotate:;--tw-invert:;--tw-saturate:;--tw-sepia:;--tw-drop-shadow:;--tw-backdrop-blur:;--tw-backdrop-brightness:;--tw-backdrop-contrast:;--tw-backdrop-grayscale:;--tw-backdrop-hue-rotate:;--tw-backdrop-invert:;--tw-backdrop-opacity:;--tw-backdrop-saturate:;--tw-backdrop-sepia:;margin-bottom:1rem;margin-top:0px;font-weight:300;font-family:Axiforma;font-size:16px;font-style:normal;letter-spacing:normal;text-transform:none;text-align:left\">Sabit noktada ve 30 sn s\u00fcren d\u00f6n\u00fc\u015f an\u0131nda, y\u00fczeyin \u0131s\u0131s\u0131 51.4\u00b0 ge\u00e7mez.<\/p>\n<p style=\"--tw-border-spacing-x:0;--tw-border-spacing-y:0;--tw-translate-x:0;--tw-translate-y:0;--tw-rotate:0;--tw-skew-x:0;--tw-skew-y:0;--tw-scale-x:1;--tw-scale-y:1;--tw-pan-x:;--tw-pan-y:;--tw-pinch-zoom:;--tw-scroll-snap-strictness:proximity;--tw-gradient-from-position:;--tw-gradient-via-position:;--tw-gradient-to-position:;--tw-ordinal:;--tw-slashed-zero:;--tw-numeric-figure:;--tw-numeric-spacing:;--tw-numeric-fraction:;--tw-ring-inset:;--tw-ring-offset-width:0px;--tw-ring-offset-color:#fff;--tw-ring-offset-shadow:00#0000;--tw-ring-shadow:00#0000;--tw-shadow:00#0000;--tw-shadow-colored:00#0000;--tw-blur:;--tw-brightness:;--tw-contrast:;--tw-grayscale:;--tw-hue-rotate:;--tw-invert:;--tw-saturate:;--tw-sepia:;--tw-drop-shadow:;--tw-backdrop-blur:;--tw-backdrop-brightness:;--tw-backdrop-contrast:;--tw-backdrop-grayscale:;--tw-backdrop-hue-rotate:;--tw-backdrop-invert:;--tw-backdrop-opacity:;--tw-backdrop-saturate:;--tw-backdrop-sepia:;margin-bottom:1rem;margin-top:0px;font-weight:300;font-family:Axiforma;font-size:16px;font-style:normal;letter-spacing:normal;text-transform:none;text-align:left\">Premium pasta ke\u00e7esi kendini so\u011futur, bunun sebebi t\u00fcyler aras\u0131ndaki do\u011fal hava kanall\u0131 a\u00e7\u0131k g\u00f6zeneklerdir. (Sentetik \u00fcr\u00fcnler kapal\u0131 hava kanall\u0131 g\u00f6zeneklere sahip olup so\u011futma yapamazlar. Bunun sonucunda s\u00fcrt\u00fcnme an\u0131nda y\u00fczey \u0131s\u0131s\u0131 y\u00fckselir.)<\/p>\n<p style=\"--tw-border-spacing-x:0;--tw-border-spacing-y:0;--tw-translate-x:0;--tw-translate-y:0;--tw-rotate:0;--tw-skew-x:0;--tw-skew-y:0;--tw-scale-x:1;--tw-scale-y:1;--tw-pan-x:;--tw-pan-y:;--tw-pinch-zoom:;--tw-scroll-snap-strictness:proximity;--tw-gradient-from-position:;--tw-gradient-via-position:;--tw-gradient-to-position:;--tw-ordinal:;--tw-slashed-zero:;--tw-numeric-figure:;--tw-numeric-spacing:;--tw-numeric-fraction:;--tw-ring-inset:;--tw-ring-offset-width:0px;--tw-ring-offset-color:#fff;--tw-ring-offset-shadow:00#0000;--tw-ring-shadow:00#0000;--tw-shadow:00#0000;--tw-shadow-colored:00#0000;--tw-blur:;--tw-brightness:;--tw-contrast:;--tw-grayscale:;--tw-hue-rotate:;--tw-invert:;--tw-saturate:;--tw-sepia:;--tw-drop-shadow:;--tw-backdrop-blur:;--tw-backdrop-brightness:;--tw-backdrop-contrast:;--tw-backdrop-grayscale:;--tw-backdrop-hue-rotate:;--tw-backdrop-invert:;--tw-backdrop-opacity:;--tw-backdrop-saturate:;--tw-backdrop-sepia:;margin-bottom:1rem;margin-top:0px;font-weight:300;font-family:Axiforma;font-size:16px;font-style:normal;letter-spacing:normal;text-transform:none;text-align:left\"><strong style=\"--tw-border-spacing-x: 0;--tw-border-spacing-y: 0;--tw-translate-x: 0;--tw-translate-y: 0;--tw-rotate: 0;--tw-skew-x: 0;--tw-skew-y: 0;--tw-scale-x: 1;--tw-scale-y: 1;--tw-pan-x:;--tw-pan-y:;--tw-pinch-zoom:;--tw-scroll-snap-strictness: proximity;--tw-gradient-from-position:;--tw-gradient-via-position:;--tw-gradient-to-position:;--tw-ordinal:;--tw-slashed-zero:;--tw-numeric-figure:;--tw-numeric-spacing:;--tw-numeric-fraction:;--tw-ring-inset:;--tw-ring-offset-width: 0px;--tw-ring-offset-color: #fff;--tw-ring-offset-shadow: 0 0 #0000;--tw-ring-shadow: 0 0 #0000;--tw-shadow: 0 0 #0000;--tw-shadow-colored: 0 0 #0000;--tw-blur:;--tw-brightness:;--tw-contrast:;--tw-grayscale:;--tw-hue-rotate:;--tw-invert:;--tw-saturate:;--tw-sepia:;--tw-drop-shadow:;--tw-backdrop-blur:;--tw-backdrop-brightness:;--tw-backdrop-contrast:;--tw-backdrop-grayscale:;--tw-backdrop-hue-rotate:;--tw-backdrop-invert:;--tw-backdrop-opacity:;--tw-backdrop-saturate:;--tw-backdrop-sepia:;font-weight: 700\">Y\u00fczeyi d\u00fc\u015f\u00fck \u0131s\u0131da tutan Kuzu Postu Polisaj Ke\u00e7esi<\/strong>, likit parafin, wax carnauba vb. kar\u0131\u015f\u0131ml\u0131 pastan\u0131n y\u00fczeye yay\u0131larak <strong style=\"--tw-border-spacing-x: 0;--tw-border-spacing-y: 0;--tw-translate-x: 0;--tw-translate-y: 0;--tw-rotate: 0;--tw-skew-x: 0;--tw-skew-y: 0;--tw-scale-x: 1;--tw-scale-y: 1;--tw-pan-x:;--tw-pan-y:;--tw-pinch-zoom:;--tw-scroll-snap-strictness: proximity;--tw-gradient-from-position:;--tw-gradient-via-position:;--tw-gradient-to-position:;--tw-ordinal:;--tw-slashed-zero:;--tw-numeric-figure:;--tw-numeric-spacing:;--tw-numeric-fraction:;--tw-ring-inset:;--tw-ring-offset-width: 0px;--tw-ring-offset-color: #fff;--tw-ring-offset-shadow: 0 0 #0000;--tw-ring-shadow: 0 0 #0000;--tw-shadow: 0 0 #0000;--tw-shadow-colored: 0 0 #0000;--tw-blur:;--tw-brightness:;--tw-contrast:;--tw-grayscale:;--tw-hue-rotate:;--tw-invert:;--tw-saturate:;--tw-sepia:;--tw-drop-shadow:;--tw-backdrop-blur:;--tw-backdrop-brightness:;--tw-backdrop-contrast:;--tw-backdrop-grayscale:;--tw-backdrop-hue-rotate:;--tw-backdrop-invert:;--tw-backdrop-opacity:;--tw-backdrop-saturate:;--tw-backdrop-sepia:;font-weight: 700\">\u00e7izi\u011fin s\u00fcratle al\u0131nmas\u0131n\u0131, maksimum parlakl\u0131\u011f\u0131n olu\u015fmas\u0131n\u0131 sa\u011flar<\/strong>.<\/p>\n<p style=\"--tw-border-spacing-x:0;--tw-border-spacing-y:0;--tw-translate-x:0;--tw-translate-y:0;--tw-rotate:0;--tw-skew-x:0;--tw-skew-y:0;--tw-scale-x:1;--tw-scale-y:1;--tw-pan-x:;--tw-pan-y:;--tw-pinch-zoom:;--tw-scroll-snap-strictness:proximity;--tw-gradient-from-position:;--tw-gradient-via-position:;--tw-gradient-to-position:;--tw-ordinal:;--tw-slashed-zero:;--tw-numeric-figure:;--tw-numeric-spacing:;--tw-numeric-fraction:;--tw-ring-inset:;--tw-ring-offset-width:0px;--tw-ring-offset-color:#fff;--tw-ring-offset-shadow:00#0000;--tw-ring-shadow:00#0000;--tw-shadow:00#0000;--tw-shadow-colored:00#0000;--tw-blur:;--tw-brightness:;--tw-contrast:;--tw-grayscale:;--tw-hue-rotate:;--tw-invert:;--tw-saturate:;--tw-sepia:;--tw-drop-shadow:;--tw-backdrop-blur:;--tw-backdrop-brightness:;--tw-backdrop-contrast:;--tw-backdrop-grayscale:;--tw-backdrop-hue-rotate:;--tw-backdrop-invert:;--tw-backdrop-opacity:;--tw-backdrop-saturate:;--tw-backdrop-sepia:;margin-bottom:1rem;margin-top:0px;font-weight:300;font-family:Axiforma;font-size:16px;font-style:normal;letter-spacing:normal;text-transform:none;text-align:left\">23-26 Micron s\u0131k t\u00fcye sahiptir.<\/p>\n<p style=\"--tw-border-spacing-x:0;--tw-border-spacing-y:0;--tw-translate-x:0;--tw-translate-y:0;--tw-rotate:0;--tw-skew-x:0;--tw-skew-y:0;--tw-scale-x:1;--tw-scale-y:1;--tw-pan-x:;--tw-pan-y:;--tw-pinch-zoom:;--tw-scroll-snap-strictness:proximity;--tw-gradient-from-position:;--tw-gradient-via-position:;--tw-gradient-to-position:;--tw-ordinal:;--tw-slashed-zero:;--tw-numeric-figure:;--tw-numeric-spacing:;--tw-numeric-fraction:;--tw-ring-inset:;--tw-ring-offset-width:0px;--tw-ring-offset-color:#fff;--tw-ring-offset-shadow:00#0000;--tw-ring-shadow:00#0000;--tw-shadow:00#0000;--tw-shadow-colored:00#0000;--tw-blur:;--tw-brightness:;--tw-contrast:;--tw-grayscale:;--tw-hue-rotate:;--tw-invert:;--tw-saturate:;--tw-sepia:;--tw-drop-shadow:;--tw-backdrop-blur:;--tw-backdrop-brightness:;--tw-backdrop-contrast:;--tw-backdrop-grayscale:;--tw-backdrop-hue-rotate:;--tw-backdrop-invert:;--tw-backdrop-opacity:;--tw-backdrop-saturate:;--tw-backdrop-sepia:;margin-bottom:1rem;margin-top:0px;font-weight:300;font-family:Axiforma;font-size:16px;font-style:normal;letter-spacing:normal;text-transform:none;text-align:left\">Premium<span> <\/span><a href=\"https:\/\/www.ugurlu.com.tr\/polisaj-keceleri\" style=\"--tw-border-spacing-x: 0;--tw-border-spacing-y: 0;--tw-translate-x: 0;--tw-translate-y: 0;--tw-rotate: 0;--tw-skew-x: 0;--tw-skew-y: 0;--tw-scale-x: 1;--tw-scale-y: 1;--tw-pan-x:;--tw-pan-y:;--tw-pinch-zoom:;--tw-scroll-snap-strictness: proximity;--tw-gradient-from-position:;--tw-gradient-via-position:;--tw-gradient-to-position:;--tw-ordinal:;--tw-slashed-zero:;--tw-numeric-figure:;--tw-numeric-spacing:;--tw-numeric-fraction:;--tw-ring-inset:;--tw-ring-offset-width: 0px;--tw-ring-offset-color: #fff;--tw-ring-offset-shadow: 0 0 #0000;--tw-ring-shadow: 0 0 #0000;--tw-shadow: 0 0 #0000;--tw-shadow-colored: 0 0 #0000;--tw-blur:;--tw-brightness:;--tw-contrast:;--tw-grayscale:;--tw-hue-rotate:;--tw-invert:;--tw-saturate:;--tw-sepia:;--tw-drop-shadow:;--tw-backdrop-blur:;--tw-backdrop-brightness:;--tw-backdrop-contrast:;--tw-backdrop-grayscale:;--tw-backdrop-hue-rotate:;--tw-backdrop-invert:;--tw-backdrop-opacity:;--tw-backdrop-saturate:;--tw-backdrop-sepia:;text-decoration: underline;font-weight: 300\" target=\"_blank\" rel=\"noopener\"><strong style=\"--tw-border-spacing-x: 0;--tw-border-spacing-y: 0;--tw-translate-x: 0;--tw-translate-y: 0;--tw-rotate: 0;--tw-skew-x: 0;--tw-skew-y: 0;--tw-scale-x: 1;--tw-scale-y: 1;--tw-pan-x:;--tw-pan-y:;--tw-pinch-zoom:;--tw-scroll-snap-strictness: proximity;--tw-gradient-from-position:;--tw-gradient-via-position:;--tw-gradient-to-position:;--tw-ordinal:;--tw-slashed-zero:;--tw-numeric-figure:;--tw-numeric-spacing:;--tw-numeric-fraction:;--tw-ring-inset:;--tw-ring-offset-width: 0px;--tw-ring-offset-color: #fff;--tw-ring-offset-shadow: 0 0 #0000;--tw-ring-shadow: 0 0 #0000;--tw-shadow: 0 0 #0000;--tw-shadow-colored: 0 0 #0000;--tw-blur:;--tw-brightness:;--tw-contrast:;--tw-grayscale:;--tw-hue-rotate:;--tw-invert:;--tw-saturate:;--tw-sepia:;--tw-drop-shadow:;--tw-backdrop-blur:;--tw-backdrop-brightness:;--tw-backdrop-contrast:;--tw-backdrop-grayscale:;--tw-backdrop-hue-rotate:;--tw-backdrop-invert:;--tw-backdrop-opacity:;--tw-backdrop-saturate:;--tw-backdrop-sepia:;font-weight: 700\">Kuzu Postu Polisaj Ke\u00e7esi<\/strong><\/a><span> <\/span>laminasyon ile montelenmi\u015f, diki\u015fsiz teknolojik bir \u00fcr\u00fcnd\u00fcr. 4.000 rpm d\u00f6n\u00fc\u015fe ve ters y\u00f6nde s\u00fcrt\u00fcnmeye dayan\u0131kl\u0131d\u0131r.<\/p>\n<p style=\"--tw-border-spacing-x:0;--tw-border-spacing-y:0;--tw-translate-x:0;--tw-translate-y:0;--tw-rotate:0;--tw-skew-x:0;--tw-skew-y:0;--tw-scale-x:1;--tw-scale-y:1;--tw-pan-x:;--tw-pan-y:;--tw-pinch-zoom:;--tw-scroll-snap-strictness:proximity;--tw-gradient-from-position:;--tw-gradient-via-position:;--tw-gradient-to-position:;--tw-ordinal:;--tw-slashed-zero:;--tw-numeric-figure:;--tw-numeric-spacing:;--tw-numeric-fraction:;--tw-ring-inset:;--tw-ring-offset-width:0px;--tw-ring-offset-color:#fff;--tw-ring-offset-shadow:00#0000;--tw-ring-shadow:00#0000;--tw-shadow:00#0000;--tw-shadow-colored:00#0000;--tw-blur:;--tw-brightness:;--tw-contrast:;--tw-grayscale:;--tw-hue-rotate:;--tw-invert:;--tw-saturate:;--tw-sepia:;--tw-drop-shadow:;--tw-backdrop-blur:;--tw-backdrop-brightness:;--tw-backdrop-contrast:;--tw-backdrop-grayscale:;--tw-backdrop-hue-rotate:;--tw-backdrop-invert:;--tw-backdrop-opacity:;--tw-backdrop-saturate:;--tw-backdrop-sepia:;margin-bottom:1rem;margin-top:0px;font-weight:300;font-family:Axiforma;font-size:16px;font-style:normal;letter-spacing:normal;text-transform:none;text-align:left\">Kuzu postu polisaj ke\u00e7esi esnas\u0131nda inovatif kau\u00e7uk k\u00f6p\u00fck ara taban olu\u015fan kuvveti s\u00f6n\u00fcmler.<\/p>\n<p style=\"--tw-border-spacing-x:0;--tw-border-spacing-y:0;--tw-translate-x:0;--tw-translate-y:0;--tw-rotate:0;--tw-skew-x:0;--tw-skew-y:0;--tw-scale-x:1;--tw-scale-y:1;--tw-pan-x:;--tw-pan-y:;--tw-pinch-zoom:;--tw-scroll-snap-strictness:proximity;--tw-gradient-from-position:;--tw-gradient-via-position:;--tw-gradient-to-position:;--tw-ordinal:;--tw-slashed-zero:;--tw-numeric-figure:;--tw-numeric-spacing:;--tw-numeric-fraction:;--tw-ring-inset:;--tw-ring-offset-width:0px;--tw-ring-offset-color:#fff;--tw-ring-offset-shadow:00#0000;--tw-ring-shadow:00#0000;--tw-shadow:00#0000;--tw-shadow-colored:00#0000;--tw-blur:;--tw-brightness:;--tw-contrast:;--tw-grayscale:;--tw-hue-rotate:;--tw-invert:;--tw-saturate:;--tw-sepia:;--tw-drop-shadow:;--tw-backdrop-blur:;--tw-backdrop-brightness:;--tw-backdrop-contrast:;--tw-backdrop-grayscale:;--tw-backdrop-hue-rotate:;--tw-backdrop-invert:;--tw-backdrop-opacity:;--tw-backdrop-saturate:;--tw-backdrop-sepia:;margin-bottom:1rem;margin-top:0px;font-weight:300;font-family:Axiforma;font-size:16px;font-style:normal;letter-spacing:normal;text-transform:none;text-align:left\">E\u011fimli b\u00f6lgelerde uygulanan kuvvet,taban\u0131n esnek yap\u0131s\u0131 ile s\u00f6n\u00fcmlenir. Kuvvet b\u00fct\u00fcn alana yay\u0131l\u0131r. S\u00fcrt\u00fcnmeyi ve \u0131s\u0131y\u0131 minimize eder. Buna istinaden vernik \/ boya katman\u0131 daha az a\u015f\u0131n\u0131r.<\/p>\n<figure class=\"image\" style=\"--tw-border-spacing-x:0;--tw-border-spacing-y:0;--tw-translate-x:0;--tw-translate-y:0;--tw-rotate:0;--tw-skew-x:0;--tw-skew-y:0;--tw-scale-x:1;--tw-scale-y:1;--tw-pan-x:;--tw-pan-y:;--tw-pinch-zoom:;--tw-scroll-snap-strictness:proximity;--tw-gradient-from-position:;--tw-gradient-via-position:;--tw-gradient-to-position:;--tw-ordinal:;--tw-slashed-zero:;--tw-numeric-figure:;--tw-numeric-spacing:;--tw-numeric-fraction:;--tw-ring-inset:;--tw-ring-offset-width:0px;--tw-ring-offset-color:#fff;--tw-ring-offset-shadow:00#0000;--tw-ring-shadow:00#0000;--tw-shadow:00#0000;--tw-shadow-colored:00#0000;--tw-blur:;--tw-brightness:;--tw-contrast:;--tw-grayscale:;--tw-hue-rotate:;--tw-invert:;--tw-saturate:;--tw-sepia:;--tw-drop-shadow:;--tw-backdrop-blur:;--tw-backdrop-brightness:;--tw-backdrop-contrast:;--tw-backdrop-grayscale:;--tw-backdrop-hue-rotate:;--tw-backdrop-invert:;--tw-backdrop-opacity:;--tw-backdrop-saturate:;--tw-backdrop-sepia:;margin:0px0px1rem;font-weight:300;font-family:Axiforma;font-size:16px;font-style:normal;letter-spacing:normal;text-transform:none;text-align:left\"><img decoding=\"async\" src=\"https:\/\/www.ugurlu.com.tr\/images\/urunler\/premium-graphic.webp\" style=\"--tw-border-spacing-x: 0;--tw-border-spacing-y: 0;--tw-translate-x: 0;--tw-translate-y: 0;--tw-rotate: 0;--tw-skew-x: 0;--tw-skew-y: 0;--tw-scale-x: 1;--tw-scale-y: 1;--tw-pan-x:;--tw-pan-y:;--tw-pinch-zoom:;--tw-scroll-snap-strictness: proximity;--tw-gradient-from-position:;--tw-gradient-via-position:;--tw-gradient-to-position:;--tw-ordinal:;--tw-slashed-zero:;--tw-numeric-figure:;--tw-numeric-spacing:;--tw-numeric-fraction:;--tw-ring-inset:;--tw-ring-offset-width: 0px;--tw-ring-offset-color: #fff;--tw-ring-offset-shadow: 0 0 #0000;--tw-ring-shadow: 0 0 #0000;--tw-shadow: 0 0 #0000;--tw-shadow-colored: 0 0 #0000;--tw-blur:;--tw-brightness:;--tw-contrast:;--tw-grayscale:;--tw-hue-rotate:;--tw-invert:;--tw-saturate:;--tw-sepia:;--tw-drop-shadow:;--tw-backdrop-blur:;--tw-backdrop-brightness:;--tw-backdrop-contrast:;--tw-backdrop-grayscale:;--tw-backdrop-hue-rotate:;--tw-backdrop-invert:;--tw-backdrop-opacity:;--tw-backdrop-saturate:;--tw-backdrop-sepia:;vertical-align: middle;font-weight: 300\"><\/figure>\n<p style=\"--tw-border-spacing-x:0;--tw-border-spacing-y:0;--tw-translate-x:0;--tw-translate-y:0;--tw-rotate:0;--tw-skew-x:0;--tw-skew-y:0;--tw-scale-x:1;--tw-scale-y:1;--tw-pan-x:;--tw-pan-y:;--tw-pinch-zoom:;--tw-scroll-snap-strictness:proximity;--tw-gradient-from-position:;--tw-gradient-via-position:;--tw-gradient-to-position:;--tw-ordinal:;--tw-slashed-zero:;--tw-numeric-figure:;--tw-numeric-spacing:;--tw-numeric-fraction:;--tw-ring-inset:;--tw-ring-offset-width:0px;--tw-ring-offset-color:#fff;--tw-ring-offset-shadow:00#0000;--tw-ring-shadow:00#0000;--tw-shadow:00#0000;--tw-shadow-colored:00#0000;--tw-blur:;--tw-brightness:;--tw-contrast:;--tw-grayscale:;--tw-hue-rotate:;--tw-invert:;--tw-saturate:;--tw-sepia:;--tw-drop-shadow:;--tw-backdrop-blur:;--tw-backdrop-brightness:;--tw-backdrop-contrast:;--tw-backdrop-grayscale:;--tw-backdrop-hue-rotate:;--tw-backdrop-invert:;--tw-backdrop-opacity:;--tw-backdrop-saturate:;--tw-backdrop-sepia:;margin-bottom:1rem;margin-top:0px;font-weight:300;font-family:Axiforma;font-size:16px;font-style:normal;letter-spacing:normal;text-transform:none;text-align:left\">Kullan\u0131m \u015eekli<\/p>\n<p style=\"--tw-border-spacing-x:0;--tw-border-spacing-y:0;--tw-translate-x:0;--tw-translate-y:0;--tw-rotate:0;--tw-skew-x:0;--tw-skew-y:0;--tw-scale-x:1;--tw-scale-y:1;--tw-pan-x:;--tw-pan-y:;--tw-pinch-zoom:;--tw-scroll-snap-strictness:proximity;--tw-gradient-from-position:;--tw-gradient-via-position:;--tw-gradient-to-position:;--tw-ordinal:;--tw-slashed-zero:;--tw-numeric-figure:;--tw-numeric-spacing:;--tw-numeric-fraction:;--tw-ring-inset:;--tw-ring-offset-width:0px;--tw-ring-offset-color:#fff;--tw-ring-offset-shadow:00#0000;--tw-ring-shadow:00#0000;--tw-shadow:00#0000;--tw-shadow-colored:00#0000;--tw-blur:;--tw-brightness:;--tw-contrast:;--tw-grayscale:;--tw-hue-rotate:;--tw-invert:;--tw-saturate:;--tw-sepia:;--tw-drop-shadow:;--tw-backdrop-blur:;--tw-backdrop-brightness:;--tw-backdrop-contrast:;--tw-backdrop-grayscale:;--tw-backdrop-hue-rotate:;--tw-backdrop-invert:;--tw-backdrop-opacity:;--tw-backdrop-saturate:;--tw-backdrop-sepia:;margin-bottom:1rem;margin-top:0px;font-weight:300;font-family:Axiforma;font-size:16px;font-style:normal;letter-spacing:normal;text-transform:none;text-align:left\">1.Ad\u0131m 0\u00b0-180\u00b0 sa\u011fa sola<br \/>\n2.Ad\u0131m 90\u00b0-270\u00b0 yukar\u0131 a\u015fa\u011f\u0131ya<br \/>\nkutupsal koordinat d\u00fczleminde ilerlemelisiniz.<\/p>\n","protected":false},"excerpt":{"rendered":"<p>Ni\u00e7in Kullanmal\u0131s\u0131n\u0131z? X&gt;85 GU\u2019a (Gloss) kadar y\u00fczey parlakl\u0131k de\u011feri elde edilebilir. Sabit noktada ve 30 sn s\u00fcren d\u00f6n\u00fc\u015f an\u0131nda, y\u00fczeyin<\/p>\n","protected":false},"featured_media":17868,"comment_status":"open","ping_status":"closed","template":"","meta":[],"product_brand":[],"product_cat":[440,439],"product_tag":[],"class_list":{"0":"post-17870","1":"product","2":"type-product","3":"status-publish","4":"has-post-thumbnail","6":"product_cat-pedler-ve-keceler","7":"product_cat-uygulama-pedleri-ve-bezler","9":"first","10":"instock","11":"shipping-taxable","12":"purchasable","13":"product-type-simple"},"jetpack_sharing_enabled":true,"_links":{"self":[{"href":"https:\/\/junewax.com\/index.php?rest_route=\/wp\/v2\/product\/17870","targetHints":{"allow":["GET"]}}],"collection":[{"href":"https:\/\/junewax.com\/index.php?rest_route=\/wp\/v2\/product"}],"about":[{"href":"https:\/\/junewax.com\/index.php?rest_route=\/wp\/v2\/types\/product"}],"replies":[{"embeddable":true,"href":"https:\/\/junewax.com\/index.php?rest_route=%2Fwp%2Fv2%2Fcomments&post=17870"}],"version-history":[{"count":0,"href":"https:\/\/junewax.com\/index.php?rest_route=\/wp\/v2\/product\/17870\/revisions"}],"wp:featuredmedia":[{"embeddable":true,"href":"https:\/\/junewax.com\/index.php?rest_route=\/wp\/v2\/media\/17868"}],"wp:attachment":[{"href":"https:\/\/junewax.com\/index.php?rest_route=%2Fwp%2Fv2%2Fmedia&parent=17870"}],"wp:term":[{"taxonomy":"product_brand","embeddable":true,"href":"https:\/\/junewax.com\/index.php?rest_route=%2Fwp%2Fv2%2Fproduct_brand&post=17870"},{"taxonomy":"product_cat","embeddable":true,"href":"https:\/\/junewax.com\/index.php?rest_route=%2Fwp%2Fv2%2Fproduct_cat&post=17870"},{"taxonomy":"product_tag","embeddable":true,"href":"https:\/\/junewax.com\/index.php?rest_route=%2Fwp%2Fv2%2Fproduct_tag&post=17870"}],"curies":[{"name":"wp","href":"https:\/\/api.w.org\/{rel}","templated":true}]}}