{"id":17889,"date":"2025-09-25T11:17:12","date_gmt":"2025-09-25T11:17:12","guid":{"rendered":"https:\/\/junewax.com\/?product=auto-finesse-kurulama-havlusu-aqua-deluxe-xl"},"modified":"2025-09-25T11:17:12","modified_gmt":"2025-09-25T11:17:12","slug":"auto-finesse-kurulama-havlusu-aqua-deluxe-xl","status":"publish","type":"product","link":"https:\/\/junewax.com\/?product=auto-finesse-kurulama-havlusu-aqua-deluxe-xl","title":{"rendered":"Auto Finesse Kurulama Havlusu &#8211; Aqua Deluxe XL"},"content":{"rendered":"<p style=\"margin:0px;font-size:13px;font-style:normal;font-weight:400;letter-spacing:normal;text-transform:none;padding:0px;font-family:Palanquin,sans-serif;line-height:normal;text-align:left\"><strong style=\"font-weight: bolder\">57x94cm Boyutuyla<\/strong> Rekorlar k\u0131ran bir havlu ile arac\u0131n\u0131 kurulaman maksimum be\u015f dakika! En g\u00fcvenli kurulama i\u00e7in yumu\u015fac\u0131k dokusuna hayran kalacaks\u0131n!!<\/p>\n<p style=\"margin:0px;font-size:13px;font-style:normal;font-weight:400;letter-spacing:normal;text-transform:none;padding:0px;font-family:Palanquin,sans-serif;line-height:normal;text-align:left\">\n<p style=\"margin:0px;font-size:13px;font-style:normal;font-weight:400;letter-spacing:normal;text-transform:none;padding:0px;font-family:Palanquin,sans-serif;line-height:normal;text-align:left\">Not: \u0130lk Kullan\u0131mdan \u00d6nce Y\u0131kanmas\u0131 Tavsiye Edilir.<\/p>\n","protected":false},"excerpt":{"rendered":"<p>57x94cm Boyutuyla Rekorlar k\u0131ran bir havlu ile arac\u0131n\u0131 kurulaman maksimum be\u015f dakika! En g\u00fcvenli kurulama i\u00e7in yumu\u015fac\u0131k dokusuna hayran kalacaks\u0131n!!<\/p>\n","protected":false},"featured_media":17888,"comment_status":"open","ping_status":"closed","template":"","meta":[],"product_brand":[],"product_cat":[525,439],"product_tag":[],"class_list":{"0":"post-17889","1":"product","2":"type-product","3":"status-publish","4":"has-post-thumbnail","6":"product_cat-kurulama-havlulari-ve-cam-bezleri","7":"product_cat-uygulama-pedleri-ve-bezler","9":"first","10":"instock","11":"shipping-taxable","12":"purchasable","13":"product-type-simple"},"jetpack_sharing_enabled":true,"_links":{"self":[{"href":"https:\/\/junewax.com\/index.php?rest_route=\/wp\/v2\/product\/17889","targetHints":{"allow":["GET"]}}],"collection":[{"href":"https:\/\/junewax.com\/index.php?rest_route=\/wp\/v2\/product"}],"about":[{"href":"https:\/\/junewax.com\/index.php?rest_route=\/wp\/v2\/types\/product"}],"replies":[{"embeddable":true,"href":"https:\/\/junewax.com\/index.php?rest_route=%2Fwp%2Fv2%2Fcomments&post=17889"}],"version-history":[{"count":0,"href":"https:\/\/junewax.com\/index.php?rest_route=\/wp\/v2\/product\/17889\/revisions"}],"wp:featuredmedia":[{"embeddable":true,"href":"https:\/\/junewax.com\/index.php?rest_route=\/wp\/v2\/media\/17888"}],"wp:attachment":[{"href":"https:\/\/junewax.com\/index.php?rest_route=%2Fwp%2Fv2%2Fmedia&parent=17889"}],"wp:term":[{"taxonomy":"product_brand","embeddable":true,"href":"https:\/\/junewax.com\/index.php?rest_route=%2Fwp%2Fv2%2Fproduct_brand&post=17889"},{"taxonomy":"product_cat","embeddable":true,"href":"https:\/\/junewax.com\/index.php?rest_route=%2Fwp%2Fv2%2Fproduct_cat&post=17889"},{"taxonomy":"product_tag","embeddable":true,"href":"https:\/\/junewax.com\/index.php?rest_route=%2Fwp%2Fv2%2Fproduct_tag&post=17889"}],"curies":[{"name":"wp","href":"https:\/\/api.w.org\/{rel}","templated":true}]}}