{"id":17891,"date":"2025-09-26T12:18:09","date_gmt":"2025-09-26T12:18:09","guid":{"rendered":"https:\/\/junewax.com\/?product=spta-malzeme-arabasi"},"modified":"2026-02-14T10:31:12","modified_gmt":"2026-02-14T10:31:12","slug":"spta-malzeme-arabasi","status":"publish","type":"product","link":"https:\/\/junewax.com\/?product=spta-malzeme-arabasi","title":{"rendered":"Spta Malzeme Arabas\u0131"},"content":{"rendered":"<p>Spta Malzeme Arabas\u0131; Polisaj Makinesi , Sprey \u015ei\u015fe , Detay F\u0131r\u00e7alar\u0131n\u0131 Ver Daha Bir \u00c7ok Ekipman\u0131n\u0131z Yerinizden Ayr\u0131lmadan Art\u0131k Yan\u0131 Ba\u015f\u0131n\u0131zda &#8230;<\/p>\n","protected":false},"excerpt":{"rendered":"<p>Spta Malzeme Arabas\u0131; Polisaj Makinesi , Sprey \u015ei\u015fe , Detay F\u0131r\u00e7alar\u0131n\u0131 Ver Daha Bir \u00c7ok Ekipman\u0131n\u0131z Yerinizden Ayr\u0131lmadan Art\u0131k Yan\u0131<\/p>\n","protected":false},"featured_media":17890,"comment_status":"open","ping_status":"closed","template":"","meta":[],"product_brand":[],"product_cat":[515,527],"product_tag":[],"class_list":{"0":"post-17891","1":"product","2":"type-product","3":"status-publish","4":"has-post-thumbnail","6":"product_cat-dagitici-siseler-fircalar-aksesuarlar","7":"product_cat-ekipman-standlari","9":"first","10":"instock","11":"shipping-taxable","12":"purchasable","13":"product-type-simple"},"jetpack_sharing_enabled":true,"_links":{"self":[{"href":"https:\/\/junewax.com\/index.php?rest_route=\/wp\/v2\/product\/17891","targetHints":{"allow":["GET"]}}],"collection":[{"href":"https:\/\/junewax.com\/index.php?rest_route=\/wp\/v2\/product"}],"about":[{"href":"https:\/\/junewax.com\/index.php?rest_route=\/wp\/v2\/types\/product"}],"replies":[{"embeddable":true,"href":"https:\/\/junewax.com\/index.php?rest_route=%2Fwp%2Fv2%2Fcomments&post=17891"}],"version-history":[{"count":1,"href":"https:\/\/junewax.com\/index.php?rest_route=\/wp\/v2\/product\/17891\/revisions"}],"predecessor-version":[{"id":18077,"href":"https:\/\/junewax.com\/index.php?rest_route=\/wp\/v2\/product\/17891\/revisions\/18077"}],"wp:featuredmedia":[{"embeddable":true,"href":"https:\/\/junewax.com\/index.php?rest_route=\/wp\/v2\/media\/17890"}],"wp:attachment":[{"href":"https:\/\/junewax.com\/index.php?rest_route=%2Fwp%2Fv2%2Fmedia&parent=17891"}],"wp:term":[{"taxonomy":"product_brand","embeddable":true,"href":"https:\/\/junewax.com\/index.php?rest_route=%2Fwp%2Fv2%2Fproduct_brand&post=17891"},{"taxonomy":"product_cat","embeddable":true,"href":"https:\/\/junewax.com\/index.php?rest_route=%2Fwp%2Fv2%2Fproduct_cat&post=17891"},{"taxonomy":"product_tag","embeddable":true,"href":"https:\/\/junewax.com\/index.php?rest_route=%2Fwp%2Fv2%2Fproduct_tag&post=17891"}],"curies":[{"name":"wp","href":"https:\/\/api.w.org\/{rel}","templated":true}]}}