{"id":18029,"date":"2026-02-09T13:09:47","date_gmt":"2026-02-09T13:09:47","guid":{"rendered":"https:\/\/junewax.com\/?post_type=product&#038;p=18029"},"modified":"2026-02-09T13:44:30","modified_gmt":"2026-02-09T13:44:30","slug":"carpro-gofx-cam-temizleyici-ve-leke-cikartici-cila-500-ml","status":"publish","type":"product","link":"https:\/\/junewax.com\/?product=carpro-gofx-cam-temizleyici-ve-leke-cikartici-cila-500-ml","title":{"rendered":"CARPRO GOFX &#8211; CAM TEM\u0130ZLEY\u0130C\u0130 VE LEKE C\u0130KARTICI C\u0130LA 500 ML"},"content":{"rendered":"<h1>CARPRO GOFX &#8211; CAM TEM\u0130ZLEY\u0130C\u0130 VE LEKE C\u0130KARTICI C\u0130LA 500 ML<\/h1>\n<p><span dir=\"auto\">GofX, d\u0131\u015f mekan cam y\u00fczeylerinde optik ve berrakl\u0131\u011f\u0131 an\u0131nda geri kazand\u0131rmak i\u00e7in tasarlanm\u0131\u015f, kullan\u0131m\u0131 kolay bir cam restorasyon \u00fcr\u00fcn\u00fcd\u00fcr. Hibrit form\u00fcl\u00fc, cam temizleyicilerin ula\u015famad\u0131\u011f\u0131 en zorlu kirleticileri h\u0131zl\u0131 ve etkili bir \u015fekilde gidermek i\u00e7in kimyasallar ve a\u015f\u0131nd\u0131r\u0131c\u0131lar\u0131n bir kombinasyonunu kullan\u0131r; ya\u011fl\u0131 trafik filmini, kurumu\u015f b\u00f6cek kal\u0131nt\u0131lar\u0131n\u0131, su lekelerini\/mineral birikintilerini ve hatta eski s\u0131zd\u0131rmazl\u0131k malzemelerini veya kaplamalar\u0131 ortadan kald\u0131r\u0131r.<\/span><\/p>\n<p><span dir=\"auto\">GofX, \u00f6n cam\u0131n\u0131za ve pencerelerinize p\u00fcr\u00fczs\u00fczl\u00fck ve \u015feffafl\u0131k kazand\u0131rarak g\u00f6r\u00fc\u015f\u00fc iyile\u015ftirir ve y\u00fczeyi kaplama veya s\u0131zd\u0131rmazl\u0131k malzemeleriyle maksimum yap\u0131\u015fma i\u00e7in haz\u0131rlar. Kullan\u0131mdan sonra, y\u00fczeyi temiz, nemli bir mikrofiber bezle bir kez daha silin ve ard\u0131ndan kurulay\u0131n; daha sonra, uygunsa, tercih etti\u011finiz s\u0131zd\u0131rmazl\u0131k malzemesi veya kaplamay\u0131 uygulayabilirsiniz.<\/span><\/p>\n<p><span dir=\"auto\">GofX, makineyle veya elle, \u0131slak veya kuru camda kullan\u0131m kolayl\u0131\u011f\u0131 sunarak, tercih etti\u011finiz y\u00f6nteme uyum sa\u011flayan \u00e7ok y\u00f6nl\u00fc bir uygulama imkan\u0131 sa\u011flar ve lekesiz, izsiz ve kristal berrakl\u0131\u011f\u0131nda cam sonu\u00e7lar elde etmenizi sa\u011flar.<\/span><\/p>\n<h3><span dir=\"auto\">\u00d6zellikler:<\/span><\/h3>\n<ul>\n<li data-start=\"0\" data-end=\"29\"><span dir=\"auto\">\u0130nat\u00e7\u0131 ya\u011f tabakalar\u0131n\u0131 temizler.<\/span><\/li>\n<li data-start=\"31\" data-end=\"82\"><span dir=\"auto\">B\u00f6cek kal\u0131nt\u0131lar\u0131n\u0131, su lekelerini ve eski kaplamalar\u0131 temizler.<\/span><\/li>\n<li data-start=\"84\" data-end=\"147\"><span dir=\"auto\">G\u00f6r\u00fc\u015f\u00fc iyile\u015ftirmek i\u00e7in cam\u0131n berrakl\u0131\u011f\u0131n\u0131 ve p\u00fcr\u00fczs\u00fczl\u00fc\u011f\u00fcn\u00fc geri kazand\u0131r\u0131r.<\/span><\/li>\n<li data-start=\"149\" data-end=\"212\"><span dir=\"auto\">Seramik kaplama veya s\u0131zd\u0131rmazl\u0131k malzemesi uygulamas\u0131 i\u00e7in y\u00fczeyleri haz\u0131rlar.<\/span><\/li>\n<li data-start=\"214\" data-end=\"264\"><span dir=\"auto\">T\u00fcm d\u0131\u015f cam y\u00fczeyler i\u00e7in g\u00fcvenli ve etkili.<\/span><\/li>\n<li data-start=\"214\" data-end=\"264\">\n<h3><span dir=\"auto\">Elle Y\u00f6nlendirmeler:<\/span><\/h3>\n<div>\n<ol>\n<li><span dir=\"auto\">Y\u00fczeyi y\u0131kay\u0131p kurulay\u0131n veya susuz y\u0131kama y\u00f6ntemiyle temizleyin.<\/span><\/li>\n<li><span dir=\"auto\">Yo\u011fun k\u00f6p\u00fck el aplikat\u00f6r\u00fcn\u00fcn uzunlu\u011fu boyunca bezelye b\u00fcy\u00fckl\u00fc\u011f\u00fcnde birka\u00e7 damla veya ince bir \u015ferit halinde uygulay\u0131n.\u00a0<\/span><\/li>\n<li><span dir=\"auto\">Cam\u0131n \u00fczerine yerle\u015ftirin ve 2 metrekarelik bir alana yay\u0131n.<\/span><\/li>\n<li><span dir=\"auto\">E\u015fit bas\u0131n\u00e7 uygulayarak, yatay olarak \u00fcst \u00fcste binen dairesel ovma hareketleri kullan\u0131n.<\/span><\/li>\n<li><span dir=\"auto\">Sadece \u00f6nceden b\u00f6lgeye yay\u0131lm\u0131\u015f olan \u00fcr\u00fcn\u00fc kullanarak, gerekti\u011fi kadar veya \u00fcr\u00fcn bitip kuruyana kadar 4. ad\u0131m\u0131 tekrarlay\u0131n.<\/span><\/li>\n<li><a href=\"https:\/\/www.carpro-us.com\/microfiber-towels\/microfiber-madness-slogger-16-x-16-10pk-new\/?searchid=1889833&amp;search_query=\" target=\"_blank\" rel=\"noopener\"><span dir=\"auto\">Kal\u0131nt\u0131lar\u0131 hemen temiz bir mikrofiber bezle<\/span><\/a><span dir=\"auto\">\u00a0silin\u00a0.<\/span><\/li>\n<li><span dir=\"auto\">Sonraki b\u00f6l\u00fcme ge\u00e7in.<\/span><\/li>\n<li><span dir=\"auto\"><a href=\"https:\/\/www.carpro-us.com\/glass\/dquartz-gforce-glass-coating-10ml-kit\/?searchid=1889827&amp;search_query=\" target=\"_blank\" rel=\"noopener\">Pencerenin y\u00fczeyi tamamen doldu\u011funda, Gforce<\/a>\u00a0,\u00a0<a href=\"https:\/\/www.carpro-us.com\/glass\/carpro-flyby30-windshield-coating-20ml\/?searchid=1889826&amp;search_query=\" target=\"_blank\" rel=\"noopener\">Flyby30<\/a>\u00a0veya tercih etti\u011finiz koruyucu \u00fcr\u00fcn\u00fc\u00a0uygulamadan \u00f6nce su veya\u00a0<\/span><a href=\"https:\/\/www.carpro-us.com\/deep-cleanse\/carpro-eraser-1-liter-34oz\/?searchid=1889831&amp;search_query=\" target=\"_blank\" rel=\"noopener\"><span dir=\"auto\">silgi<\/span><\/a><span dir=\"auto\">\u00a0ile silebilirsiniz .<\/span><\/li>\n<\/ol>\n<\/div>\n<\/li>\n<\/ul>\n","protected":false},"excerpt":{"rendered":"<p>CARPRO GOFX &#8211; CAM TEM\u0130ZLEY\u0130C\u0130 VE LEKE C\u0130KARTICI C\u0130LA 500 ML GofX, d\u0131\u015f mekan cam y\u00fczeylerinde optik ve berrakl\u0131\u011f\u0131 an\u0131nda<\/p>\n","protected":false},"featured_media":18030,"comment_status":"open","ping_status":"closed","template":"","meta":[],"product_brand":[233],"product_cat":[441,396],"product_tag":[],"class_list":{"0":"post-18029","1":"product","2":"type-product","3":"status-publish","4":"has-post-thumbnail","6":"product_brand-carpro","7":"product_cat-cam-ve-far-urunleri","8":"product_cat-dis-bakim-urunleri","10":"first","11":"instock","12":"shipping-taxable","13":"purchasable","14":"product-type-simple"},"jetpack_sharing_enabled":true,"_links":{"self":[{"href":"https:\/\/junewax.com\/index.php?rest_route=\/wp\/v2\/product\/18029","targetHints":{"allow":["GET"]}}],"collection":[{"href":"https:\/\/junewax.com\/index.php?rest_route=\/wp\/v2\/product"}],"about":[{"href":"https:\/\/junewax.com\/index.php?rest_route=\/wp\/v2\/types\/product"}],"replies":[{"embeddable":true,"href":"https:\/\/junewax.com\/index.php?rest_route=%2Fwp%2Fv2%2Fcomments&post=18029"}],"version-history":[{"count":1,"href":"https:\/\/junewax.com\/index.php?rest_route=\/wp\/v2\/product\/18029\/revisions"}],"predecessor-version":[{"id":18031,"href":"https:\/\/junewax.com\/index.php?rest_route=\/wp\/v2\/product\/18029\/revisions\/18031"}],"wp:featuredmedia":[{"embeddable":true,"href":"https:\/\/junewax.com\/index.php?rest_route=\/wp\/v2\/media\/18030"}],"wp:attachment":[{"href":"https:\/\/junewax.com\/index.php?rest_route=%2Fwp%2Fv2%2Fmedia&parent=18029"}],"wp:term":[{"taxonomy":"product_brand","embeddable":true,"href":"https:\/\/junewax.com\/index.php?rest_route=%2Fwp%2Fv2%2Fproduct_brand&post=18029"},{"taxonomy":"product_cat","embeddable":true,"href":"https:\/\/junewax.com\/index.php?rest_route=%2Fwp%2Fv2%2Fproduct_cat&post=18029"},{"taxonomy":"product_tag","embeddable":true,"href":"https:\/\/junewax.com\/index.php?rest_route=%2Fwp%2Fv2%2Fproduct_tag&post=18029"}],"curies":[{"name":"wp","href":"https:\/\/api.w.org\/{rel}","templated":true}]}}