{"id":18035,"date":"2026-02-09T13:22:56","date_gmt":"2026-02-09T13:22:56","guid":{"rendered":"https:\/\/junewax.com\/?post_type=product&#038;p=18035"},"modified":"2026-02-09T13:48:46","modified_gmt":"2026-02-09T13:48:46","slug":"carpro-tajima-ppf-kesim-bicagi","status":"publish","type":"product","link":"https:\/\/junewax.com\/?product=carpro-tajima-ppf-kesim-bicagi","title":{"rendered":"CARPRO TAJ\u0130MA PPF KES\u0130M BI\u00c7AGI"},"content":{"rendered":"<p data-start=\"148\" data-end=\"184\"><strong data-start=\"148\" data-end=\"182\">CarPro Tajima PPF Kesme B\u0131\u00e7a\u011f\u0131<\/strong><\/p>\n<p data-start=\"186\" data-end=\"385\">CARPRO, Tajima Tools ile yapt\u0131\u011f\u0131 i\u015f birli\u011fiyle\u00a0<strong data-start=\"233\" data-end=\"274\">s\u0131n\u0131f\u0131n\u0131n en iyisi PPF kesme b\u0131\u00e7a\u011f\u0131n\u0131<\/strong>\u00a0gururla sunar.<br data-start=\"289\" data-end=\"292\" \/>Sertle\u015ftirilmi\u015f metal yap\u0131s\u0131 ve\u00a0<strong data-start=\"324\" data-end=\"343\">30\u00b0 kesim a\u00e7\u0131s\u0131<\/strong>, maksimum hassasiyet ve kontrol sa\u011flar.<\/p>\n<p data-start=\"387\" data-end=\"603\"><strong data-start=\"387\" data-end=\"414\">Tajima PPF Kesme B\u0131\u00e7a\u011f\u0131<\/strong>, detayl\u0131 ve kontroll\u00fc \u00e7izim i\u015flemleri i\u00e7in idealdir. Bu \u00f6zellikleriyle,\u00a0<strong data-start=\"487\" data-end=\"516\">Immortal PPF uygulamalar\u0131<\/strong>,\u00a0<strong data-start=\"518\" data-end=\"535\">vinil kaplama<\/strong>\u00a0ve\u00a0<strong data-start=\"539\" data-end=\"564\">cam filmi \u00e7al\u0131\u015fmalar\u0131<\/strong>\u00a0s\u0131ras\u0131nda m\u00fckemmel performans sunar.<\/p>\n<p data-start=\"605\" data-end=\"647\">Ayr\u0131ca,\u00a0<strong data-start=\"613\" data-end=\"631\">yedek b\u0131\u00e7aklar<\/strong>\u00a0da mevcuttur.<\/p>\n","protected":false},"excerpt":{"rendered":"<p>CarPro Tajima PPF Kesme B\u0131\u00e7a\u011f\u0131 CARPRO, Tajima Tools ile yapt\u0131\u011f\u0131 i\u015f birli\u011fiyle\u00a0s\u0131n\u0131f\u0131n\u0131n en iyisi PPF kesme b\u0131\u00e7a\u011f\u0131n\u0131\u00a0gururla sunar.Sertle\u015ftirilmi\u015f metal yap\u0131s\u0131<\/p>\n","protected":false},"featured_media":18036,"comment_status":"open","ping_status":"closed","template":"","meta":[],"product_brand":[233],"product_cat":[521,515],"product_tag":[],"class_list":{"0":"post-18035","1":"product","2":"type-product","3":"status-publish","4":"has-post-thumbnail","6":"product_brand-carpro","7":"product_cat-ppf-ve-cam-filmi-ekipmanlari","8":"product_cat-dagitici-siseler-fircalar-aksesuarlar","10":"first","11":"instock","12":"shipping-taxable","13":"purchasable","14":"product-type-simple"},"jetpack_sharing_enabled":true,"_links":{"self":[{"href":"https:\/\/junewax.com\/index.php?rest_route=\/wp\/v2\/product\/18035","targetHints":{"allow":["GET"]}}],"collection":[{"href":"https:\/\/junewax.com\/index.php?rest_route=\/wp\/v2\/product"}],"about":[{"href":"https:\/\/junewax.com\/index.php?rest_route=\/wp\/v2\/types\/product"}],"replies":[{"embeddable":true,"href":"https:\/\/junewax.com\/index.php?rest_route=%2Fwp%2Fv2%2Fcomments&post=18035"}],"version-history":[{"count":1,"href":"https:\/\/junewax.com\/index.php?rest_route=\/wp\/v2\/product\/18035\/revisions"}],"predecessor-version":[{"id":18037,"href":"https:\/\/junewax.com\/index.php?rest_route=\/wp\/v2\/product\/18035\/revisions\/18037"}],"wp:featuredmedia":[{"embeddable":true,"href":"https:\/\/junewax.com\/index.php?rest_route=\/wp\/v2\/media\/18036"}],"wp:attachment":[{"href":"https:\/\/junewax.com\/index.php?rest_route=%2Fwp%2Fv2%2Fmedia&parent=18035"}],"wp:term":[{"taxonomy":"product_brand","embeddable":true,"href":"https:\/\/junewax.com\/index.php?rest_route=%2Fwp%2Fv2%2Fproduct_brand&post=18035"},{"taxonomy":"product_cat","embeddable":true,"href":"https:\/\/junewax.com\/index.php?rest_route=%2Fwp%2Fv2%2Fproduct_cat&post=18035"},{"taxonomy":"product_tag","embeddable":true,"href":"https:\/\/junewax.com\/index.php?rest_route=%2Fwp%2Fv2%2Fproduct_tag&post=18035"}],"curies":[{"name":"wp","href":"https:\/\/api.w.org\/{rel}","templated":true}]}}