{"id":18038,"date":"2026-02-09T13:24:14","date_gmt":"2026-02-09T13:24:14","guid":{"rendered":"https:\/\/junewax.com\/?post_type=product&#038;p=18038"},"modified":"2026-02-09T13:49:05","modified_gmt":"2026-02-09T13:49:05","slug":"carpro-tajima-ppf-kesme-bicagi-yedek-bicaklari-10lu-paket","status":"publish","type":"product","link":"https:\/\/junewax.com\/?product=carpro-tajima-ppf-kesme-bicagi-yedek-bicaklari-10lu-paket","title":{"rendered":"CarPro Tajima PPF Kesme B\u0131\u00e7a\u011f\u0131 Yedek B\u0131\u00e7aklar\u0131 &#8211; 10&#8217;lu Paket"},"content":{"rendered":"<p style=\"font-weight: 400;\"><b><strong>CarPro Tajima PPF Kesme B\u0131\u00e7a\u011f\u0131 Yedek B\u0131\u00e7aklar\u0131 &#8211; 30\u00b0 &#8211; 10&#8217;lu Paket<\/strong><\/b><\/p>\n<p style=\"font-weight: 400;\">CARPRO, sertle\u015ftirilmi\u015f metallere ve 30\u00b0 a\u00e7\u0131ya sahip, s\u0131n\u0131f\u0131n\u0131n en iyisi PPF b\u0131\u00e7a\u011f\u0131n\u0131 sunmak i\u00e7in Tajima Tools ile gururla ortakl\u0131k kurdu. Bu Tajima PPF kesme aleti, hassas ve hassas \u00e7izikleme i\u00e7in idealdir; bu da onu kurulum s\u0131ras\u0131nda Immortal PPF&#8217;nin kesilmesinin yan\u0131 s\u0131ra vinil kaplama ve cam filmi \u00fczerinde \u00e7al\u0131\u015fmak i\u00e7in<\/p>\n","protected":false},"excerpt":{"rendered":"<p>CarPro Tajima PPF Kesme B\u0131\u00e7a\u011f\u0131 Yedek B\u0131\u00e7aklar\u0131 &#8211; 30\u00b0 &#8211; 10&#8217;lu Paket CARPRO, sertle\u015ftirilmi\u015f metallere ve 30\u00b0 a\u00e7\u0131ya sahip, s\u0131n\u0131f\u0131n\u0131n<\/p>\n","protected":false},"featured_media":18039,"comment_status":"open","ping_status":"closed","template":"","meta":[],"product_brand":[233],"product_cat":[521,515],"product_tag":[],"class_list":{"0":"post-18038","1":"product","2":"type-product","3":"status-publish","4":"has-post-thumbnail","6":"product_brand-carpro","7":"product_cat-ppf-ve-cam-filmi-ekipmanlari","8":"product_cat-dagitici-siseler-fircalar-aksesuarlar","10":"first","11":"instock","12":"shipping-taxable","13":"purchasable","14":"product-type-simple"},"jetpack_sharing_enabled":true,"_links":{"self":[{"href":"https:\/\/junewax.com\/index.php?rest_route=\/wp\/v2\/product\/18038","targetHints":{"allow":["GET"]}}],"collection":[{"href":"https:\/\/junewax.com\/index.php?rest_route=\/wp\/v2\/product"}],"about":[{"href":"https:\/\/junewax.com\/index.php?rest_route=\/wp\/v2\/types\/product"}],"replies":[{"embeddable":true,"href":"https:\/\/junewax.com\/index.php?rest_route=%2Fwp%2Fv2%2Fcomments&post=18038"}],"version-history":[{"count":1,"href":"https:\/\/junewax.com\/index.php?rest_route=\/wp\/v2\/product\/18038\/revisions"}],"predecessor-version":[{"id":18040,"href":"https:\/\/junewax.com\/index.php?rest_route=\/wp\/v2\/product\/18038\/revisions\/18040"}],"wp:featuredmedia":[{"embeddable":true,"href":"https:\/\/junewax.com\/index.php?rest_route=\/wp\/v2\/media\/18039"}],"wp:attachment":[{"href":"https:\/\/junewax.com\/index.php?rest_route=%2Fwp%2Fv2%2Fmedia&parent=18038"}],"wp:term":[{"taxonomy":"product_brand","embeddable":true,"href":"https:\/\/junewax.com\/index.php?rest_route=%2Fwp%2Fv2%2Fproduct_brand&post=18038"},{"taxonomy":"product_cat","embeddable":true,"href":"https:\/\/junewax.com\/index.php?rest_route=%2Fwp%2Fv2%2Fproduct_cat&post=18038"},{"taxonomy":"product_tag","embeddable":true,"href":"https:\/\/junewax.com\/index.php?rest_route=%2Fwp%2Fv2%2Fproduct_tag&post=18038"}],"curies":[{"name":"wp","href":"https:\/\/api.w.org\/{rel}","templated":true}]}}