{"id":18041,"date":"2026-02-09T13:25:57","date_gmt":"2026-02-09T13:25:57","guid":{"rendered":"https:\/\/junewax.com\/?post_type=product&#038;p=18041"},"modified":"2026-02-17T00:37:20","modified_gmt":"2026-02-17T00:37:20","slug":"carpro-darkside-tyre-rubber-sealant-lastik-parlatici-500ml","status":"publish","type":"product","link":"https:\/\/junewax.com\/?product=carpro-darkside-tyre-rubber-sealant-lastik-parlatici-500ml","title":{"rendered":"Carpro DarkSide Tyre &#038; Rubber Sealant Lastik Parlat\u0131c\u0131 500ml."},"content":{"rendered":"<p>CARPRO DarkSide, yeni kullan\u0131ma haz\u0131r, y\u00fcksek konsantrasyonlu lastik ve kau\u00e7uk koruyucumuzdur.<\/p>\n<p>%60 polidimetilsiloksan form\u00fcl\u00fc sayesinde, \u00f6zel lastik veya mikrofiber aplikat\u00f6rlerimizle son derece h\u0131zl\u0131 ve kolay bir uygulama sunar ve lastiklerinize g\u00fczel bir saten parlakl\u0131\u011f\u0131 kazand\u0131r\u0131r.<\/p>\n<p>Kendini temizleme, su itici \u00f6zellikleri, UV ve kimyasal diren\u00e7 gibi \u00fcnl\u00fc \u00f6zelliklerimizi bar\u0131nd\u0131r\u0131r ve lastiklerinizin yeni g\u00f6r\u00fcn\u00fcm\u00fcn\u00fc uzun s\u00fcre korur. DarkSide&#8217;\u0131n her uygulamas\u0131, 3 aya kadar dayan\u0131kl\u0131l\u0131k sa\u011flar! Ana \u00f6zellikleri aras\u0131nda y\u00fcksek su iticilik, saten siyah parlakl\u0131k, UV direnci, d\u00fc\u015f\u00fck VOC ve 3+ ay dayan\u0131kl\u0131l\u0131k bulunmaktad\u0131r.<\/p>\n","protected":false},"excerpt":{"rendered":"<p>CARPRO DarkSide, yeni kullan\u0131ma haz\u0131r, y\u00fcksek konsantrasyonlu lastik ve kau\u00e7uk koruyucumuzdur. %60 polidimetilsiloksan form\u00fcl\u00fc sayesinde, \u00f6zel lastik veya mikrofiber aplikat\u00f6rlerimizle<\/p>\n","protected":false},"featured_media":18042,"comment_status":"open","ping_status":"closed","template":"","meta":[],"product_brand":[233],"product_cat":[431,396],"product_tag":[],"class_list":{"0":"post-18041","1":"product","2":"type-product","3":"status-publish","4":"has-post-thumbnail","6":"product_brand-carpro","7":"product_cat-lastik-ve-jant-bakim-urunleri","8":"product_cat-dis-bakim-urunleri","10":"first","11":"instock","12":"shipping-taxable","13":"purchasable","14":"product-type-simple"},"jetpack_sharing_enabled":true,"_links":{"self":[{"href":"https:\/\/junewax.com\/index.php?rest_route=\/wp\/v2\/product\/18041","targetHints":{"allow":["GET"]}}],"collection":[{"href":"https:\/\/junewax.com\/index.php?rest_route=\/wp\/v2\/product"}],"about":[{"href":"https:\/\/junewax.com\/index.php?rest_route=\/wp\/v2\/types\/product"}],"replies":[{"embeddable":true,"href":"https:\/\/junewax.com\/index.php?rest_route=%2Fwp%2Fv2%2Fcomments&post=18041"}],"version-history":[{"count":1,"href":"https:\/\/junewax.com\/index.php?rest_route=\/wp\/v2\/product\/18041\/revisions"}],"predecessor-version":[{"id":18043,"href":"https:\/\/junewax.com\/index.php?rest_route=\/wp\/v2\/product\/18041\/revisions\/18043"}],"wp:featuredmedia":[{"embeddable":true,"href":"https:\/\/junewax.com\/index.php?rest_route=\/wp\/v2\/media\/18042"}],"wp:attachment":[{"href":"https:\/\/junewax.com\/index.php?rest_route=%2Fwp%2Fv2%2Fmedia&parent=18041"}],"wp:term":[{"taxonomy":"product_brand","embeddable":true,"href":"https:\/\/junewax.com\/index.php?rest_route=%2Fwp%2Fv2%2Fproduct_brand&post=18041"},{"taxonomy":"product_cat","embeddable":true,"href":"https:\/\/junewax.com\/index.php?rest_route=%2Fwp%2Fv2%2Fproduct_cat&post=18041"},{"taxonomy":"product_tag","embeddable":true,"href":"https:\/\/junewax.com\/index.php?rest_route=%2Fwp%2Fv2%2Fproduct_tag&post=18041"}],"curies":[{"name":"wp","href":"https:\/\/api.w.org\/{rel}","templated":true}]}}