{"id":18050,"date":"2026-02-09T13:32:23","date_gmt":"2026-02-09T13:32:23","guid":{"rendered":"https:\/\/junewax.com\/?post_type=product&#038;p=18050"},"modified":"2026-02-09T13:50:52","modified_gmt":"2026-02-09T13:50:52","slug":"carpro-metallicut-krom-temizleyici-ve-parlatici-150ml","status":"publish","type":"product","link":"https:\/\/junewax.com\/?product=carpro-metallicut-krom-temizleyici-ve-parlatici-150ml","title":{"rendered":"Carpro Metallicut Krom Temizleyici Ve Parlat\u0131c\u0131 150ml."},"content":{"rendered":"<p>CARPRO MetalliCut, t\u00fcm metallerde y\u00fcksek parlakl\u0131k elde etmek i\u00e7in \u00f6zel olarak form\u00fcle edilmi\u015ftir.<\/p>\n<p>Elmas a\u015f\u0131nd\u0131r\u0131c\u0131 tozlar ve azalan a\u015f\u0131nd\u0131r\u0131c\u0131 bile\u015fiklerin kullan\u0131ld\u0131\u011f\u0131 bu \u00fcr\u00fcn, h\u0131zl\u0131 kesim performans\u0131 ve parlak bir y\u00fczey sa\u011flar. Paslanmaz \u00e7elik, al\u00fcminyum ve krom gibi t\u00fcm metal t\u00fcrlerinde etkili olan MetalliCut, egzoz u\u00e7lar\u0131, krom jantlar, tamponlar ve trim par\u00e7alar i\u00e7in ideal bir metal cilas\u0131d\u0131r.<\/p>\n<p>Hem elle hem de makineyle kullan\u0131labilen bu \u00fcr\u00fcn, s\u00fcnger cilalama pedi ile birlikte kullan\u0131ld\u0131\u011f\u0131nda yeni gibi bir parlakl\u0131k yarat\u0131r. MetalliCut, h\u0131zl\u0131 ve etkili kesim performans\u0131, y\u00fcksek parlakl\u0131k ve yumu\u015fak metallerde g\u00fcvenli kullan\u0131m \u00f6zellikleriyle \u00f6ne \u00e7\u0131kar.<\/p>\n","protected":false},"excerpt":{"rendered":"<p>CARPRO MetalliCut, t\u00fcm metallerde y\u00fcksek parlakl\u0131k elde etmek i\u00e7in \u00f6zel olarak form\u00fcle edilmi\u015ftir. Elmas a\u015f\u0131nd\u0131r\u0131c\u0131 tozlar ve azalan a\u015f\u0131nd\u0131r\u0131c\u0131 bile\u015fiklerin<\/p>\n","protected":false},"featured_media":18051,"comment_status":"open","ping_status":"closed","template":"","meta":[],"product_brand":[233],"product_cat":[503,396],"product_tag":[],"class_list":{"0":"post-18050","1":"product","2":"type-product","3":"status-publish","4":"has-post-thumbnail","6":"product_brand-carpro","7":"product_cat-krom-ve-metal-parlatici","8":"product_cat-dis-bakim-urunleri","10":"first","11":"instock","12":"shipping-taxable","13":"purchasable","14":"product-type-simple"},"jetpack_sharing_enabled":true,"_links":{"self":[{"href":"https:\/\/junewax.com\/index.php?rest_route=\/wp\/v2\/product\/18050","targetHints":{"allow":["GET"]}}],"collection":[{"href":"https:\/\/junewax.com\/index.php?rest_route=\/wp\/v2\/product"}],"about":[{"href":"https:\/\/junewax.com\/index.php?rest_route=\/wp\/v2\/types\/product"}],"replies":[{"embeddable":true,"href":"https:\/\/junewax.com\/index.php?rest_route=%2Fwp%2Fv2%2Fcomments&post=18050"}],"version-history":[{"count":1,"href":"https:\/\/junewax.com\/index.php?rest_route=\/wp\/v2\/product\/18050\/revisions"}],"predecessor-version":[{"id":18052,"href":"https:\/\/junewax.com\/index.php?rest_route=\/wp\/v2\/product\/18050\/revisions\/18052"}],"wp:featuredmedia":[{"embeddable":true,"href":"https:\/\/junewax.com\/index.php?rest_route=\/wp\/v2\/media\/18051"}],"wp:attachment":[{"href":"https:\/\/junewax.com\/index.php?rest_route=%2Fwp%2Fv2%2Fmedia&parent=18050"}],"wp:term":[{"taxonomy":"product_brand","embeddable":true,"href":"https:\/\/junewax.com\/index.php?rest_route=%2Fwp%2Fv2%2Fproduct_brand&post=18050"},{"taxonomy":"product_cat","embeddable":true,"href":"https:\/\/junewax.com\/index.php?rest_route=%2Fwp%2Fv2%2Fproduct_cat&post=18050"},{"taxonomy":"product_tag","embeddable":true,"href":"https:\/\/junewax.com\/index.php?rest_route=%2Fwp%2Fv2%2Fproduct_tag&post=18050"}],"curies":[{"name":"wp","href":"https:\/\/api.w.org\/{rel}","templated":true}]}}