{"id":18053,"date":"2026-02-09T13:33:31","date_gmt":"2026-02-09T13:33:31","guid":{"rendered":"https:\/\/junewax.com\/?post_type=product&#038;p=18053"},"modified":"2026-02-09T13:51:15","modified_gmt":"2026-02-09T13:51:15","slug":"carpro-polyshave-pad-kil-diski","status":"publish","type":"product","link":"https:\/\/junewax.com\/?product=carpro-polyshave-pad-kil-diski","title":{"rendered":"CARPRO POLYSHAVE PAD &#8211; K\u0130L D\u0130SK\u0130"},"content":{"rendered":"<h3 data-start=\"2904\" data-end=\"2986\"><strong data-start=\"2911\" data-end=\"2986\">CarPro PolyShave Ped \u2013 Kil Alternatifi ile H\u0131zl\u0131 Y\u00fczey Dekontaminasyonu<\/strong><\/h3>\n<p data-start=\"2987\" data-end=\"3332\"><strong data-start=\"2987\" data-end=\"3011\">CarPro PolyShave Ped<\/strong>, boya, cam ve plastik y\u00fczeylerdeki katran, re\u00e7ine, ray tozu ve boya kal\u0131nt\u0131lar\u0131n\u0131 h\u0131zla temizleyen,\u00a0<strong data-start=\"3112\" data-end=\"3166\">geleneksel kil \u00e7ubuklara modern bir alternatiftir.<\/strong><br data-start=\"3166\" data-end=\"3169\" \/>Dayan\u0131kl\u0131 k\u00f6p\u00fck taban ve geli\u015fmi\u015f kau\u00e7uk polimer teknolojisiyle \u00fcretilmi\u015ftir.<br data-start=\"3246\" data-end=\"3249\" \/>Defalarca kullan\u0131labilir, kolay temizlenir ve DA polisaj makineleriyle uyumludur.<\/p>\n<p data-start=\"3334\" data-end=\"3363\"><strong data-start=\"3336\" data-end=\"3361\">\u00d6ne \u00c7\u0131kan \u00d6zellikler:<\/strong><\/p>\n<ul data-start=\"3364\" data-end=\"3641\">\n<li data-start=\"3364\" data-end=\"3416\">\n<p data-start=\"3366\" data-end=\"3416\">Kil \u00e7ubu\u011fu alternatifi \u2013 daha h\u0131zl\u0131 ve dayan\u0131kl\u0131<\/p>\n<\/li>\n<li data-start=\"3417\" data-end=\"3464\">\n<p data-start=\"3419\" data-end=\"3464\">Katran, re\u00e7ine ve d\u00f6k\u00fcnt\u00fcleri g\u00fcvenle s\u00f6ker<\/p>\n<\/li>\n<li data-start=\"3465\" data-end=\"3514\">\n<p data-start=\"3467\" data-end=\"3514\">Boya, cam, plastik ve kromda g\u00fcvenli kullan\u0131m<\/p>\n<\/li>\n<li data-start=\"3515\" data-end=\"3545\">\n<p data-start=\"3517\" data-end=\"3545\">DA makinelerle uyumlu (5\u201d)<\/p>\n<\/li>\n<li data-start=\"3546\" data-end=\"3586\">\n<p data-start=\"3548\" data-end=\"3586\">Y\u0131kanabilir ve tekrar kullan\u0131labilir<\/p>\n<\/li>\n<li data-start=\"3587\" data-end=\"3641\">\n<p data-start=\"3589\" data-end=\"3641\">Cilalama ve kaplama \u00f6ncesi m\u00fckemmel haz\u0131rl\u0131k ad\u0131m\u0131<\/p>\n<\/li>\n<\/ul>\n","protected":false},"excerpt":{"rendered":"<p>CarPro PolyShave Ped \u2013 Kil Alternatifi ile H\u0131zl\u0131 Y\u00fczey Dekontaminasyonu CarPro PolyShave Ped, boya, cam ve plastik y\u00fczeylerdeki katran, re\u00e7ine,<\/p>\n","protected":false},"featured_media":18054,"comment_status":"open","ping_status":"closed","template":"","meta":[],"product_brand":[233],"product_cat":[396,478],"product_tag":[],"class_list":{"0":"post-18053","1":"product","2":"type-product","3":"status-publish","4":"has-post-thumbnail","6":"product_brand-carpro","7":"product_cat-dis-bakim-urunleri","8":"product_cat-kil-urunleri","10":"first","11":"instock","12":"shipping-taxable","13":"purchasable","14":"product-type-simple"},"jetpack_sharing_enabled":true,"_links":{"self":[{"href":"https:\/\/junewax.com\/index.php?rest_route=\/wp\/v2\/product\/18053","targetHints":{"allow":["GET"]}}],"collection":[{"href":"https:\/\/junewax.com\/index.php?rest_route=\/wp\/v2\/product"}],"about":[{"href":"https:\/\/junewax.com\/index.php?rest_route=\/wp\/v2\/types\/product"}],"replies":[{"embeddable":true,"href":"https:\/\/junewax.com\/index.php?rest_route=%2Fwp%2Fv2%2Fcomments&post=18053"}],"version-history":[{"count":1,"href":"https:\/\/junewax.com\/index.php?rest_route=\/wp\/v2\/product\/18053\/revisions"}],"predecessor-version":[{"id":18055,"href":"https:\/\/junewax.com\/index.php?rest_route=\/wp\/v2\/product\/18053\/revisions\/18055"}],"wp:featuredmedia":[{"embeddable":true,"href":"https:\/\/junewax.com\/index.php?rest_route=\/wp\/v2\/media\/18054"}],"wp:attachment":[{"href":"https:\/\/junewax.com\/index.php?rest_route=%2Fwp%2Fv2%2Fmedia&parent=18053"}],"wp:term":[{"taxonomy":"product_brand","embeddable":true,"href":"https:\/\/junewax.com\/index.php?rest_route=%2Fwp%2Fv2%2Fproduct_brand&post=18053"},{"taxonomy":"product_cat","embeddable":true,"href":"https:\/\/junewax.com\/index.php?rest_route=%2Fwp%2Fv2%2Fproduct_cat&post=18053"},{"taxonomy":"product_tag","embeddable":true,"href":"https:\/\/junewax.com\/index.php?rest_route=%2Fwp%2Fv2%2Fproduct_tag&post=18053"}],"curies":[{"name":"wp","href":"https:\/\/api.w.org\/{rel}","templated":true}]}}