{"id":18060,"date":"2026-02-09T13:36:42","date_gmt":"2026-02-09T13:36:42","guid":{"rendered":"https:\/\/junewax.com\/?post_type=product&#038;p=18060"},"modified":"2026-02-09T13:52:04","modified_gmt":"2026-02-09T13:52:04","slug":"carpro-multix-genel-amacli-temizleyici-konsantre-1-lt","status":"publish","type":"product","link":"https:\/\/junewax.com\/?product=carpro-multix-genel-amacli-temizleyici-konsantre-1-lt","title":{"rendered":"CARPRO MULT\u0130X GENEL AMA\u00c7LI TEM\u0130ZLEY\u0130C\u0130 ( KONSANTRE ) 1 LT."},"content":{"rendered":"<p data-start=\"245\" data-end=\"296\"><strong data-start=\"245\" data-end=\"294\">CarPro Multi X \u2013 \u00c7ok Ama\u00e7l\u0131 G\u00fc\u00e7l\u00fc Temizleyici<\/strong><\/p>\n<p data-start=\"298\" data-end=\"509\">Ara\u00e7 bak\u0131m\u0131nda \u00e7ok y\u00f6nl\u00fcl\u00fc\u011f\u00fcn yeni ad\u0131:\u00a0<strong data-start=\"338\" data-end=\"357\">CarPro Multi X!<\/strong><br data-start=\"357\" data-end=\"360\" \/>Hem i\u00e7 hem de d\u0131\u015f y\u00fczeylerde kullan\u0131labilen bu \u00e7ok ama\u00e7l\u0131 temizleyici, y\u00fcksek konsantre form\u00fcl\u00fcyle kiri, ya\u011f\u0131 ve inat\u00e7\u0131 lekeleri zahmetsizce s\u00f6ker.<\/p>\n<p data-start=\"511\" data-end=\"755\"><strong data-start=\"511\" data-end=\"522\">Multi X<\/strong>, y\u0131kama \u00f6ncesinde g\u00fc\u00e7l\u00fc bir \u00f6n temizleyici olarak ya da detayl\u0131 temizlik a\u015famas\u0131nda derinlemesine ar\u0131nd\u0131r\u0131c\u0131 olarak kullan\u0131labilir. Lastikler, motor b\u00f6lmesi, i\u00e7 y\u00fczeyler, jantlar, paspaslar ve daha fazlas\u0131nda m\u00fckemmel sonu\u00e7 verir.<\/p>\n<p data-start=\"757\" data-end=\"910\">Talimatlara uygun seyreltildi\u011finde y\u00fczeyler i\u00e7in tamamen g\u00fcvenlidir. G\u00fc\u00e7l\u00fc k\u00f6p\u00fck etkisi sayesinde temizli\u011fi kolayla\u015ft\u0131r\u0131r ve derinlemesine etki sa\u011flar.<\/p>\n<p data-start=\"912\" data-end=\"937\"><strong data-start=\"912\" data-end=\"937\">\u00d6ne \u00c7\u0131kan \u00d6zellikler:<\/strong><\/p>\n<ul data-start=\"938\" data-end=\"1178\">\n<li data-start=\"938\" data-end=\"979\">\n<p data-start=\"940\" data-end=\"979\">\u0130\u00e7 ve d\u0131\u015f y\u00fczeylerde g\u00fcvenli kullan\u0131m<\/p>\n<\/li>\n<li data-start=\"980\" data-end=\"1040\">\n<p data-start=\"982\" data-end=\"1040\">Konsantre form\u00fcl (1:1\u2019den 1:100\u2019e kadar seyreltilebilir)<\/p>\n<\/li>\n<li data-start=\"1041\" data-end=\"1063\">\n<p data-start=\"1043\" data-end=\"1063\">G\u00fc\u00e7l\u00fc k\u00f6p\u00fck etkisi<\/p>\n<\/li>\n<li data-start=\"1064\" data-end=\"1106\">\n<p data-start=\"1066\" data-end=\"1106\">Ya\u011f, kir ve kontaminasyonu h\u0131zla s\u00f6ker<\/p>\n<\/li>\n<li data-start=\"1107\" data-end=\"1178\">\n<p data-start=\"1109\" data-end=\"1178\">Y\u00fcksek \u00e7ok y\u00f6nl\u00fcl\u00fck: lastik, motor, i\u00e7 mekan, paspas, ped temizli\u011fi<\/p>\n<\/li>\n<\/ul>\n<p data-start=\"1180\" data-end=\"1203\"><strong data-start=\"1180\" data-end=\"1203\">Kullan\u0131m \u00d6nerileri:<\/strong><\/p>\n<ul data-start=\"1204\" data-end=\"1408\">\n<li data-start=\"1204\" data-end=\"1232\">\n<p data-start=\"1206\" data-end=\"1232\"><strong data-start=\"1206\" data-end=\"1225\">Genel temizlik:<\/strong>\u00a01:20<\/p>\n<\/li>\n<li data-start=\"1233\" data-end=\"1267\">\n<p data-start=\"1235\" data-end=\"1267\"><strong data-start=\"1235\" data-end=\"1253\">Ped temizli\u011fi:<\/strong>\u00a01:10 ~ 1:20<\/p>\n<\/li>\n<li data-start=\"1268\" data-end=\"1297\">\n<p data-start=\"1270\" data-end=\"1297\"><strong data-start=\"1270\" data-end=\"1284\">\u00d6n y\u0131kama:<\/strong>\u00a01:1 ~ 1:20<\/p>\n<\/li>\n<li data-start=\"1298\" data-end=\"1334\">\n<p data-start=\"1300\" data-end=\"1334\"><strong data-start=\"1300\" data-end=\"1321\">Lastik temizli\u011fi:<\/strong>\u00a0Saf ~ 1:10<\/p>\n<\/li>\n<li data-start=\"1335\" data-end=\"1368\">\n<p data-start=\"1337\" data-end=\"1368\"><strong data-start=\"1337\" data-end=\"1355\">Motor b\u00f6lmesi:<\/strong>\u00a0Saf ~ 1:20<\/p>\n<\/li>\n<li data-start=\"1369\" data-end=\"1408\">\n<p data-start=\"1371\" data-end=\"1408\"><strong data-start=\"1371\" data-end=\"1400\">Y\u00fcksek bas\u0131n\u00e7l\u0131 temizlik:<\/strong>\u00a01:100<\/p>\n<\/li>\n<\/ul>\n<p data-start=\"1410\" data-end=\"1432\"><strong data-start=\"1410\" data-end=\"1432\">Kullan\u0131m Talimat\u0131:<\/strong><\/p>\n<ol data-start=\"1433\" data-end=\"1599\">\n<li data-start=\"1433\" data-end=\"1461\">\n<p data-start=\"1436\" data-end=\"1461\">Uygun oranda seyreltin.<\/p>\n<\/li>\n<li data-start=\"1462\" data-end=\"1529\">\n<p data-start=\"1465\" data-end=\"1529\">Sprey, k\u00f6p\u00fck tabancas\u0131 veya uygulama beziyle y\u00fczeye uygulay\u0131n.<\/p>\n<\/li>\n<li data-start=\"1530\" data-end=\"1573\">\n<p data-start=\"1533\" data-end=\"1573\">Gerekirse f\u0131r\u00e7a veya s\u00fcngerle \u00e7al\u0131\u015f\u0131n.<\/p>\n<\/li>\n<li data-start=\"1574\" data-end=\"1599\">\n<p data-start=\"1577\" data-end=\"1599\">Bol suyla durulay\u0131n.<\/p>\n<\/li>\n<\/ol>\n<p data-start=\"1601\" data-end=\"1759\"><strong data-start=\"1601\" data-end=\"1612\">Dikkat:<\/strong><br data-start=\"1612\" data-end=\"1615\" \/>S\u0131cak y\u00fczeylerde veya do\u011frudan g\u00fcne\u015f alt\u0131nda kullanmay\u0131n. Eloksall\u0131 al\u00fcminyumda kullanmay\u0131n. Cilt ve g\u00f6z temas\u0131ndan ka\u00e7\u0131n\u0131n, eldiven kullan\u0131n.<\/p>\n","protected":false},"excerpt":{"rendered":"<p>CarPro Multi X \u2013 \u00c7ok Ama\u00e7l\u0131 G\u00fc\u00e7l\u00fc Temizleyici Ara\u00e7 bak\u0131m\u0131nda \u00e7ok y\u00f6nl\u00fcl\u00fc\u011f\u00fcn yeni ad\u0131:\u00a0CarPro Multi X!Hem i\u00e7 hem de d\u0131\u015f<\/p>\n","protected":false},"featured_media":18061,"comment_status":"open","ping_status":"closed","template":"","meta":[],"product_brand":[233],"product_cat":[356,357,379],"product_tag":[],"class_list":{"0":"post-18060","1":"product","2":"type-product","3":"status-publish","4":"has-post-thumbnail","6":"product_brand-carpro","7":"product_cat-ic-bakim-urunleri","8":"product_cat-deri-temizleme-ve-koruma","9":"product_cat-detayli-temizlik-urunleri","11":"first","12":"instock","13":"shipping-taxable","14":"purchasable","15":"product-type-simple"},"jetpack_sharing_enabled":true,"_links":{"self":[{"href":"https:\/\/junewax.com\/index.php?rest_route=\/wp\/v2\/product\/18060","targetHints":{"allow":["GET"]}}],"collection":[{"href":"https:\/\/junewax.com\/index.php?rest_route=\/wp\/v2\/product"}],"about":[{"href":"https:\/\/junewax.com\/index.php?rest_route=\/wp\/v2\/types\/product"}],"replies":[{"embeddable":true,"href":"https:\/\/junewax.com\/index.php?rest_route=%2Fwp%2Fv2%2Fcomments&post=18060"}],"version-history":[{"count":1,"href":"https:\/\/junewax.com\/index.php?rest_route=\/wp\/v2\/product\/18060\/revisions"}],"predecessor-version":[{"id":18062,"href":"https:\/\/junewax.com\/index.php?rest_route=\/wp\/v2\/product\/18060\/revisions\/18062"}],"wp:featuredmedia":[{"embeddable":true,"href":"https:\/\/junewax.com\/index.php?rest_route=\/wp\/v2\/media\/18061"}],"wp:attachment":[{"href":"https:\/\/junewax.com\/index.php?rest_route=%2Fwp%2Fv2%2Fmedia&parent=18060"}],"wp:term":[{"taxonomy":"product_brand","embeddable":true,"href":"https:\/\/junewax.com\/index.php?rest_route=%2Fwp%2Fv2%2Fproduct_brand&post=18060"},{"taxonomy":"product_cat","embeddable":true,"href":"https:\/\/junewax.com\/index.php?rest_route=%2Fwp%2Fv2%2Fproduct_cat&post=18060"},{"taxonomy":"product_tag","embeddable":true,"href":"https:\/\/junewax.com\/index.php?rest_route=%2Fwp%2Fv2%2Fproduct_tag&post=18060"}],"curies":[{"name":"wp","href":"https:\/\/api.w.org\/{rel}","templated":true}]}}