{"id":18063,"date":"2026-02-09T13:38:08","date_gmt":"2026-02-09T13:38:08","guid":{"rendered":"https:\/\/junewax.com\/?post_type=product&#038;p=18063"},"modified":"2026-02-09T13:52:15","modified_gmt":"2026-02-09T13:52:15","slug":"carpro-kimyasala-dayanimli-sprey-sise-1-lt","status":"publish","type":"product","link":"https:\/\/junewax.com\/?product=carpro-kimyasala-dayanimli-sprey-sise-1-lt","title":{"rendered":"CARPRO K\u0130MYASALA DAYANIMLI SPREY \u015e\u0130\u015eE 1 LT"},"content":{"rendered":"<p style=\"font-weight: 400;\"><b><strong>CarPro Bottle Dilute \u2013 1000 ml Sprey \u015ei\u015fe + Kimyasala Dayan\u0131kl\u0131 Ba\u015fl\u0131k &#8211; 1 Adet<\/strong><\/b><br \/>\nCarPro DILUTE hem 500ml hem de 1L boyutlar\u0131nda mevcuttur ve konsantrelerinizi seyreltmek i\u00e7in m\u00fckemmeldir!<\/p>\n<p style=\"font-weight: 400;\">DILUTE \u015fi\u015fesi t\u00fcm CarPro \u00fcr\u00fcnleriniz i\u00e7in \u00f6nceden bas\u0131lm\u0131\u015f gerekli dil\u00fcsyonlar\u0131 i\u00e7erir.<\/p>\n<p style=\"font-weight: 400;\">Sadece su ile istenen seyreltme oran\u0131na kadar doldurun, ard\u0131ndan \u00fcr\u00fcnle doldurma hatt\u0131na doldurun ve iyi bir sallay\u0131n!<\/p>\n<p style=\"font-weight: 400;\">\u00dcr\u00fcn ad\u0131n\u0131n ve dil\u00fcsyon oran\u0131n\u0131n etikete yaz\u0131lmas\u0131 i\u00e7in bo\u015fluklar ile oranlar 1: 1 ila 1:30 aras\u0131nda de\u011fi\u015fir!<\/p>\n","protected":false},"excerpt":{"rendered":"<p>CarPro Bottle Dilute \u2013 1000 ml Sprey \u015ei\u015fe + Kimyasala Dayan\u0131kl\u0131 Ba\u015fl\u0131k &#8211; 1 Adet CarPro DILUTE hem 500ml hem<\/p>\n","protected":false},"featured_media":18064,"comment_status":"open","ping_status":"closed","template":"","meta":[],"product_brand":[233],"product_cat":[515,516],"product_tag":[],"class_list":{"0":"post-18063","1":"product","2":"type-product","3":"status-publish","4":"has-post-thumbnail","6":"product_brand-carpro","7":"product_cat-dagitici-siseler-fircalar-aksesuarlar","8":"product_cat-sprey-siseler-ve-basincli-pompalar","10":"first","11":"instock","12":"shipping-taxable","13":"purchasable","14":"product-type-simple"},"jetpack_sharing_enabled":true,"_links":{"self":[{"href":"https:\/\/junewax.com\/index.php?rest_route=\/wp\/v2\/product\/18063","targetHints":{"allow":["GET"]}}],"collection":[{"href":"https:\/\/junewax.com\/index.php?rest_route=\/wp\/v2\/product"}],"about":[{"href":"https:\/\/junewax.com\/index.php?rest_route=\/wp\/v2\/types\/product"}],"replies":[{"embeddable":true,"href":"https:\/\/junewax.com\/index.php?rest_route=%2Fwp%2Fv2%2Fcomments&post=18063"}],"version-history":[{"count":1,"href":"https:\/\/junewax.com\/index.php?rest_route=\/wp\/v2\/product\/18063\/revisions"}],"predecessor-version":[{"id":18065,"href":"https:\/\/junewax.com\/index.php?rest_route=\/wp\/v2\/product\/18063\/revisions\/18065"}],"wp:featuredmedia":[{"embeddable":true,"href":"https:\/\/junewax.com\/index.php?rest_route=\/wp\/v2\/media\/18064"}],"wp:attachment":[{"href":"https:\/\/junewax.com\/index.php?rest_route=%2Fwp%2Fv2%2Fmedia&parent=18063"}],"wp:term":[{"taxonomy":"product_brand","embeddable":true,"href":"https:\/\/junewax.com\/index.php?rest_route=%2Fwp%2Fv2%2Fproduct_brand&post=18063"},{"taxonomy":"product_cat","embeddable":true,"href":"https:\/\/junewax.com\/index.php?rest_route=%2Fwp%2Fv2%2Fproduct_cat&post=18063"},{"taxonomy":"product_tag","embeddable":true,"href":"https:\/\/junewax.com\/index.php?rest_route=%2Fwp%2Fv2%2Fproduct_tag&post=18063"}],"curies":[{"name":"wp","href":"https:\/\/api.w.org\/{rel}","templated":true}]}}