{"id":18082,"date":"2026-02-18T11:55:18","date_gmt":"2026-02-18T11:55:18","guid":{"rendered":"https:\/\/junewax.com\/?post_type=product&#038;p=18082"},"modified":"2026-02-18T11:55:54","modified_gmt":"2026-02-18T11:55:54","slug":"glaco-qad-ultimate-oto-cam-su-kaydirici","status":"publish","type":"product","link":"https:\/\/junewax.com\/?product=glaco-qad-ultimate-oto-cam-su-kaydirici","title":{"rendered":"Soft99 Ya\u011fmur Su Kayd\u0131r\u0131c\u0131 &#8211; Glaco QAD 120 ML."},"content":{"rendered":"<p data-start=\"0\" data-end=\"349\" data-rm-block-id=\"block-1\"><span class=\"hover:entity-accent entity-underline inline cursor-pointer align-baseline\">Soft99<\/span>\u00a0taraf\u0131ndan geli\u015ftirilen yeni Glaco, h\u0131zl\u0131 yap\u0131\u015fma ve h\u0131zl\u0131 kuruma sa\u011flayan Q-AD (Quick Adhesion &amp; Drying) teknolojisi ile cam korumada pratik ve etkili bir \u00e7\u00f6z\u00fcm sunar. Kullan\u0131m\u0131 son derece kolayd\u0131r: Y\u0131kama \u00f6ncesinde uygulay\u0131n, ara\u00e7 y\u0131kama s\u0131ras\u0131nda \u015fampuan ile durulay\u0131n \u2014 bekleme yok, ekstra silme i\u015flemi yok.<\/p>\n<p data-start=\"351\" data-end=\"376\" data-rm-block-id=\"block-2\"><strong data-start=\"351\" data-end=\"376\">\u00d6ne \u00c7\u0131kan \u00d6zellikler:<\/strong><\/p>\n<ul data-start=\"377\" data-end=\"698\">\n<li data-start=\"377\" data-end=\"433\">\n<p data-start=\"379\" data-end=\"433\" data-rm-block-id=\"block-3\">Q-AD teknolojisi ile\u00a0<strong data-start=\"400\" data-end=\"433\">h\u0131zl\u0131 yap\u0131\u015fma ve h\u0131zl\u0131 kuruma<\/strong><\/p>\n<\/li>\n<li data-start=\"434\" data-end=\"480\">\n<p data-start=\"436\" data-end=\"480\" data-rm-block-id=\"block-4\">Y\u0131kama s\u0131ras\u0131nda aktive olan pratik uygulama<\/p>\n<\/li>\n<li data-start=\"481\" data-end=\"520\">\n<p data-start=\"483\" data-end=\"520\" data-rm-block-id=\"block-5\"><strong data-start=\"483\" data-end=\"507\">An\u0131nda su itici etki<\/strong>\u00a0ve net g\u00f6r\u00fc\u015f<\/p>\n<\/li>\n<li data-start=\"521\" data-end=\"558\">\n<p data-start=\"523\" data-end=\"558\" data-rm-block-id=\"block-6\">\u015eeffaf g\u00f6r\u00fcn\u00fcm, iz b\u0131rakmayan sonu\u00e7<\/p>\n<\/li>\n<li data-start=\"559\" data-end=\"585\">\n<p data-start=\"561\" data-end=\"585\" data-rm-block-id=\"block-7\">Uzun s\u00fcreli dayan\u0131kl\u0131l\u0131k<\/p>\n<\/li>\n<li data-start=\"586\" data-end=\"640\">\n<p data-start=\"588\" data-end=\"640\" data-rm-block-id=\"block-8\">K\u00f6\u015felere rahat ula\u015f\u0131m sa\u011flayan\u00a0<strong data-start=\"619\" data-end=\"640\">entegre aplikat\u00f6r<\/strong><\/p>\n<\/li>\n<li data-start=\"641\" data-end=\"698\">\n<p data-start=\"643\" data-end=\"698\" data-rm-block-id=\"block-9\">Tek \u015fi\u015fe ile\u00a0<strong data-start=\"656\" data-end=\"678\">yakla\u015f\u0131k 10 \u00f6n cam<\/strong>\u00a0uygulama kapasitesi<\/p>\n<\/li>\n<\/ul>\n<p data-start=\"700\" data-end=\"814\" data-is-last-node=\"\" data-is-only-node=\"\" data-rm-block-id=\"block-10\">H\u0131zl\u0131 uygulama, an\u0131nda performans isteyen profesyoneller ve detailing merakl\u0131lar\u0131 i\u00e7in ideal cam koruma \u00e7\u00f6z\u00fcm\u00fcd\u00fcr.<\/p>\n","protected":false},"excerpt":{"rendered":"<p>Soft99\u00a0taraf\u0131ndan geli\u015ftirilen yeni Glaco, h\u0131zl\u0131 yap\u0131\u015fma ve h\u0131zl\u0131 kuruma sa\u011flayan Q-AD (Quick Adhesion &amp; Drying) teknolojisi ile cam korumada pratik<\/p>\n","protected":false},"featured_media":18083,"comment_status":"open","ping_status":"closed","template":"","meta":[],"product_brand":[319],"product_cat":[441,396,182],"product_tag":[],"class_list":{"0":"post-18082","1":"product","2":"type-product","3":"status-publish","4":"has-post-thumbnail","6":"product_brand-soft99","7":"product_cat-cam-ve-far-urunleri","8":"product_cat-dis-bakim-urunleri","9":"product_cat-genel","11":"first","12":"instock","13":"shipping-taxable","14":"purchasable","15":"product-type-simple"},"jetpack_sharing_enabled":true,"_links":{"self":[{"href":"https:\/\/junewax.com\/index.php?rest_route=\/wp\/v2\/product\/18082","targetHints":{"allow":["GET"]}}],"collection":[{"href":"https:\/\/junewax.com\/index.php?rest_route=\/wp\/v2\/product"}],"about":[{"href":"https:\/\/junewax.com\/index.php?rest_route=\/wp\/v2\/types\/product"}],"replies":[{"embeddable":true,"href":"https:\/\/junewax.com\/index.php?rest_route=%2Fwp%2Fv2%2Fcomments&post=18082"}],"version-history":[{"count":2,"href":"https:\/\/junewax.com\/index.php?rest_route=\/wp\/v2\/product\/18082\/revisions"}],"predecessor-version":[{"id":18089,"href":"https:\/\/junewax.com\/index.php?rest_route=\/wp\/v2\/product\/18082\/revisions\/18089"}],"wp:featuredmedia":[{"embeddable":true,"href":"https:\/\/junewax.com\/index.php?rest_route=\/wp\/v2\/media\/18083"}],"wp:attachment":[{"href":"https:\/\/junewax.com\/index.php?rest_route=%2Fwp%2Fv2%2Fmedia&parent=18082"}],"wp:term":[{"taxonomy":"product_brand","embeddable":true,"href":"https:\/\/junewax.com\/index.php?rest_route=%2Fwp%2Fv2%2Fproduct_brand&post=18082"},{"taxonomy":"product_cat","embeddable":true,"href":"https:\/\/junewax.com\/index.php?rest_route=%2Fwp%2Fv2%2Fproduct_cat&post=18082"},{"taxonomy":"product_tag","embeddable":true,"href":"https:\/\/junewax.com\/index.php?rest_route=%2Fwp%2Fv2%2Fproduct_tag&post=18082"}],"curies":[{"name":"wp","href":"https:\/\/api.w.org\/{rel}","templated":true}]}}