{"id":18087,"date":"2026-02-18T12:06:20","date_gmt":"2026-02-18T12:06:20","guid":{"rendered":"https:\/\/junewax.com\/?post_type=product&#038;p=18087"},"modified":"2026-02-18T12:06:20","modified_gmt":"2026-02-18T12:06:20","slug":"soft99-glaco-dx-yagmur-su-kaydirici-110ml","status":"publish","type":"product","link":"https:\/\/junewax.com\/?product=soft99-glaco-dx-yagmur-su-kaydirici-110ml","title":{"rendered":"Soft99 Glaco Dx Ya\u011fmur Su Kayd\u0131r\u0131c\u0131 110ml."},"content":{"rendered":"<p data-rm-block-id=\"block-1\">Glaco serisindeki en g\u00fc\u00e7l\u00fc itici cam kaplama! Bu yeni form\u00fclasyonun uygulanmas\u0131 daha da kolay! Bu, Glaco&#8217;nun yeni nesli! Yeni geli\u015ftirilen S.A.R.F. (Strong Adhesion Rapid Finish) teknolojisi, en yeni nesil Glaco, ya\u011fmuru her zamankinden daha g\u00fc\u00e7l\u00fc bir \u015fekilde uzakla\u015ft\u0131ran ultra p\u00fcr\u00fczs\u00fcz bir katman olu\u015fturur&#8230; ve 4 ay s\u00fcrer! D\u00f6ner ba\u015fl\u0131 ve geni\u015f, kare uygulama ke\u00e7esi \u00e7ok daha kolay uygulama sa\u011flar ve k\u00f6\u015felerin d\u00fczg\u00fcn bir kaplama ald\u0131\u011f\u0131ndan emin olur. Ayr\u0131ca trafik filmini, kar\u0131 ve donu da engeller!<\/p>\n","protected":false},"excerpt":{"rendered":"<p>Glaco serisindeki en g\u00fc\u00e7l\u00fc itici cam kaplama! Bu yeni form\u00fclasyonun uygulanmas\u0131 daha da kolay! Bu, Glaco&#8217;nun yeni nesli! Yeni geli\u015ftirilen<\/p>\n","protected":false},"featured_media":18090,"comment_status":"open","ping_status":"closed","template":"","meta":[],"product_brand":[319],"product_cat":[441,396],"product_tag":[],"class_list":{"0":"post-18087","1":"product","2":"type-product","3":"status-publish","4":"has-post-thumbnail","6":"product_brand-soft99","7":"product_cat-cam-ve-far-urunleri","8":"product_cat-dis-bakim-urunleri","10":"first","11":"instock","12":"shipping-taxable","13":"purchasable","14":"product-type-simple"},"jetpack_sharing_enabled":true,"_links":{"self":[{"href":"https:\/\/junewax.com\/index.php?rest_route=\/wp\/v2\/product\/18087","targetHints":{"allow":["GET"]}}],"collection":[{"href":"https:\/\/junewax.com\/index.php?rest_route=\/wp\/v2\/product"}],"about":[{"href":"https:\/\/junewax.com\/index.php?rest_route=\/wp\/v2\/types\/product"}],"replies":[{"embeddable":true,"href":"https:\/\/junewax.com\/index.php?rest_route=%2Fwp%2Fv2%2Fcomments&post=18087"}],"version-history":[{"count":1,"href":"https:\/\/junewax.com\/index.php?rest_route=\/wp\/v2\/product\/18087\/revisions"}],"predecessor-version":[{"id":18094,"href":"https:\/\/junewax.com\/index.php?rest_route=\/wp\/v2\/product\/18087\/revisions\/18094"}],"wp:featuredmedia":[{"embeddable":true,"href":"https:\/\/junewax.com\/index.php?rest_route=\/wp\/v2\/media\/18090"}],"wp:attachment":[{"href":"https:\/\/junewax.com\/index.php?rest_route=%2Fwp%2Fv2%2Fmedia&parent=18087"}],"wp:term":[{"taxonomy":"product_brand","embeddable":true,"href":"https:\/\/junewax.com\/index.php?rest_route=%2Fwp%2Fv2%2Fproduct_brand&post=18087"},{"taxonomy":"product_cat","embeddable":true,"href":"https:\/\/junewax.com\/index.php?rest_route=%2Fwp%2Fv2%2Fproduct_cat&post=18087"},{"taxonomy":"product_tag","embeddable":true,"href":"https:\/\/junewax.com\/index.php?rest_route=%2Fwp%2Fv2%2Fproduct_tag&post=18087"}],"curies":[{"name":"wp","href":"https:\/\/api.w.org\/{rel}","templated":true}]}}