{"id":18101,"date":"2026-02-18T12:11:50","date_gmt":"2026-02-18T12:11:50","guid":{"rendered":"https:\/\/junewax.com\/?post_type=product&#038;p=18101"},"modified":"2026-04-15T20:34:52","modified_gmt":"2026-04-15T20:34:52","slug":"soft99-glaco-glass-compound-roll-on-cam-temizleyici-pasta-100ml","status":"publish","type":"product","link":"https:\/\/junewax.com\/?product=soft99-glaco-glass-compound-roll-on-cam-temizleyici-pasta-100ml","title":{"rendered":"Soft99 Glaco Glass Compound Roll On Cam Temizleyici Pasta 100ml."},"content":{"rendered":"<div data-rm-block-id=\"block-1\">*** Ara\u00e7 Cam\u0131 Temizli\u011finde Devrim: El Tipi Cam Temizleyici ile Tan\u0131\u015f\u0131n!<\/div>\n<div data-rm-block-id=\"block-2\"><\/div>\n<div data-rm-block-id=\"block-3\">Ara\u00e7 camlar\u0131n\u0131zda bir t\u00fcrl\u00fc kurtulamad\u0131\u011f\u0131n\u0131z o inat\u00e7\u0131 lekeler, trafik filmi ve di\u011fer zorlu kirlerden b\u0131kt\u0131n\u0131z m\u0131? \u0130\u015fte size m\u00fckemmel bir \u00e7\u00f6z\u00fcm: **\u0130ki tip a\u015f\u0131nd\u0131r\u0131c\u0131 kullanan el tipi cam temizleyici!** Bu yenilik\u00e7i \u00fcr\u00fcn, ara\u00e7 camlar\u0131n\u0131z\u0131 temizlemek i\u00e7in ihtiya\u00e7 duydu\u011funuz her \u015feyi bir araya getiriyor.<\/div>\n<div data-rm-block-id=\"block-4\"><\/div>\n<div data-rm-block-id=\"block-5\">*** Neden Bu \u00dcr\u00fcn?<\/div>\n<div data-rm-block-id=\"block-6\">Bu el tipi cam temizleyici, s\u0131radan \u00fcr\u00fcnlerden farkl\u0131 olarak iki farkl\u0131 a\u015f\u0131nd\u0131r\u0131c\u0131 i\u00e7erir. Bu \u00f6zellik, en zorlu lekeleri bile kolayca \u00e7\u0131karmas\u0131n\u0131 sa\u011flar. \u00d6zellikle trafik filmi gibi zamanla biriken ve temizlenmesi zor olan kirler i\u00e7in ideal bir \u00e7\u00f6z\u00fcm sunar. Eski Glaco Ultra&#8217;y\u0131 \u00e7\u0131karmak gibi detayl\u0131 temizlik i\u015flemlerinde de olduk\u00e7a ba\u015far\u0131l\u0131d\u0131r. Ara\u00e7 cam\u0131n\u0131z\u0131 kaplamadan \u00f6nce y\u00fczeyi m\u00fckemmel bir \u015fekilde haz\u0131rlayarak, p\u00fcr\u00fczs\u00fcz ve temiz bir y\u00fczey elde etmenize yard\u0131mc\u0131 olur.<\/div>\n<div data-rm-block-id=\"block-7\"><\/div>\n<div data-rm-block-id=\"block-8\">*** Kullan\u0131m Kolayl\u0131\u011f\u0131<\/div>\n<div data-rm-block-id=\"block-9\">Bu \u00fcr\u00fcn\u00fcn en b\u00fcy\u00fck avantajlar\u0131ndan biri, yerle\u015fik ke\u00e7e pedi sayesinde ekstra s\u00fcnger veya bezlere ihtiya\u00e7 duymaman\u0131zd\u0131r. Yani, temizlik i\u00e7in ba\u015fka ekipman araman\u0131za gerek kalmaz. Kullan\u0131m\u0131 son derece basittir ve zamandan tasarruf etmenizi sa\u011flar. \u00dcr\u00fcn\u00fc elinize al\u0131n, cam \u00fczerinde gezdirin ve sonu\u00e7lar\u0131n keyfini \u00e7\u0131kar\u0131n!<\/div>\n<div data-rm-block-id=\"block-10\"><\/div>\n<div data-rm-block-id=\"block-11\">** Kimler \u0130\u00e7in Uygun?<\/div>\n<div data-rm-block-id=\"block-12\">&#8211; Ara\u00e7 camlar\u0131n\u0131n temizli\u011fine \u00f6nem verenler,<\/div>\n<div data-rm-block-id=\"block-13\">&#8211; Trafik filmi gibi inat\u00e7\u0131 kirlerle u\u011fra\u015fanlar,<\/div>\n<div data-rm-block-id=\"block-14\">&#8211; Cam kaplama i\u015flemlerinden \u00f6nce y\u00fczey haz\u0131rl\u0131\u011f\u0131 yapmak isteyenler,<\/div>\n<div data-rm-block-id=\"block-15\">&#8211; H\u0131zl\u0131 ve pratik bir temizlik \u00e7\u00f6z\u00fcm\u00fc arayanlar.<\/div>\n<div data-rm-block-id=\"block-16\"><\/div>\n<div data-rm-block-id=\"block-17\">** Sonu\u00e7<\/div>\n<div data-rm-block-id=\"block-18\">E\u011fer ara\u00e7 camlar\u0131n\u0131z\u0131 temizlemek i\u00e7in etkili ve pratik bir \u00fcr\u00fcn ar\u0131yorsan\u0131z, bu el tipi cam temizleyici tam size g\u00f6re! \u0130nat\u00e7\u0131 lekelerle vedala\u015f\u0131n ve camlar\u0131n\u0131z\u0131n ilk g\u00fcnk\u00fc gibi p\u0131r\u0131l p\u0131r\u0131l olmas\u0131n\u0131 sa\u011flay\u0131n. \u00dcstelik ke\u00e7e pedi sayesinde ekstra malzeme kullanmadan temizlik yapman\u0131n keyfini ya\u015fay\u0131n. Basit, etkili ve kullan\u0131\u015fl\u0131 bir \u00e7\u00f6z\u00fcm ar\u0131yorsan\u0131z, bu \u00fcr\u00fcn\u00fc kesinlikle denemelisiniz!<\/div>\n","protected":false},"excerpt":{"rendered":"<p>*** Ara\u00e7 Cam\u0131 Temizli\u011finde Devrim: El Tipi Cam Temizleyici ile Tan\u0131\u015f\u0131n! Ara\u00e7 camlar\u0131n\u0131zda bir t\u00fcrl\u00fc kurtulamad\u0131\u011f\u0131n\u0131z o inat\u00e7\u0131 lekeler, trafik<\/p>\n","protected":false},"featured_media":18102,"comment_status":"open","ping_status":"closed","template":"","meta":[],"product_brand":[319],"product_cat":[396,441,194],"product_tag":[],"class_list":{"0":"post-18101","1":"product","2":"type-product","3":"status-publish","4":"has-post-thumbnail","6":"product_brand-soft99","7":"product_cat-dis-bakim-urunleri","8":"product_cat-cam-ve-far-urunleri","9":"product_cat-pasta-ve-hare-gidericiler","11":"first","12":"outofstock","13":"shipping-taxable","14":"purchasable","15":"product-type-simple"},"jetpack_sharing_enabled":true,"_links":{"self":[{"href":"https:\/\/junewax.com\/index.php?rest_route=\/wp\/v2\/product\/18101","targetHints":{"allow":["GET"]}}],"collection":[{"href":"https:\/\/junewax.com\/index.php?rest_route=\/wp\/v2\/product"}],"about":[{"href":"https:\/\/junewax.com\/index.php?rest_route=\/wp\/v2\/types\/product"}],"replies":[{"embeddable":true,"href":"https:\/\/junewax.com\/index.php?rest_route=%2Fwp%2Fv2%2Fcomments&post=18101"}],"version-history":[{"count":1,"href":"https:\/\/junewax.com\/index.php?rest_route=\/wp\/v2\/product\/18101\/revisions"}],"predecessor-version":[{"id":18105,"href":"https:\/\/junewax.com\/index.php?rest_route=\/wp\/v2\/product\/18101\/revisions\/18105"}],"wp:featuredmedia":[{"embeddable":true,"href":"https:\/\/junewax.com\/index.php?rest_route=\/wp\/v2\/media\/18102"}],"wp:attachment":[{"href":"https:\/\/junewax.com\/index.php?rest_route=%2Fwp%2Fv2%2Fmedia&parent=18101"}],"wp:term":[{"taxonomy":"product_brand","embeddable":true,"href":"https:\/\/junewax.com\/index.php?rest_route=%2Fwp%2Fv2%2Fproduct_brand&post=18101"},{"taxonomy":"product_cat","embeddable":true,"href":"https:\/\/junewax.com\/index.php?rest_route=%2Fwp%2Fv2%2Fproduct_cat&post=18101"},{"taxonomy":"product_tag","embeddable":true,"href":"https:\/\/junewax.com\/index.php?rest_route=%2Fwp%2Fv2%2Fproduct_tag&post=18101"}],"curies":[{"name":"wp","href":"https:\/\/api.w.org\/{rel}","templated":true}]}}