{"id":18106,"date":"2026-02-18T12:14:37","date_gmt":"2026-02-18T12:14:37","guid":{"rendered":"https:\/\/junewax.com\/?post_type=product&#038;p=18106"},"modified":"2026-02-18T12:14:37","modified_gmt":"2026-02-18T12:14:37","slug":"soft99-rain-drop-bazooka-hizli-kopuk-cila-300ml","status":"publish","type":"product","link":"https:\/\/junewax.com\/?product=soft99-rain-drop-bazooka-hizli-kopuk-cila-300ml","title":{"rendered":"Soft99 Rain Drop Bazooka H\u0131zl\u0131 K\u00f6p\u00fck Cila 300ml."},"content":{"rendered":"<div data-rm-block-id=\"block-1\">Seramik Kaplama yada Boya Koruma \u00fcr\u00fcn\u00fcn\u00fcze Zarar Vermeyen Rain Drop , Arac\u0131n\u0131z\u0131 kurutma s\u0131ras\u0131nda t\u00fcm y\u00fczeylerin (g\u00f6vde, cam, plastik, krom) Tek ad\u0131mda kaplanmas\u0131na izin verir.\u00a0Bazuka tarz\u0131 tetik aerosol, uygulamay\u0131 ultra h\u0131zl\u0131 hale getirir, benzeri g\u00f6r\u00fclmemi\u015f rahatl\u0131\u011f\u0131 3 ay boya ve 2 ay cam\u0131 koruyan Tabaka Sa\u011flar.<\/div>\n<div data-rm-block-id=\"block-2\"><\/div>\n<div>\n<div data-rm-block-id=\"block-3\">\u00dcr\u00fcn nas\u0131l kullan\u0131l\u0131r?<\/div>\n<div data-rm-block-id=\"block-4\">* Kullanmadan \u00f6nce kutuyu yakla\u015f\u0131k 20 kez yukar\u0131 ve a\u015fa\u011f\u0131 sallay\u0131n.<\/div>\n<div data-rm-block-id=\"block-5\">1. Kir veya tozu temizlemek i\u00e7in arac\u0131 y\u0131kay\u0131n.<\/div>\n<div data-rm-block-id=\"block-6\">2. Islak g\u00f6vdeye ve cama p\u00fcsk\u00fcrt\u00fcn, 1 Metrekare ba\u015f\u0131na yakla\u015f\u0131k 1 saniye p\u00fcsk\u00fcrt\u00fcn.<\/div>\n<div data-rm-block-id=\"block-7\">3. P\u00fcsk\u00fcrtmeden sonra, k\u00f6p\u00fc\u011f\u00fc y\u00fczeye mikrofiber veya pamuklu bir havluyla yayarken hemen silin. Havluyu d\u00fczenli olarak s\u0131k\u0131n.<\/div>\n<div data-rm-block-id=\"block-8\">4. Sildikten sonra kuru, tamamen kurumaya b\u0131rak\u0131n, s\u0131cak ko\u015fullarda 5 dakika, k\u0131\u015f\u0131n 20-30 dakika.<\/div>\n<\/div>\n","protected":false},"excerpt":{"rendered":"<p>Seramik Kaplama yada Boya Koruma \u00fcr\u00fcn\u00fcn\u00fcze Zarar Vermeyen Rain Drop , Arac\u0131n\u0131z\u0131 kurutma s\u0131ras\u0131nda t\u00fcm y\u00fczeylerin (g\u00f6vde, cam, plastik, krom)<\/p>\n","protected":false},"featured_media":18107,"comment_status":"open","ping_status":"closed","template":"","meta":[],"product_brand":[319],"product_cat":[396,441,299,318,298],"product_tag":[],"class_list":{"0":"post-18106","1":"product","2":"type-product","3":"status-publish","4":"has-post-thumbnail","6":"product_brand-soft99","7":"product_cat-dis-bakim-urunleri","8":"product_cat-cam-ve-far-urunleri","9":"product_cat-cila","10":"product_cat-kati-wax","11":"product_cat-seramik-ve-korumalar","13":"first","14":"instock","15":"shipping-taxable","16":"purchasable","17":"product-type-simple"},"jetpack_sharing_enabled":true,"_links":{"self":[{"href":"https:\/\/junewax.com\/index.php?rest_route=\/wp\/v2\/product\/18106","targetHints":{"allow":["GET"]}}],"collection":[{"href":"https:\/\/junewax.com\/index.php?rest_route=\/wp\/v2\/product"}],"about":[{"href":"https:\/\/junewax.com\/index.php?rest_route=\/wp\/v2\/types\/product"}],"replies":[{"embeddable":true,"href":"https:\/\/junewax.com\/index.php?rest_route=%2Fwp%2Fv2%2Fcomments&post=18106"}],"version-history":[{"count":1,"href":"https:\/\/junewax.com\/index.php?rest_route=\/wp\/v2\/product\/18106\/revisions"}],"predecessor-version":[{"id":18111,"href":"https:\/\/junewax.com\/index.php?rest_route=\/wp\/v2\/product\/18106\/revisions\/18111"}],"wp:featuredmedia":[{"embeddable":true,"href":"https:\/\/junewax.com\/index.php?rest_route=\/wp\/v2\/media\/18107"}],"wp:attachment":[{"href":"https:\/\/junewax.com\/index.php?rest_route=%2Fwp%2Fv2%2Fmedia&parent=18106"}],"wp:term":[{"taxonomy":"product_brand","embeddable":true,"href":"https:\/\/junewax.com\/index.php?rest_route=%2Fwp%2Fv2%2Fproduct_brand&post=18106"},{"taxonomy":"product_cat","embeddable":true,"href":"https:\/\/junewax.com\/index.php?rest_route=%2Fwp%2Fv2%2Fproduct_cat&post=18106"},{"taxonomy":"product_tag","embeddable":true,"href":"https:\/\/junewax.com\/index.php?rest_route=%2Fwp%2Fv2%2Fproduct_tag&post=18106"}],"curies":[{"name":"wp","href":"https:\/\/api.w.org\/{rel}","templated":true}]}}