{"id":18112,"date":"2026-02-18T12:17:16","date_gmt":"2026-02-18T12:17:16","guid":{"rendered":"https:\/\/junewax.com\/?post_type=product&#038;p=18112"},"modified":"2026-02-18T12:17:17","modified_gmt":"2026-02-18T12:17:17","slug":"soft99-fusso-coat-f7-nano-boya-koruma-cila-300ml","status":"publish","type":"product","link":"https:\/\/junewax.com\/?product=soft99-fusso-coat-f7-nano-boya-koruma-cila-300ml","title":{"rendered":"Soft99 Fusso Coat F7 Nano Boya Koruma Cila 300ml"},"content":{"rendered":"<div data-rm-block-id=\"block-1\">\u00d6ncesinde \u0130\u015flem Gerektirmeyen, araban\u0131n\u00a0 boyal\u0131\u00a0 y\u00fczeyinde g\u00fc\u00e7l\u00fc flor tabakas\u0131 &#8220;PTFE&#8221; olu\u015fturur. Hidrofobik (Su \u0130tici) \u00f6zellikleri 7 aya kadar s\u00fcrer * ve yeni form\u00fcle edilmi\u015f polimer, y\u00fczeyde geleneksel \u00fcr\u00fcnlerden \u00e7ok daha uzun s\u00fcre kalan Ve Y\u00fczeyi Koruyan bir Koruma sa\u011flar. Geleneksel kat\u0131 tip Waxlarla kar\u015f\u0131la\u015ft\u0131r\u0131ld\u0131\u011f\u0131nda Silmesi kolayd\u0131r . Fusso Coat F7 \u00dcr\u00fcn\u00fc , boya y\u00fczeyinin \u00fczerinde n\u00fcfuz etmeyen flor polimer kalkan\u0131 olu\u015fturarak Bir \u00c7ok D\u0131\u015f Etkenden Arac\u0131 korur. T\u00fcm renkli ara\u00e7lar i\u00e7in uyumludur.<\/div>\n<div data-rm-block-id=\"block-2\">* SOFT99 testlerinde<\/div>\n<div data-rm-block-id=\"block-3\"><\/div>\n<div data-rm-block-id=\"block-4\">Nas\u0131l Uygular\u0131m;<\/div>\n<div>\n<div data-rm-block-id=\"block-5\">1. Kiri ve kumu temizlemek i\u00e7in arabay\u0131 durulay\u0131n ve y\u0131kay\u0131n. \u00c7ok kirliyse, araba \u015fampuan\u0131 veya temizleyici kullan\u0131n.<\/div>\n<div data-rm-block-id=\"block-6\">2. \u015ei\u015feyi iyice \u00e7alkalay\u0131n.<\/div>\n<div data-rm-block-id=\"block-7\">3. \u0130\u00e7erdi\u011fi s\u00fcngerin sar\u0131 taraf\u0131na orta miktarda s\u0131v\u0131 s\u00fcr\u00fcn ve e\u015fit olarak yay\u0131n. Ard\u0131ndan kiri ayn\u0131 anda \u00e7\u0131karabilirsiniz.<\/div>\n<div data-rm-block-id=\"block-8\">* Kir inat\u00e7\u0131 ise, boyay\u0131 d\u00fczeltmek i\u00e7in kil hamuru kullan\u0131n, daha iyi dayan\u0131kl\u0131l\u0131k ve g\u00fczel bir sonu\u00e7 elde edin.<\/div>\n<div data-rm-block-id=\"block-9\">4. kurumaya b\u0131rak\u0131n (yaz aylar\u0131nda 5-10, k\u0131\u015f\u0131n 15-25dk), yumu\u015fak ve temiz bir havlu ile parlat\u0131n.<\/div>\n<div data-rm-block-id=\"block-10\">* Ara\u00e7 Kirlendi\u011finde , seyreltilmi\u015f n\u00f6tr ara\u00e7 \u015fampuan\u0131 veya suyla y\u0131kay\u0131n, sonra hidrofobik ve parlakl\u0131\u011f\u0131 geri kazan\u0131n. G\u00fcnl\u00fck bak\u0131ma gelince, &#8220;Fusso Coat Speed Barrier Spreyi kullan\u0131n.<\/div>\n<\/div>\n","protected":false},"excerpt":{"rendered":"<p>\u00d6ncesinde \u0130\u015flem Gerektirmeyen, araban\u0131n\u00a0 boyal\u0131\u00a0 y\u00fczeyinde g\u00fc\u00e7l\u00fc flor tabakas\u0131 &#8220;PTFE&#8221; olu\u015fturur. Hidrofobik (Su \u0130tici) \u00f6zellikleri 7 aya kadar s\u00fcrer *<\/p>\n","protected":false},"featured_media":18113,"comment_status":"open","ping_status":"closed","template":"","meta":[],"product_brand":[319],"product_cat":[298,441,299,396,318],"product_tag":[556,301,322,557,554,555],"class_list":{"0":"post-18112","1":"product","2":"type-product","3":"status-publish","4":"has-post-thumbnail","6":"product_brand-soft99","7":"product_cat-seramik-ve-korumalar","8":"product_cat-cam-ve-far-urunleri","9":"product_cat-cila","10":"product_cat-dis-bakim-urunleri","11":"product_cat-kati-wax","12":"product_tag-boya-koruma-cila","13":"product_tag-cila","14":"product_tag-kati-wax","15":"product_tag-oto-boya-koruma","16":"product_tag-oto-cila","17":"product_tag-oto-wax","19":"first","20":"instock","21":"shipping-taxable","22":"purchasable","23":"product-type-simple"},"jetpack_sharing_enabled":true,"_links":{"self":[{"href":"https:\/\/junewax.com\/index.php?rest_route=\/wp\/v2\/product\/18112","targetHints":{"allow":["GET"]}}],"collection":[{"href":"https:\/\/junewax.com\/index.php?rest_route=\/wp\/v2\/product"}],"about":[{"href":"https:\/\/junewax.com\/index.php?rest_route=\/wp\/v2\/types\/product"}],"replies":[{"embeddable":true,"href":"https:\/\/junewax.com\/index.php?rest_route=%2Fwp%2Fv2%2Fcomments&post=18112"}],"version-history":[{"count":1,"href":"https:\/\/junewax.com\/index.php?rest_route=\/wp\/v2\/product\/18112\/revisions"}],"predecessor-version":[{"id":18115,"href":"https:\/\/junewax.com\/index.php?rest_route=\/wp\/v2\/product\/18112\/revisions\/18115"}],"wp:featuredmedia":[{"embeddable":true,"href":"https:\/\/junewax.com\/index.php?rest_route=\/wp\/v2\/media\/18113"}],"wp:attachment":[{"href":"https:\/\/junewax.com\/index.php?rest_route=%2Fwp%2Fv2%2Fmedia&parent=18112"}],"wp:term":[{"taxonomy":"product_brand","embeddable":true,"href":"https:\/\/junewax.com\/index.php?rest_route=%2Fwp%2Fv2%2Fproduct_brand&post=18112"},{"taxonomy":"product_cat","embeddable":true,"href":"https:\/\/junewax.com\/index.php?rest_route=%2Fwp%2Fv2%2Fproduct_cat&post=18112"},{"taxonomy":"product_tag","embeddable":true,"href":"https:\/\/junewax.com\/index.php?rest_route=%2Fwp%2Fv2%2Fproduct_tag&post=18112"}],"curies":[{"name":"wp","href":"https:\/\/api.w.org\/{rel}","templated":true}]}}