{"id":18116,"date":"2026-02-18T12:24:01","date_gmt":"2026-02-18T12:24:01","guid":{"rendered":"https:\/\/junewax.com\/?post_type=product&#038;p=18116"},"modified":"2026-02-18T12:24:02","modified_gmt":"2026-02-18T12:24:02","slug":"soft99-kiwami-asiri-parlak-wax-siyah-200gr","status":"publish","type":"product","link":"https:\/\/junewax.com\/?product=soft99-kiwami-asiri-parlak-wax-siyah-200gr","title":{"rendered":"Soft99 Kiwami A\u015f\u0131r\u0131 Parlak Wax Siyah 200gr."},"content":{"rendered":"<div data-rm-block-id=\"block-1\">Kaliteli malzeme ve en geli\u015fmi\u015f kimyasal teknolojisinin harmanland\u0131\u011f\u0131 bu \u00fcr\u00fcn,m\u00fckemmel parlakl\u0131kta bir cila sunarak oto kullan\u0131c\u0131lar\u0131n\u0131n akl\u0131n\u0131 ba\u015f\u0131ndan alacak.Arac\u0131 3 aya kadar parlak tutan m\u00fckemmel dayan\u0131kl\u0131l\u0131k.<\/div>\n<div data-rm-block-id=\"block-2\"><\/div>\n<div data-rm-block-id=\"block-3\">Kullan\u0131m \u015eekli:<\/div>\n<div data-rm-block-id=\"block-4\">\uf0b7 \u00a0Arac\u0131n\u0131z\u0131n renginin bu \u00fcr\u00fcne uygun oldu\u011fundan emin olun.<\/div>\n<div data-rm-block-id=\"block-5\">1. Ba\u015flamadan \u00f6nce arac\u0131 toz ve kirden ar\u0131nd\u0131r\u0131p, hi\u00e7bir su damlas\u0131n\u0131n kalmad\u0131\u011fndan emin olun.<\/div>\n<div data-rm-block-id=\"block-6\">2. \u00dcr\u00fcnle birlikte gelen s\u00fcngerin \u00fczerine uygun miktarda wax alarak ara\u00e7 y\u00fczeyine ince ve dengeli bir \u015fekilde yay\u0131n.<\/div>\n<div data-rm-block-id=\"block-7\">3. Y\u00fczey kuruduktan sonra (20 derece s\u0131cakl\u0131kta 5-10 dakika) yumu\u015fak temiz bir havluyla siliniz.<\/div>\n<div data-rm-block-id=\"block-8\"><\/div>\n<div data-rm-block-id=\"block-9\">\uf0b7 Bu i\u015flemi, \u00f6zellikle yaz aylar\u0131ndaysan\u0131z, par\u00e7a par\u00e7a uygulaman\u0131z\u0131 tavsiye ediyoruz. ( \u00d6rne\u011fin: Kaput,\u00e7amurluk, tavan&#8230;)<\/div>\n<div data-rm-block-id=\"block-10\">\uf0b7 Kuruma s\u00fcresi so\u011fuk havalarda daha \u00e7ok zaman alabilir.<\/div>\n","protected":false},"excerpt":{"rendered":"<p>Kaliteli malzeme ve en geli\u015fmi\u015f kimyasal teknolojisinin harmanland\u0131\u011f\u0131 bu \u00fcr\u00fcn,m\u00fckemmel parlakl\u0131kta bir cila sunarak oto kullan\u0131c\u0131lar\u0131n\u0131n akl\u0131n\u0131 ba\u015f\u0131ndan alacak.Arac\u0131 3<\/p>\n","protected":false},"featured_media":18120,"comment_status":"open","ping_status":"closed","template":"","meta":[],"product_brand":[319],"product_cat":[298,299,318],"product_tag":[],"class_list":{"0":"post-18116","1":"product","2":"type-product","3":"status-publish","4":"has-post-thumbnail","6":"product_brand-soft99","7":"product_cat-seramik-ve-korumalar","8":"product_cat-cila","9":"product_cat-kati-wax","11":"first","12":"instock","13":"shipping-taxable","14":"purchasable","15":"product-type-simple"},"jetpack_sharing_enabled":true,"_links":{"self":[{"href":"https:\/\/junewax.com\/index.php?rest_route=\/wp\/v2\/product\/18116","targetHints":{"allow":["GET"]}}],"collection":[{"href":"https:\/\/junewax.com\/index.php?rest_route=\/wp\/v2\/product"}],"about":[{"href":"https:\/\/junewax.com\/index.php?rest_route=\/wp\/v2\/types\/product"}],"replies":[{"embeddable":true,"href":"https:\/\/junewax.com\/index.php?rest_route=%2Fwp%2Fv2%2Fcomments&post=18116"}],"version-history":[{"count":1,"href":"https:\/\/junewax.com\/index.php?rest_route=\/wp\/v2\/product\/18116\/revisions"}],"predecessor-version":[{"id":18124,"href":"https:\/\/junewax.com\/index.php?rest_route=\/wp\/v2\/product\/18116\/revisions\/18124"}],"wp:featuredmedia":[{"embeddable":true,"href":"https:\/\/junewax.com\/index.php?rest_route=\/wp\/v2\/media\/18120"}],"wp:attachment":[{"href":"https:\/\/junewax.com\/index.php?rest_route=%2Fwp%2Fv2%2Fmedia&parent=18116"}],"wp:term":[{"taxonomy":"product_brand","embeddable":true,"href":"https:\/\/junewax.com\/index.php?rest_route=%2Fwp%2Fv2%2Fproduct_brand&post=18116"},{"taxonomy":"product_cat","embeddable":true,"href":"https:\/\/junewax.com\/index.php?rest_route=%2Fwp%2Fv2%2Fproduct_cat&post=18116"},{"taxonomy":"product_tag","embeddable":true,"href":"https:\/\/junewax.com\/index.php?rest_route=%2Fwp%2Fv2%2Fproduct_tag&post=18116"}],"curies":[{"name":"wp","href":"https:\/\/api.w.org\/{rel}","templated":true}]}}